{"id":6923,"date":"2024-10-15T14:16:39","date_gmt":"2024-10-15T12:16:39","guid":{"rendered":"https:\/\/sklep.thepartners.pl\/?post_type=product&#038;p=6923"},"modified":"2024-10-15T14:32:48","modified_gmt":"2024-10-15T12:32:48","slug":"renowator-520-zakladni-sanacni-omitka-kopia","status":"publish","type":"product","link":"https:\/\/sklep.thepartners.pl\/cs\/produkt\/renowator-520-zakladni-sanacni-omitka-kopia\/","title":{"rendered":"RENOWATOR 200 \u2013 Malta pro vypl\u0148ov\u00e1n\u00ed d\u011br a dutin"},"content":{"rendered":"<p>Renov\u00e1tor 200 je specializovan\u00e1 malta ur\u010den\u00e1 k vypl\u0148ov\u00e1n\u00ed otvor\u016f a dutin ve zdech, kter\u00e9 proch\u00e1zej\u00ed renovac\u00ed, zejm\u00e9na p\u0159i vytv\u00e1\u0159en\u00ed sekund\u00e1rn\u00ed proti-vlhkostn\u00ed bari\u00e9ry s pou\u017eit\u00edm p\u0159\u00edpravk\u016f Renov\u00e1tor 100, Renov\u00e1tor 120 nebo Renov\u00e1tor 190. Po sm\u00edch\u00e1n\u00ed s vodou m\u00e1 vynikaj\u00edc\u00ed tekutost, co\u017e umo\u017e\u0148uje p\u0159esn\u00e9 vypl\u0148ov\u00e1n\u00ed dutin gravita\u010dn\u011b nebo tlakov\u011b. Lze pou\u017e\u00edt v interi\u00e9ru i exteri\u00e9ru. Renov\u00e1tor 200 je ide\u00e1ln\u00ed pro renovaci star\u00fdch staveb a zd\u00ed vystaven\u00fdch vlhkosti.<\/p>\n<p><strong>Pou\u017eit\u00ed:<\/strong><\/p>\n<ul>\n<li><strong>P\u0159\u00edprava podkladu<\/strong>: P\u0159ed vypln\u011bn\u00edm otvor\u016f d\u016fkladn\u011b o\u010dist\u011bte vyvrtan\u00e9 d\u00edry, nap\u0159. stla\u010den\u00fdm vzduchem. Podklad nesm\u00ed obsahovat s\u00e1dru.<\/li>\n<li><strong>Vypl\u0148ov\u00e1n\u00ed dutin<\/strong>: Obsah balen\u00ed pomalu p\u0159idejte do 7,2-7,6 l vody a m\u00edchejte mechanicky do dosa\u017een\u00ed homogenn\u00ed hmoty. Po 5 minut\u00e1ch znovu d\u016fkladn\u011b prom\u00edchejte.<\/li>\n<li><strong>Vypl\u0148ov\u00e1n\u00ed otvor\u016f<\/strong>: Obsah balen\u00ed p\u0159idejte do 5,0-5,5 l vody a m\u00edchejte mechanicky, dokud nevznikne tekut\u00e1 hmota. Po 5 minut\u00e1ch znovu d\u016fkladn\u011b prom\u00edchejte.<\/li>\n<li><strong>Aplikace<\/strong>: Renov\u00e1tor 200 se aplikuje p\u0159es vyvrtan\u00e9 otvory do zdiva gravita\u010dn\u011b nebo za pou\u017eit\u00ed p\u0159\u00edslu\u0161n\u00e9ho tlakov\u00e9 za\u0159\u00edzen\u00ed.<\/li>\n<li><strong>Zaschnut\u00ed a dal\u0161\u00ed o\u0161et\u0159en\u00ed:<\/strong> Po 16-24 hodin\u00e1ch znovu vyvrtejte zatopen\u00e9 otvory a vst\u0159\u00edkn\u011bte do nich injekt\u00e1\u017en\u00ed kapalinu RENOWATOR 100 Nezapome\u0148te pou\u017e\u00edt vrt\u00e1k stejn\u00e9ho nebo men\u0161\u00edho pr\u016fm\u011bru.<\/li>\n<\/ul>\n<p>Doba pou\u017eitelnosti malty po sm\u00edch\u00e1n\u00ed s vodou je p\u0159ibli\u017en\u011b 1 hodinu. Ztvrdlou maltu nelze znovu m\u00edchat ani \u0159edit, proto\u017ee ztr\u00e1c\u00ed sv\u00e9 u\u017eitn\u00e9 vlastnosti.<\/p>\n","protected":false},"excerpt":{"rendered":"<blockquote>\n<ul>\n<li><strong>Dobr\u00e1 tekutost<\/strong><\/li>\n<li><strong>Bez smr\u0161t\u011bn\u00ed<\/strong><\/li>\n<li><strong>Vysok\u00e1 kapil\u00e1rn\u00ed absorpce<\/strong><\/li>\n<li><strong>M\u00edch\u00e1n\u00ed s \u010distou vodou<\/strong><\/li>\n<li><strong>Snadn\u00e1 aplikace<\/strong><\/li>\n<li><strong>\u00da\u010dinn\u00e9 vypln\u011bn\u00ed dutin ve zdivu<\/strong><\/li>\n<\/ul>\n<\/blockquote>\n","protected":false},"featured_media":6925,"comment_status":"open","ping_status":"closed","template":"","meta":{"_acf_changed":false},"product_brand":[],"product_cat":[137,1138],"product_tag":[1141],"class_list":{"0":"post-6923","1":"product","2":"type-product","3":"status-publish","4":"has-post-thumbnail","6":"product_cat-stavebni-chemie","7":"product_cat-renovacni-system","8":"product_tag-renowator-sempre-cs","9":"product_shipping_class-osobna-paczka","10":"pa_bazowy-srodek-wiazacy-cement-cs","11":"pa_okres-przydatnosci-12-miesiecy-od-daty-produkcji-umieszczonej-na-opakowaniu-cs","12":"pa_producent-sempre-cs","13":"pa_zuzycie-14-kg-m2-cm","15":"first","16":"onbackorder","17":"taxable","18":"shipping-taxable","19":"purchasable","20":"product-type-simple"},"acf":[],"_links":{"self":[{"href":"https:\/\/sklep.thepartners.pl\/cs\/wp-json\/wp\/v2\/product\/6923","targetHints":{"allow":["GET"]}}],"collection":[{"href":"https:\/\/sklep.thepartners.pl\/cs\/wp-json\/wp\/v2\/product"}],"about":[{"href":"https:\/\/sklep.thepartners.pl\/cs\/wp-json\/wp\/v2\/types\/product"}],"replies":[{"embeddable":true,"href":"https:\/\/sklep.thepartners.pl\/cs\/wp-json\/wp\/v2\/comments?post=6923"}],"wp:featuredmedia":[{"embeddable":true,"href":"https:\/\/sklep.thepartners.pl\/cs\/wp-json\/wp\/v2\/media\/6925"}],"wp:attachment":[{"href":"https:\/\/sklep.thepartners.pl\/cs\/wp-json\/wp\/v2\/media?parent=6923"}],"wp:term":[{"taxonomy":"product_brand","embeddable":true,"href":"https:\/\/sklep.thepartners.pl\/cs\/wp-json\/wp\/v2\/product_brand?post=6923"},{"taxonomy":"product_cat","embeddable":true,"href":"https:\/\/sklep.thepartners.pl\/cs\/wp-json\/wp\/v2\/product_cat?post=6923"},{"taxonomy":"product_tag","embeddable":true,"href":"https:\/\/sklep.thepartners.pl\/cs\/wp-json\/wp\/v2\/product_tag?post=6923"}],"curies":[{"name":"wp","href":"https:\/\/api.w.org\/{rel}","templated":true}]}}