{"id":6939,"date":"2024-10-18T14:01:21","date_gmt":"2024-10-18T12:01:21","guid":{"rendered":"https:\/\/sklep.thepartners.pl\/produkt\/renowator-740-zaprawa-sztukatorska-drobnoziarnista\/"},"modified":"2024-10-18T14:05:34","modified_gmt":"2024-10-18T12:05:34","slug":"renowator-740-zaprawa-sztukatorska-drobnoziarnista","status":"publish","type":"product","link":"https:\/\/sklep.thepartners.pl\/cs\/produkt\/renowator-740-zaprawa-sztukatorska-drobnoziarnista\/","title":{"rendered":"RENOWATOR 740 &#8211; Jemnozrnn\u00e1 \u0161tukov\u00e1 malta"},"content":{"rendered":"<p>Jemnozrnn\u00e1 \u0161tukov\u00e1 malta &#8211; pro architektonick\u00e9 profily a \u0161tuky<\/p>\n<p>Jemnozrnn\u00e1 \u0161tukov\u00e1 malta ur\u010den\u00e1 pro zhotoven\u00ed a renovaci architektonick\u00fdch profil\u016f, jako jsou soklov\u00e9, okenn\u00ed a okenn\u00ed \u0159\u00edmsy, okenn\u00ed a dve\u0159n\u00ed \u010daloun\u011bn\u00ed, jako\u017e i pro v\u00fdrobu \u0161tukov\u00fdch prvk\u016f. Pou\u017e\u00edv\u00e1 se v technice ta\u017een\u00e9ho profilu a je ide\u00e1ln\u00ed pro vnit\u0159n\u00ed a vn\u011bj\u0161\u00ed pr\u00e1ce. V\u00fdrobek se doporu\u010duje zejm\u00e9na pro renovace historick\u00fdch budov. K dispozici v hydrofobizovan\u00e9 i nehydrofobizovan\u00e9 verzi. Malta je prvkem syst\u00e9mu SEMPER RENOWATOR.<\/p>\n<p>RENOVATOR 740:<\/p>\n<ul>\n<li>zaji\u0161\u0165uje trvanlivost vyroben\u00fdch prvk\u016f.<\/li>\n<li>usnad\u0148uje modelov\u00e1n\u00ed a dokon\u010dov\u00e1n\u00ed detail\u016f.<\/li>\n<li>umo\u017e\u0148uje p\u0159esn\u00e9 vytv\u00e1\u0159en\u00ed architektonick\u00fdch profil\u016f.<\/li>\n<li>p\u0159izp\u016fsoben\u00e9 r\u016fzn\u00fdm podm\u00ednk\u00e1m pou\u017eit\u00ed.<\/li>\n<li>minimalizuje riziko prasklin b\u011bhem tuhnut\u00ed.<\/li>\n<li>umo\u017e\u0148uje rychl\u00fd postup pr\u00e1ce.<\/li>\n<li>dokonale p\u0159ilne k r\u016fzn\u00fdm povrch\u016fm.<\/li>\n<li>umo\u017e\u0148uje st\u011bn\u00e1m d\u00fdchat, co\u017e je p\u0159i renovaci kl\u00ed\u010dov\u00e9.<\/li>\n<\/ul>\n","protected":false},"excerpt":{"rendered":"<blockquote><p><strong>Vysok\u00e1 odolnost<\/strong><\/p>\n<p><strong>Snadno zpracovateln\u00fd<\/strong><\/p>\n<p><strong>Snadn\u00e9 stahov\u00e1n\u00ed<\/strong><\/p>\n<p><strong>Dostupn\u00e9 v hydrofobizovan\u00e9 a nehydrofobizovan\u00e9 verzi<\/strong><\/p>\n<p><strong>N\u00edzk\u00e9 smr\u0161t\u011bn\u00ed<\/strong><\/p>\n<p><strong>Kr\u00e1tk\u00e1 doba tuhnut\u00ed<\/strong><\/p>\n<p><strong>Velmi dobr\u00e1 p\u0159ilnavost<\/strong><\/p>\n<p><strong>Dobr\u00e1 propustnost vodn\u00ed p\u00e1ry<\/strong><\/p>\n<p><strong>Pro pou\u017eit\u00ed uvnit\u0159 i vn\u011b budov<\/strong><\/p><\/blockquote>\n","protected":false},"featured_media":6938,"comment_status":"open","ping_status":"closed","template":"","meta":{"_acf_changed":false},"product_brand":[],"product_cat":[1138,137],"product_tag":[1146,490],"class_list":{"0":"post-6939","1":"product","2":"type-product","3":"status-publish","4":"has-post-thumbnail","6":"product_cat-renovacni-system","7":"product_cat-stavebni-chemie","8":"product_tag-renowator-cs","9":"product_tag-sempre-cs","10":"product_shipping_class-osobna-paczka","11":"pa_producent-sempre-cs","13":"first","14":"onbackorder","15":"taxable","16":"shipping-taxable","17":"purchasable","18":"product-type-simple"},"acf":[],"_links":{"self":[{"href":"https:\/\/sklep.thepartners.pl\/cs\/wp-json\/wp\/v2\/product\/6939","targetHints":{"allow":["GET"]}}],"collection":[{"href":"https:\/\/sklep.thepartners.pl\/cs\/wp-json\/wp\/v2\/product"}],"about":[{"href":"https:\/\/sklep.thepartners.pl\/cs\/wp-json\/wp\/v2\/types\/product"}],"replies":[{"embeddable":true,"href":"https:\/\/sklep.thepartners.pl\/cs\/wp-json\/wp\/v2\/comments?post=6939"}],"wp:featuredmedia":[{"embeddable":true,"href":"https:\/\/sklep.thepartners.pl\/cs\/wp-json\/wp\/v2\/media\/6938"}],"wp:attachment":[{"href":"https:\/\/sklep.thepartners.pl\/cs\/wp-json\/wp\/v2\/media?parent=6939"}],"wp:term":[{"taxonomy":"product_brand","embeddable":true,"href":"https:\/\/sklep.thepartners.pl\/cs\/wp-json\/wp\/v2\/product_brand?post=6939"},{"taxonomy":"product_cat","embeddable":true,"href":"https:\/\/sklep.thepartners.pl\/cs\/wp-json\/wp\/v2\/product_cat?post=6939"},{"taxonomy":"product_tag","embeddable":true,"href":"https:\/\/sklep.thepartners.pl\/cs\/wp-json\/wp\/v2\/product_tag?post=6939"}],"curies":[{"name":"wp","href":"https:\/\/api.w.org\/{rel}","templated":true}]}}