{"id":6953,"date":"2024-10-21T10:26:48","date_gmt":"2024-10-21T08:26:48","guid":{"rendered":"https:\/\/sklep.thepartners.pl\/produkt\/gotowa-gladz-szpachlowa-raptor-25kg\/"},"modified":"2024-10-21T10:38:03","modified_gmt":"2024-10-21T08:38:03","slug":"gotowa-gladz-szpachlowa-raptor-25kg","status":"publish","type":"product","link":"https:\/\/sklep.thepartners.pl\/cs\/produkt\/gotowa-gladz-szpachlowa-raptor-25kg\/","title":{"rendered":"P\u0159ipraven\u00e1 \u0161tukov\u00e1 st\u011brka Raptor 25kg"},"content":{"rendered":"<p>P\u0159ipraven\u00e1 \u0161tukov\u00e1 st\u011brka Raptor je vysoce kvalitn\u00ed produkt ur\u010den\u00fd pro rekonstruk\u010dn\u00ed, dokon\u010dovac\u00ed a dekorativn\u00ed pr\u00e1ce uvnit\u0159 budov. Je ide\u00e1ln\u00ed pro dosa\u017een\u00ed dokonale hladk\u00fdch povrch\u016f p\u0159ed malov\u00e1n\u00edm a pro snadn\u00e9 vypln\u011bn\u00ed mal\u00fdch prasklin a vad om\u00edtek. St\u011brku Raptor lze pou\u017e\u00edt na r\u016fzn\u00fdch podkladech, jako jsou beton, cementov\u00e9 nebo cementov\u011b-v\u00e1penn\u00e9 om\u00edtky.<\/p>\n<p><strong>Vlastnosti:<\/strong><\/p>\n<ul>\n<li><strong>P\u0159ipraven\u00e1 k pou\u017eit\u00ed<\/strong> \u2013 \u0161et\u0159\u00ed \u010das, nen\u00ed pot\u0159eba \u017e\u00e1dn\u00e1 dal\u0161\u00ed p\u0159\u00edprava.<\/li>\n<li><strong>Vysok\u00e1 pru\u017enost<\/strong> \u2013 zaji\u0161\u0165uje dokonal\u00fd povrch i na obt\u00ed\u017en\u00fdch podkladech.<\/li>\n<li><strong>Tixotropn\u00ed efekt<\/strong> \u2013 snadn\u00e1 aplikace, viskozita se sni\u017euje b\u011bhem nan\u00e1\u0161en\u00ed a zvy\u0161uje po dokon\u010den\u00ed pr\u00e1ce.<\/li>\n<li><strong>Snadn\u00e1 aplikace<\/strong> \u2013 lze aplikovat ru\u010dn\u011b, v\u00e1le\u010dkem nebo pomoc\u00ed st\u0159\u00edkac\u00edho za\u0159\u00edzen\u00ed.<\/li>\n<li><strong>Ide\u00e1ln\u00ed pro hydrodynamick\u00e9 za\u0159\u00edzen\u00ed<\/strong> \u2013 optim\u00e1ln\u00ed pro strojn\u00ed aplikaci.<\/li>\n<li><strong>Pro pou\u017eit\u00ed uvnit\u0159<\/strong> \u2013 ide\u00e1ln\u00ed pro st\u011bny a stropy v interi\u00e9rech.<\/li>\n<\/ul>\n<div class=\"flex-shrink-0 flex flex-col relative items-end\">\n<div>\n<div class=\"pt-0\">\n<div class=\"gizmo-bot-avatar flex h-8 w-8 items-center justify-center overflow-hidden rounded-full\">\n<div class=\"relative p-1 rounded-sm flex items-center justify-center bg-token-main-surface-primary text-token-text-primary h-8 w-8\"><strong>P\u0159\u00edprava podkladu:<\/strong><\/div>\n<\/div>\n<\/div>\n<\/div>\n<\/div>\n<div class=\"group\/conversation-turn relative flex w-full min-w-0 flex-col agent-turn\">\n<div class=\"flex-col gap-1 md:gap-3\">\n<div class=\"flex max-w-full flex-col flex-grow\">\n<div class=\"min-h-8 text-message flex w-full flex-col items-end gap-2 whitespace-normal break-words [.text-message+&amp;]:mt-5\" dir=\"auto\" data-message-author-role=\"assistant\" data-message-id=\"3f57fa05-f00e-463a-86dd-27bc3f0304f6\" data-message-model-slug=\"gpt-4o\">\n<div class=\"flex w-full flex-col gap-1 empty:hidden first:pt-[3px]\">\n<div class=\"markdown prose w-full break-words dark:prose-invert light\">\n<ul>\n<li>Podklad mus\u00ed b\u00fdt such\u00fd, nosn\u00fd, stabiln\u00ed a d\u016fkladn\u011b o\u010di\u0161t\u011bn\u00fd od prachu, zbytk\u016f barev a jin\u00fdch ne\u010distot.<\/li>\n<li>Pot\u0159eba penetrace z\u00e1vis\u00ed na druhu, kvalit\u011b a savosti podkladu.<\/li>\n<li>Kovov\u00e9 prvky, kter\u00e9 p\u0159ich\u00e1zej\u00ed do styku s om\u00edtkou, je nutn\u00e9 chr\u00e1nit proti korozi.<\/li>\n<\/ul>\n<p><strong>P\u0159\u00edprava produktu a zp\u016fsob pou\u017eit\u00ed:<\/strong><\/p>\n<ul>\n<li><strong>P\u0159ipraven\u00e1 \u0160tukov\u00e1 St\u011brka Raptor<\/strong> je tov\u00e1rn\u011b p\u0159ipraven\u00e1 k ru\u010dn\u00ed aplikaci pomoc\u00ed nerezov\u00e9 hlad\u00edtky.<\/li>\n<li>P\u0159i pou\u017eit\u00ed st\u0159\u00edkac\u00edho za\u0159\u00edzen\u00ed nebo v\u00e1le\u010dku je nutn\u00e9 sm\u011bs p\u0159ed pou\u017eit\u00edm d\u016fkladn\u011b prom\u00edchat, bez nutnosti \u0159ed\u011bn\u00ed (povoluje se p\u0159id\u00e1n\u00ed do 2 % vody).<\/li>\n<li>Pr\u00e1ce prov\u00e1d\u011bjte p\u0159i teplot\u011b podkladu a okol\u00ed nad +10\u00b0C a relativn\u00ed vlhkosti vzduchu do 70 %.<\/li>\n<li>Na p\u0159ipraven\u00fd podklad naneste jednu vrstvu o tlou\u0161\u0165ce 1\u20133 mm.<\/li>\n<li>V p\u0159\u00edpad\u011b v\u011bt\u0161\u00edch nerovnost\u00ed naneste dal\u0161\u00ed vrstvu po zaschnut\u00ed p\u0159edchoz\u00ed.<\/li>\n<li>Je mo\u017en\u00e9 nan\u00e1\u0161et druhou vrstvu metodou \u201emokr\u00e9 do mokr\u00e9ho\u201c, po \u010d\u00e1ste\u010dn\u00e9m zaschnut\u00ed prvn\u00ed vrstvy (p\u0159ibli\u017en\u011b po 2 hodin\u00e1ch, kdy sm\u011bs nep\u0159ilne k prst\u016fm).<\/li>\n<li>Proces su\u0161en\u00ed se prodlu\u017euje p\u0159i tlust\u0161\u00edch vrstv\u00e1ch, ni\u017e\u0161\u00ed teplot\u011b a vy\u0161\u0161\u00ed vlhkosti.<\/li>\n<\/ul>\n<p><strong>\u00daprava povrchu:<\/strong><\/p>\n<ul>\n<li>Such\u00e9 povrchy je t\u0159eba obrousit smirkov\u00fdm pap\u00edrem nebo s\u00ed\u0165kou, opr\u00e1\u0161it, penetrovat a nat\u0159\u00edt.<\/li>\n<li>St\u011brku lze zpracovat metodou hlazen\u00ed na mokro: \u010d\u00e1ste\u010dn\u011b zaschl\u00fd povrch post\u0159\u00edk\u00e1me vodou a pot\u00e9 vyhlad\u00edme pomoc\u00ed houby s jemn\u00fdmi p\u00f3ry a hlad\u00edtkem.<\/li>\n<li>Malov\u00e1n\u00ed lze zah\u00e1jit a\u017e po \u00fapln\u00e9m vyschnut\u00ed st\u011brky.<\/li>\n<\/ul>\n<p><strong>D\u016fle\u017eit\u00e9:<\/strong><\/p>\n<ul>\n<li>Pokud se v balen\u00ed objev\u00ed tekutina na povrchu sm\u011bsi, je nutn\u00e9 sm\u011bs prom\u00edchat. Po prom\u00edch\u00e1n\u00ed je t\u0159eba po\u010dkat 10\u201314 hodin, aby sm\u011bs z\u00edskala p\u016fvodn\u00ed konzistenci pro ru\u010dn\u00ed aplikaci.<\/li>\n<\/ul>\n<p><strong>Vydatnost:<\/strong><\/p>\n<ul>\n<li>Pr\u016fm\u011brn\u00e1 spot\u0159eba je p\u0159ibli\u017en\u011b 1 kg na 1 m\u00b2 pro ka\u017edou 1 mm tlou\u0161\u0165ky vrstvy, v z\u00e1vislosti na rovnosti podkladu.<\/li>\n<\/ul>\n<\/div>\n<\/div>\n<\/div>\n<\/div>\n<\/div>\n<\/div>\n","protected":false},"excerpt":{"rendered":"<blockquote><p><strong>P\u0159ipraveno k pou\u017eit\u00ed<\/strong><\/p>\n<p><strong>Perfektn\u00ed na sprchov\u00e1n\u00ed<\/strong><\/p>\n<p><strong>Snadno se nan\u00e1\u0161\u00ed a brous\u00ed<\/strong><\/p>\n<p><strong>Mo\u017enost pou\u017eit\u00ed: &#8222;mokr\u00e9 na mokr\u00e9&#8220;<\/strong><\/p>\n<p><strong>Aplikace v\u00e1le\u010dkem<\/strong><\/p>\n<p><strong>Bezpra\u0161n\u00fd<\/strong><\/p><\/blockquote>\n","protected":false},"featured_media":6951,"comment_status":"open","ping_status":"closed","template":"","meta":{"_acf_changed":false},"product_brand":[],"product_cat":[970,950,156,946],"product_tag":[1157,1155,1156],"class_list":{"0":"post-6953","1":"product","2":"type-product","3":"status-publish","4":"has-post-thumbnail","6":"product_cat-sadra","7":"product_cat-sadrokartonove-tmely","8":"product_cat-stavebni-materialy","9":"product_cat-sucha-vystavba","10":"product_tag-franspol-cs","11":"product_tag-gladz-cs","12":"product_tag-raptor-cs","13":"pa_producent-franspol-cs","14":"pa_zuzycie-v-zavislosti-na-tloustce-vrstvy-a-rovinnosti-podkladu-se-spotrebuje-v-prumeru-cca-1-kg-1-m-kazda-1mm-vrstva","16":"first","17":"instock","18":"taxable","19":"shipping-taxable","20":"purchasable","21":"product-type-simple"},"acf":[],"_links":{"self":[{"href":"https:\/\/sklep.thepartners.pl\/cs\/wp-json\/wp\/v2\/product\/6953","targetHints":{"allow":["GET"]}}],"collection":[{"href":"https:\/\/sklep.thepartners.pl\/cs\/wp-json\/wp\/v2\/product"}],"about":[{"href":"https:\/\/sklep.thepartners.pl\/cs\/wp-json\/wp\/v2\/types\/product"}],"replies":[{"embeddable":true,"href":"https:\/\/sklep.thepartners.pl\/cs\/wp-json\/wp\/v2\/comments?post=6953"}],"wp:featuredmedia":[{"embeddable":true,"href":"https:\/\/sklep.thepartners.pl\/cs\/wp-json\/wp\/v2\/media\/6951"}],"wp:attachment":[{"href":"https:\/\/sklep.thepartners.pl\/cs\/wp-json\/wp\/v2\/media?parent=6953"}],"wp:term":[{"taxonomy":"product_brand","embeddable":true,"href":"https:\/\/sklep.thepartners.pl\/cs\/wp-json\/wp\/v2\/product_brand?post=6953"},{"taxonomy":"product_cat","embeddable":true,"href":"https:\/\/sklep.thepartners.pl\/cs\/wp-json\/wp\/v2\/product_cat?post=6953"},{"taxonomy":"product_tag","embeddable":true,"href":"https:\/\/sklep.thepartners.pl\/cs\/wp-json\/wp\/v2\/product_tag?post=6953"}],"curies":[{"name":"wp","href":"https:\/\/api.w.org\/{rel}","templated":true}]}}