{"id":6959,"date":"2024-10-21T11:37:29","date_gmt":"2024-10-21T09:37:29","guid":{"rendered":"https:\/\/sklep.thepartners.pl\/produkt\/gladz-szpachlowa-extra-gs-2-20kg\/"},"modified":"2024-10-21T11:47:37","modified_gmt":"2024-10-21T09:47:37","slug":"gladz-szpachlowa-extra-gs-2-20kg","status":"publish","type":"product","link":"https:\/\/sklep.thepartners.pl\/cs\/produkt\/gladz-szpachlowa-extra-gs-2-20kg\/","title":{"rendered":"St\u011brkov\u00e1 hmota Extra GS-2"},"content":{"rendered":"<p><strong>St\u011brkov\u00e1 hmota Extra GS-2<\/strong> je vysoce kvalitn\u00ed, pomalu tuhnouc\u00ed materi\u00e1l ur\u010den\u00fd pro rekonstruk\u010dn\u00ed, dokon\u010dovac\u00ed a dekorativn\u00ed pr\u00e1ce ve stavebnictv\u00ed. Je ide\u00e1ln\u00ed pro dosa\u017een\u00ed dokonale hladk\u00fdch povrch\u016f st\u011bn a strop\u016f p\u0159ed malov\u00e1n\u00edm a tak\u00e9 pro kone\u010dn\u00e9 vyhlazen\u00ed spoj\u016f s\u00e1drokartonov\u00fdch desek. Produkt nen\u00ed vhodn\u00fd pro d\u0159ev\u011bn\u00e9, kovov\u00e9 ani plastov\u00e9 povrchy.<br \/>\nJe kompatibiln\u00ed s r\u016fzn\u00fdmi metodami aplikace: ru\u010dn\u00edm nan\u00e1\u0161en\u00edm (hlad\u00edtkem, v\u00e1le\u010dkem) a st\u0159\u00edk\u00e1n\u00edm pomoc\u00ed hydrodynamick\u00e9ho agreg\u00e1tu.<\/p>\n<h3>Pou\u017eit\u00ed:<\/h3>\n<ul>\n<li>Ide\u00e1ln\u00ed pro vyhlazen\u00ed st\u011bn a strop\u016f p\u0159ed malov\u00e1n\u00edm<\/li>\n<li>M\u016f\u017ee b\u00fdt pou\u017eit pro kone\u010dn\u00e9 vyhlazen\u00ed spoj\u016f s\u00e1drokartonov\u00fdch desek<\/li>\n<li>Vhodn\u00fd pro ru\u010dn\u00ed i st\u0159\u00edkanou aplikaci<\/li>\n<li>Pou\u017eit\u00ed v r\u00e1mci kvality povrchov\u00e9 \u00fapravy Q2, Q3 a Q4<\/li>\n<\/ul>\n<h3>Vlastnosti produktu:<\/h3>\n<ul>\n<li><strong>T\u0159\u00edvrstv\u00e1 such\u00e1 sm\u011bs<\/strong> z pe\u010dliv\u011b vybran\u00fdch p\u0159\u00edrodn\u00edch surovin, plniv a modifika\u010dn\u00edch p\u0159\u00edsad<\/li>\n<li><strong>Snadn\u00e1 aplikace<\/strong> \u2013 po sm\u00edch\u00e1n\u00ed s vodou vytv\u00e1\u0159\u00ed plastickou, snadno aplikovatelnou hmotu<\/li>\n<li><strong>Bez smr\u0161\u0165ov\u00e1n\u00ed<\/strong> p\u0159i tuhnut\u00ed<\/li>\n<li><strong>Snadn\u00e9 brou\u0161en\u00ed<\/strong> po zaschnut\u00ed<\/li>\n<li><strong>Vysok\u00e1 b\u011blost<\/strong>, kter\u00e1 sni\u017euje spot\u0159ebu barvy p\u0159i malov\u00e1n\u00ed<\/li>\n<li><strong>Zv\u00fd\u0161en\u00e1 mechanick\u00e1 odolnost<\/strong> d\u00edky dodate\u010dn\u00e9mu vyztu\u017een\u00ed<\/li>\n<\/ul>\n<h3>N\u00e1vod k pou\u017eit\u00ed:<\/h3>\n<ol>\n<li><strong>P\u0159\u00edprava podkladu<\/strong>: Povrch mus\u00ed b\u00fdt such\u00fd, \u010dist\u00fd, nosn\u00fd a zbaven\u00fd prachu a zbytk\u016f n\u00e1t\u011br\u016f. V z\u00e1vislosti na typu podkladu m\u016f\u017ee b\u00fdt nutn\u00e9 pou\u017e\u00edt penetraci. Ocelov\u00e9 prvky mus\u00ed b\u00fdt chr\u00e1n\u011bny proti korozi.<\/li>\n<li><strong>P\u0159\u00edprava hmoty<\/strong>: K p\u0159\u00edprav\u011b sm\u011bsi pou\u017e\u00edvejte \u010dist\u00e9, nekoroduj\u00edc\u00ed n\u00e1stroje. Produkt vsypte do odm\u011b\u0159en\u00e9ho mno\u017estv\u00ed vody (hlad\u00edtkem: 0,37 l vody\/1 kg pr\u00e1\u0161ku, v\u00e1le\u010dkem\/agreg\u00e1tem: 0,40 l vody\/1 kg pr\u00e1\u0161ku) a d\u016fkladn\u011b prom\u00edchejte. Po 15 minut\u00e1ch znovu prom\u00edchejte.<\/li>\n<li><strong>Aplikace<\/strong>: Hmotu nan\u00e1\u0161ejte ru\u010dn\u011b nebo st\u0159\u00edk\u00e1n\u00edm pomoc\u00ed agreg\u00e1tu, vyhn\u011bte se p\u0159\u00edm\u00e9mu slune\u010dn\u00edmu z\u00e1\u0159en\u00ed a pr\u016fvanu. Udr\u017eujte teplotu mezi +5 \u00b0C a +25 \u00b0C.<\/li>\n<li><strong>Doba pr\u00e1ce<\/strong>: P\u0159ipravenou hmotu spot\u0159ebujte do 80 minut od sm\u00edch\u00e1n\u00ed.<\/li>\n<\/ol>\n<p>St\u011brkov\u00e1 hmota <strong>Extra GS-2<\/strong> je ide\u00e1ln\u00ed volbou pro dosa\u017een\u00ed dokonale hladk\u00fdch povrch\u016f, co\u017e zvy\u0161uje efektivitu dokon\u010dovac\u00edch prac\u00ed.<\/p>\n","protected":false},"excerpt":{"rendered":"<blockquote><p><strong>Tlou\u0161\u0165ka vrstvy: 1-3mm<\/strong><\/p>\n<p><strong>Po\u010det vrstev: 1-2<\/strong><\/p>\n<p><strong>Zp\u016fsob aplikace: hlad\u00edtkem, v\u00e1le\u010dkem, st\u0159\u00edk\u00e1n\u00edm<\/strong><\/p>\n<p><strong>Doba pou\u017eit\u00ed: 80 min<\/strong><\/p>\n<p><strong>Spot\u0159eba: 1 kg \/ 1 m2 p\u0159i tlou\u0161\u0165ce 1 mm<\/strong><\/p><\/blockquote>\n","protected":false},"featured_media":6958,"comment_status":"open","ping_status":"closed","template":"","meta":{"_acf_changed":false},"product_brand":[],"product_cat":[156,946,950,970],"product_tag":[1157,1155],"class_list":{"0":"post-6959","1":"product","2":"type-product","3":"status-publish","4":"has-post-thumbnail","6":"product_cat-stavebni-materialy","7":"product_cat-sucha-vystavba","8":"product_cat-sadrokartonove-tmely","9":"product_cat-sadra","10":"product_tag-franspol-cs","11":"product_tag-gladz-cs","12":"pa_producent-franspol-cs","13":"pa_temperatura-stosowania-od-5oc-do-25oc-cs","14":"pa_zuzycie-v-zavislosti-na-tloustce-vrstvy-a-rovinnosti-podkladu-se-spotrebuje-v-prumeru-cca-1-kg-1-m-kazda-1mm-vrstva","16":"first","17":"instock","18":"taxable","19":"shipping-taxable","20":"purchasable","21":"product-type-simple"},"acf":[],"_links":{"self":[{"href":"https:\/\/sklep.thepartners.pl\/cs\/wp-json\/wp\/v2\/product\/6959","targetHints":{"allow":["GET"]}}],"collection":[{"href":"https:\/\/sklep.thepartners.pl\/cs\/wp-json\/wp\/v2\/product"}],"about":[{"href":"https:\/\/sklep.thepartners.pl\/cs\/wp-json\/wp\/v2\/types\/product"}],"replies":[{"embeddable":true,"href":"https:\/\/sklep.thepartners.pl\/cs\/wp-json\/wp\/v2\/comments?post=6959"}],"wp:featuredmedia":[{"embeddable":true,"href":"https:\/\/sklep.thepartners.pl\/cs\/wp-json\/wp\/v2\/media\/6958"}],"wp:attachment":[{"href":"https:\/\/sklep.thepartners.pl\/cs\/wp-json\/wp\/v2\/media?parent=6959"}],"wp:term":[{"taxonomy":"product_brand","embeddable":true,"href":"https:\/\/sklep.thepartners.pl\/cs\/wp-json\/wp\/v2\/product_brand?post=6959"},{"taxonomy":"product_cat","embeddable":true,"href":"https:\/\/sklep.thepartners.pl\/cs\/wp-json\/wp\/v2\/product_cat?post=6959"},{"taxonomy":"product_tag","embeddable":true,"href":"https:\/\/sklep.thepartners.pl\/cs\/wp-json\/wp\/v2\/product_tag?post=6959"}],"curies":[{"name":"wp","href":"https:\/\/api.w.org\/{rel}","templated":true}]}}