{"id":6965,"date":"2024-10-21T12:31:57","date_gmt":"2024-10-21T10:31:57","guid":{"rendered":"https:\/\/sklep.thepartners.pl\/produkt\/gips-szpachlowy-extra-gs-5\/"},"modified":"2024-10-21T12:38:00","modified_gmt":"2024-10-21T10:38:00","slug":"gips-szpachlowy-extra-gs-5","status":"publish","type":"product","link":"https:\/\/sklep.thepartners.pl\/cs\/produkt\/gips-szpachlowy-extra-gs-5\/","title":{"rendered":"S\u00e1drov\u00fd tmel Extra GS-5 20kg"},"content":{"rendered":"<div class=\"flex max-w-full flex-col flex-grow\">\n<div class=\"min-h-8 text-message flex w-full flex-col items-end gap-2 whitespace-normal break-words [.text-message+&amp;]:mt-5\" dir=\"auto\" data-message-author-role=\"assistant\" data-message-id=\"1c82e872-e513-4bd5-8068-fc3eb2e05730\" data-message-model-slug=\"gpt-4o\">\n<div class=\"flex w-full flex-col gap-1 empty:hidden first:pt-[3px]\">\n<div class=\"markdown prose w-full break-words dark:prose-invert light\">\n<p><strong>S\u00e1drov\u00fd tmel Extra GS-5<\/strong> je vysoce kvalitn\u00ed, pomalu tuhnouc\u00ed materi\u00e1l ur\u010den\u00fd pro rekonstruk\u010dn\u00ed, dokon\u010dovac\u00ed a dekorativn\u00ed pr\u00e1ce. Je ide\u00e1ln\u00ed pro dosa\u017een\u00ed dokonale hladk\u00fdch povrch\u016f st\u011bn a strop\u016f p\u0159ed malov\u00e1n\u00edm a pro vypl\u0148ov\u00e1n\u00ed trhlin, dr\u00e1\u017eek a nerovnost\u00ed om\u00edtek. Skv\u011ble se hod\u00ed pro st\u011brkov\u00e1n\u00ed betonov\u00fdch povrch\u016f, cementov\u00fdch a v\u00e1penocementov\u00fdch om\u00edtek uvnit\u0159 budov a tak\u00e9 jako kone\u010dn\u00e1 vrstva na spojen\u00edch s\u00e1drokartonov\u00fdch desek. Spl\u0148uje po\u017eadavky na kvalitu povrchu Q2 a Q3. Produkt nen\u00ed vhodn\u00fd pro d\u0159ev\u011bn\u00e9, kovov\u00e9 ani plastov\u00e9 podklady. Lze jej nan\u00e1\u0161et ru\u010dn\u011b nebo pomoc\u00ed st\u0159\u00edkac\u00edho agreg\u00e1tu.<\/p>\n<p><strong>Pou\u017eit\u00ed:<\/strong><\/p>\n<ul>\n<li>Ide\u00e1ln\u00ed pro vyhlazen\u00ed st\u011bn a strop\u016f p\u0159ed malov\u00e1n\u00edm<\/li>\n<li>Kone\u010dn\u00e9 vypl\u0148ov\u00e1n\u00ed trhlin, dr\u00e1\u017eek a nerovnost\u00ed<\/li>\n<li>St\u011brkov\u00e1n\u00ed betonov\u00fdch povrch\u016f a v\u00e1penocementov\u00fdch om\u00edtek<\/li>\n<li>Pou\u017eit\u00ed na spojen\u00edch s\u00e1drokartonov\u00fdch desek jako fin\u00e1ln\u00ed vrstva<\/li>\n<\/ul>\n<p><strong>Vlastnosti produktu:<\/strong><\/p>\n<ul>\n<li><strong>Such\u00e1 sm\u011bs<\/strong> na b\u00e1zi pe\u010dliv\u011b vybran\u00fdch p\u0159\u00edrodn\u00edch slo\u017eek a miner\u00e1ln\u00edch plniv<\/li>\n<li><strong>Vynikaj\u00edc\u00ed p\u0159ilnavost<\/strong> k podkladu a snadn\u00e1 aplikace<\/li>\n<li><strong>Snadn\u00e9 brou\u0161en\u00ed<\/strong> po zaschnut\u00ed, vytv\u00e1\u0159\u00ed dokonal\u00fd povrch pro malov\u00e1n\u00ed nebo tapetov\u00e1n\u00ed<\/li>\n<li><strong>Vhodn\u00fd pro vnit\u0159n\u00ed dokon\u010dovac\u00ed pr\u00e1ce<\/strong><\/li>\n<\/ul>\n<p><strong>N\u00e1vod k pou\u017eit\u00ed:<\/strong><\/p>\n<ol>\n<li><strong>P\u0159\u00edprava podkladu<\/strong>: Podklad mus\u00ed b\u00fdt such\u00fd, stabiln\u00ed a \u010dist\u00fd. V z\u00e1vislosti na podkladu m\u016f\u017ee b\u00fdt nutn\u00e9 pou\u017eit\u00ed penetrace. Kovov\u00e9 prvky mus\u00ed b\u00fdt chr\u00e1n\u011bny proti korozi.<\/li>\n<li><strong>P\u0159\u00edprava sm\u011bsi<\/strong>: Sm\u011bs nasypte do vody (p\u0159ibli\u017en\u011b 0,38 l vody na 1 kg pr\u00e1\u0161ku) a d\u016fkladn\u011b prom\u00edchejte do z\u00edsk\u00e1n\u00ed jednotn\u00e9 hmoty. Po 5 minut\u00e1ch znovu prom\u00edchejte. Nespot\u0159ebovanou sm\u011bs nelze znovu m\u00edchat, je t\u0159eba ji vyhodit.<\/li>\n<li><strong>Aplikace<\/strong>: Sm\u011bs nan\u00e1\u0161ejte rovnom\u011brn\u011b pomoc\u00ed nerezov\u00e9ho hlad\u00edtka, pevn\u011b p\u0159itla\u010dte k podkladu. Nedokonalosti upravte tenkou vrstvou tmelu a p\u0159ebruste.<\/li>\n<li><strong>Podm\u00ednky aplikace<\/strong>: Vyhn\u011bte se p\u0159\u00edm\u00e9mu slune\u010dn\u00edmu z\u00e1\u0159en\u00ed a pr\u016fvanu. Zajist\u011bte dostate\u010dn\u00e9 v\u011btr\u00e1n\u00ed b\u011bhem schnut\u00ed.<\/li>\n<li><strong>Povrchov\u00e1 \u00faprava<\/strong>: Po zaschnut\u00ed lze povrch brousit, tapetovat a nat\u00edrat jak\u00fdmikoliv typy barev.<\/li>\n<\/ol>\n<p>Doba tuhnut\u00ed a spot\u0159eba:<\/p>\n<ul>\n<li>Doba zpracov\u00e1n\u00ed p\u0159ipraven\u00e9 hmoty je a\u017e 1 hodina, \u00fapln\u00e9 vytvrzen\u00ed nast\u00e1v\u00e1 za 24-48 hodin v z\u00e1vislosti na tlou\u0161\u0165ce vrstvy a podm\u00ednk\u00e1ch prost\u0159ed\u00ed.<\/li>\n<li>Pr\u016fm\u011brn\u00e1 spot\u0159eba: 1,0 kg na 1 m\u00b2 p\u0159i standardn\u00ed tlou\u0161\u0165ce vrstvy.<\/li>\n<\/ul>\n<\/div>\n<\/div>\n<\/div>\n<\/div>\n<div class=\"mb-2 flex gap-3 empty:hidden -ml-2\"><\/div>\n","protected":false},"excerpt":{"rendered":"<blockquote><p><strong>Tlou\u0161\u0165ka vrstvy: 1-3mm<\/strong><\/p>\n<p><strong>Po\u010det vrstev: 1-2<\/strong><\/p>\n<p><strong>Zp\u016fsob aplikace: Ru\u010dn\u011b, Stroj<\/strong><\/p>\n<p><strong>Doba no\u0161en\u00ed: 1 hodina<\/strong><\/p>\n<p><strong>Spot\u0159eba: 1 kg \/ 1 m2 p\u0159i tlou\u0161\u0165ce 1 mm<\/strong><\/p><\/blockquote>\n","protected":false},"featured_media":6964,"comment_status":"open","ping_status":"closed","template":"","meta":{"_acf_changed":false},"product_brand":[],"product_cat":[950,156,946],"product_tag":[1157,1163],"class_list":{"0":"post-6965","1":"product","2":"type-product","3":"status-publish","4":"has-post-thumbnail","6":"product_cat-sadrokartonove-tmely","7":"product_cat-stavebni-materialy","8":"product_cat-sucha-vystavba","9":"product_tag-franspol-cs","10":"product_tag-gips-szpachlowy-cs","11":"pa_okres-przydatnosci-9-mesicu-od-data-vyroby-uvedeneho-na-obalu","12":"pa_producent-franspol-cs","13":"pa_zuzycie-v-zavislosti-na-tloustce-vrstvy-a-rovinnosti-podkladu-se-spotrebuje-v-prumeru-cca-1-kg-1-m-kazda-1mm-vrstva","15":"first","16":"instock","17":"taxable","18":"shipping-taxable","19":"purchasable","20":"product-type-simple"},"acf":[],"_links":{"self":[{"href":"https:\/\/sklep.thepartners.pl\/cs\/wp-json\/wp\/v2\/product\/6965","targetHints":{"allow":["GET"]}}],"collection":[{"href":"https:\/\/sklep.thepartners.pl\/cs\/wp-json\/wp\/v2\/product"}],"about":[{"href":"https:\/\/sklep.thepartners.pl\/cs\/wp-json\/wp\/v2\/types\/product"}],"replies":[{"embeddable":true,"href":"https:\/\/sklep.thepartners.pl\/cs\/wp-json\/wp\/v2\/comments?post=6965"}],"wp:featuredmedia":[{"embeddable":true,"href":"https:\/\/sklep.thepartners.pl\/cs\/wp-json\/wp\/v2\/media\/6964"}],"wp:attachment":[{"href":"https:\/\/sklep.thepartners.pl\/cs\/wp-json\/wp\/v2\/media?parent=6965"}],"wp:term":[{"taxonomy":"product_brand","embeddable":true,"href":"https:\/\/sklep.thepartners.pl\/cs\/wp-json\/wp\/v2\/product_brand?post=6965"},{"taxonomy":"product_cat","embeddable":true,"href":"https:\/\/sklep.thepartners.pl\/cs\/wp-json\/wp\/v2\/product_cat?post=6965"},{"taxonomy":"product_tag","embeddable":true,"href":"https:\/\/sklep.thepartners.pl\/cs\/wp-json\/wp\/v2\/product_tag?post=6965"}],"curies":[{"name":"wp","href":"https:\/\/api.w.org\/{rel}","templated":true}]}}