{"id":6992,"date":"2024-10-21T14:26:22","date_gmt":"2024-10-21T12:26:22","guid":{"rendered":"https:\/\/sklep.thepartners.pl\/?post_type=product&#038;p=6992"},"modified":"2024-10-22T14:54:33","modified_gmt":"2024-10-22T12:54:33","slug":"worki-na-smieci-maxi-pack-240l-5862","status":"publish","type":"product","link":"https:\/\/sklep.thepartners.pl\/cs\/produkt\/worki-na-smieci-maxi-pack-240l-5862\/","title":{"rendered":"Pytle na odpadky MAXI PACK 240L (5862)"},"content":{"rendered":"<p><strong>Pytle na odpad s objemem 240 litr\u016f<\/strong> jsou perfektn\u00edm \u0159e\u0161en\u00edm pro nakl\u00e1d\u00e1n\u00ed s odpady doma, v kancel\u00e1\u0159i, na zahrad\u011b nebo na stavb\u011b. D\u00edky sv\u00e9 mimo\u0159\u00e1dn\u00e9 odolnosti jsou tyto ta\u0161ky vhodn\u00e9 pro ka\u017edodenn\u00ed pou\u017eit\u00ed i do n\u00e1ro\u010dn\u011bj\u0161\u00edch podm\u00ednek, kde je d\u016fle\u017eit\u00e1 spolehlivost a kapacita.<\/p>\n","protected":false},"excerpt":{"rendered":"<p><strong>Pytle na odpad o objemu 240 litr\u016f.<\/strong><\/p>\n<p><strong>Siln\u00fd a prostorn\u00fd. 10 ks.<\/strong><\/p>\n","protected":false},"featured_media":6996,"comment_status":"open","ping_status":"closed","template":"","meta":{"_acf_changed":false},"product_brand":[],"product_cat":[1030],"product_tag":[1169],"class_list":{"0":"post-6992","1":"product","2":"type-product","3":"status-publish","4":"has-post-thumbnail","6":"product_cat-ostatni","7":"product_tag-worki-na-smieci-cs","8":"product_shipping_class-kurier-cs","9":"pa_pojemnosc-240l-cs","11":"first","12":"instock","13":"taxable","14":"shipping-taxable","15":"purchasable","16":"product-type-simple"},"acf":[],"_links":{"self":[{"href":"https:\/\/sklep.thepartners.pl\/cs\/wp-json\/wp\/v2\/product\/6992","targetHints":{"allow":["GET"]}}],"collection":[{"href":"https:\/\/sklep.thepartners.pl\/cs\/wp-json\/wp\/v2\/product"}],"about":[{"href":"https:\/\/sklep.thepartners.pl\/cs\/wp-json\/wp\/v2\/types\/product"}],"replies":[{"embeddable":true,"href":"https:\/\/sklep.thepartners.pl\/cs\/wp-json\/wp\/v2\/comments?post=6992"}],"wp:featuredmedia":[{"embeddable":true,"href":"https:\/\/sklep.thepartners.pl\/cs\/wp-json\/wp\/v2\/media\/6996"}],"wp:attachment":[{"href":"https:\/\/sklep.thepartners.pl\/cs\/wp-json\/wp\/v2\/media?parent=6992"}],"wp:term":[{"taxonomy":"product_brand","embeddable":true,"href":"https:\/\/sklep.thepartners.pl\/cs\/wp-json\/wp\/v2\/product_brand?post=6992"},{"taxonomy":"product_cat","embeddable":true,"href":"https:\/\/sklep.thepartners.pl\/cs\/wp-json\/wp\/v2\/product_cat?post=6992"},{"taxonomy":"product_tag","embeddable":true,"href":"https:\/\/sklep.thepartners.pl\/cs\/wp-json\/wp\/v2\/product_tag?post=6992"}],"curies":[{"name":"wp","href":"https:\/\/api.w.org\/{rel}","templated":true}]}}