{"id":6993,"date":"2024-10-21T14:25:54","date_gmt":"2024-10-21T12:25:54","guid":{"rendered":"https:\/\/sklep.thepartners.pl\/produkt\/gips-szpachlowy-2kg\/"},"modified":"2024-10-21T14:29:26","modified_gmt":"2024-10-21T12:29:26","slug":"gips-szpachlowy-2kg","status":"publish","type":"product","link":"https:\/\/sklep.thepartners.pl\/cs\/produkt\/gips-szpachlowy-2kg\/","title":{"rendered":"\u0160tukov\u00e1 om\u00edtka Dolina Nidy 2kg"},"content":{"rendered":"<p><strong>Pou\u017eit\u00ed:<\/strong><\/p>\n<ul>\n<li>K vytv\u00e1\u0159en\u00ed <strong>\u0161tukov\u00fdch povrch\u016f<\/strong> na st\u011bn\u00e1ch a stropech<\/li>\n<li><strong>\u0160tukov\u00e1n\u00ed a rekonstruk\u010dn\u00ed pr\u00e1ce<\/strong> \u2013 vypl\u0148ov\u00e1n\u00ed trhlin, \u0161t\u011brbin a mezer<\/li>\n<li>Mont\u00e1\u017e <strong>s\u00e1drov\u00fdch prefabrik\u00e1t\u016f<\/strong> a upev\u0148ov\u00e1n\u00ed <strong>hlin\u00edkov\u00fdch roh\u016f<\/strong><\/li>\n<li>Na <strong>miner\u00e1ln\u00ed podklady<\/strong> \u2013 beton, cementov\u00e9 a v\u00e1penocementov\u00e9 om\u00edtky a s\u00e1drokarton<\/li>\n<li><strong>Pou\u017eit\u00ed v interi\u00e9rech budov<\/strong><\/li>\n<\/ul>\n<p><strong>Vlastnosti:<\/strong><\/p>\n<ul>\n<li><strong>P\u0159\u00edrodn\u00ed s\u00e1drov\u00e1<\/strong> hmota s miner\u00e1ln\u00edmi v\u00fdpln\u011bmi \u2013 <strong>plastick\u00e1<\/strong> a snadno opracovateln\u00e1<\/li>\n<li><strong>Univerz\u00e1ln\u00ed pou\u017eit\u00ed<\/strong> \u2013 k vyrovn\u00e1v\u00e1n\u00ed podkladu, vytv\u00e1\u0159en\u00ed \u0161tuk\u016f a mont\u00e1\u017ei prefabrik\u00e1t\u016f<\/li>\n<li><strong>Vysok\u00e1 mechanick\u00e1 odolnost<\/strong> d\u00edky v\u00edce ne\u017e 50% obsahu s\u00e1drov\u00e9ho pojiva<\/li>\n<li>Ide\u00e1ln\u00ed pro <strong>rekonstrukce star\u00fdch budov<\/strong>, dok\u00e1\u017ee vyrovnat velk\u00e9 nerovnosti st\u011bn a roh\u016f<\/li>\n<li>Pou\u017eit\u00ed v <strong>vrstv\u011b do 5 mm<\/strong><\/li>\n<li>Vytv\u00e1\u0159\u00ed hladk\u00fd povrch, kter\u00fd je ide\u00e1ln\u00ed pro <strong>malov\u00e1n\u00ed nebo tapetov\u00e1n\u00ed<\/strong><\/li>\n<li><strong>S\u00e1drov\u00e1 vrstva<\/strong> p\u0159isp\u00edv\u00e1 ke zdrav\u00e9mu mikroklimatu interi\u00e9r\u016f<\/li>\n<\/ul>\n<p><strong>P\u0159\u00edprava podkladu:<\/strong><\/p>\n<p>Podklad mus\u00ed b\u00fdt <strong>such\u00fd, stabiln\u00ed a o\u010di\u0161t\u011bn\u00fd<\/strong> od ne\u010distot. Vypl\u0148te dr\u00e1\u017eky <strong>Stavebn\u00ed s\u00e1drou Dolina Nidy<\/strong>. Ocelov\u00e9 prvky v kontaktu se s\u00e1drou mus\u00ed b\u00fdt <strong>antikorozn\u011b o\u0161et\u0159eny<\/strong>.<\/p>\n<p><strong>P\u0159\u00edprava hmoty:<\/strong><\/p>\n<p>Suchou sm\u011bs nasypte do vody (cca <strong>0,70 l na 1 kg<\/strong> s\u00e1dry), nechte <strong>3\u20135 minut<\/strong> odst\u00e1t a d\u016fkladn\u011b prom\u00edchejte. Hmota je <strong>p\u0159ipraven\u00e1 k pou\u017eit\u00ed<\/strong> po dobu asi <strong>60 minut<\/strong>.<\/p>\n","protected":false},"excerpt":{"rendered":"<blockquote><p><strong>Pro vyrovn\u00e1n\u00ed povrchu a ve\u0161ker\u00e9 renova\u010dn\u00ed a mont\u00e1\u017en\u00ed pr\u00e1ce<\/strong><\/p>\n<p><strong>Dokonal\u00e9 pokryt\u00ed nerovn\u00fdch povrch\u016f<\/strong><\/p>\n<p><strong>Dokonal\u00e9 rozlo\u017een\u00ed na podklad, bez ohledu na konzistenci hmoty<\/strong><\/p>\n<p><strong>Vysok\u00e1 odolnost<\/strong><\/p><\/blockquote>\n","protected":false},"featured_media":6987,"comment_status":"open","ping_status":"closed","template":"","meta":{"_acf_changed":false},"product_brand":[],"product_cat":[950,156,946],"product_tag":[1171,1163],"class_list":{"0":"post-6993","1":"product","2":"type-product","3":"status-publish","4":"has-post-thumbnail","6":"product_cat-sadrokartonove-tmely","7":"product_cat-stavebni-materialy","8":"product_cat-sucha-vystavba","9":"product_tag-dolina-nidy-cs","10":"product_tag-gips-szpachlowy-cs","11":"product_shipping_class-kurier-cs","12":"pa_producent-dolina-nidy-cs","13":"pa_temperatura-stosowania-od-5oc-do-25oc-cs","14":"pa_zuzycie-v-zavislosti-na-tloustce-vrstvy-a-rovinnosti-podkladu-se-spotrebuje-v-prumeru-cca-1-kg-1-m-kazda-1mm-vrstva","16":"first","17":"instock","18":"taxable","19":"shipping-taxable","20":"purchasable","21":"product-type-simple"},"acf":[],"_links":{"self":[{"href":"https:\/\/sklep.thepartners.pl\/cs\/wp-json\/wp\/v2\/product\/6993","targetHints":{"allow":["GET"]}}],"collection":[{"href":"https:\/\/sklep.thepartners.pl\/cs\/wp-json\/wp\/v2\/product"}],"about":[{"href":"https:\/\/sklep.thepartners.pl\/cs\/wp-json\/wp\/v2\/types\/product"}],"replies":[{"embeddable":true,"href":"https:\/\/sklep.thepartners.pl\/cs\/wp-json\/wp\/v2\/comments?post=6993"}],"wp:featuredmedia":[{"embeddable":true,"href":"https:\/\/sklep.thepartners.pl\/cs\/wp-json\/wp\/v2\/media\/6987"}],"wp:attachment":[{"href":"https:\/\/sklep.thepartners.pl\/cs\/wp-json\/wp\/v2\/media?parent=6993"}],"wp:term":[{"taxonomy":"product_brand","embeddable":true,"href":"https:\/\/sklep.thepartners.pl\/cs\/wp-json\/wp\/v2\/product_brand?post=6993"},{"taxonomy":"product_cat","embeddable":true,"href":"https:\/\/sklep.thepartners.pl\/cs\/wp-json\/wp\/v2\/product_cat?post=6993"},{"taxonomy":"product_tag","embeddable":true,"href":"https:\/\/sklep.thepartners.pl\/cs\/wp-json\/wp\/v2\/product_tag?post=6993"}],"curies":[{"name":"wp","href":"https:\/\/api.w.org\/{rel}","templated":true}]}}