{"id":7020,"date":"2024-10-22T09:09:01","date_gmt":"2024-10-22T07:09:01","guid":{"rendered":"https:\/\/sklep.thepartners.pl\/produkt\/klej-gipsowy-montazowy-gk-1-10kg\/"},"modified":"2024-10-22T09:17:53","modified_gmt":"2024-10-22T07:17:53","slug":"klej-gipsowy-montazowy-gk-1-10kg","status":"publish","type":"product","link":"https:\/\/sklep.thepartners.pl\/cs\/produkt\/klej-gipsowy-montazowy-gk-1-10kg\/","title":{"rendered":"Mont\u00e1\u017en\u00ed S\u00e1drov\u00e9 Lepidlo GK-1 10KG"},"content":{"rendered":"<p>Mont\u00e1\u017en\u00ed s\u00e1drov\u00e9 lepidlo GK-1 od zna\u010dky Franspol je vysoce kvalitn\u00ed produkt ur\u010den\u00fd pro profesion\u00e1ln\u00ed mont\u00e1\u017en\u00ed pr\u00e1ce. Skv\u011ble se hod\u00ed k p\u0159ipev\u0148ov\u00e1n\u00ed s\u00e1drokartonov\u00fdch desek, li\u0161t, profil\u016f a dal\u0161\u00edch stavebn\u00edch prvk\u016f uvnit\u0159 m\u00edstnost\u00ed. D\u00edky sv\u00e9 unik\u00e1tn\u00ed receptu\u0159e zaji\u0161\u0165uje GK-1 pevn\u00e9 a trvanliv\u00e9 spojen\u00ed na miner\u00e1ln\u00edch podkladech, jako jsou om\u00edtky, beton, p\u00f3robeton a cihla.<\/p>\n<p>Produkt se vyzna\u010duje rychlou dobou tuhnut\u00ed, co\u017e urychluje dokon\u010dovac\u00ed pr\u00e1ce. Lepidlo GK-1 je tak\u00e9 velmi snadn\u00e9 na aplikaci, co\u017e usnad\u0148uje mont\u00e1\u017e. Po zaschnut\u00ed tvo\u0159\u00ed pevn\u00fd a prasklin\u00e1m odoln\u00fd spoj. Produkt je dod\u00e1v\u00e1n v praktick\u00e9m balen\u00ed, kter\u00e9 zaji\u0161\u0165uje snadn\u00e9 skladov\u00e1n\u00ed a pou\u017eit\u00ed.<\/p>\n<p><strong>V\u00fdhody Mont\u00e1\u017en\u00edho S\u00e1drov\u00e9ho Lepidla GK-1:<\/strong><\/p>\n<ul>\n<li>Rychl\u00e9 tuhnut\u00ed<\/li>\n<li>Vysok\u00e1 p\u0159ilnavost k miner\u00e1ln\u00edm podklad\u016fm<\/li>\n<li>Snadn\u00e1 aplikace<\/li>\n<li>Pevn\u00e9 a prasklin\u00e1m odoln\u00e9 spojen\u00ed<\/li>\n<li>Ide\u00e1ln\u00ed pro mont\u00e1\u017e s\u00e1drokartonov\u00fdch desek a dal\u0161\u00edch interi\u00e9rov\u00fdch prvk\u016f<\/li>\n<\/ul>\n<p>Zvolte Mont\u00e1\u017en\u00ed S\u00e1drov\u00e9 Lepidlo GK-1 Franspol pro pevn\u00e1 a trvanliv\u00e1 mont\u00e1\u017en\u00ed \u0159e\u0161en\u00ed ve va\u0161em dom\u011b nebo kancel\u00e1\u0159i.<\/p>\n<p><strong>P\u0159\u00edprava substr\u00e1tu pro lepidlo GK-1<\/strong><\/p>\n<p>Substr\u00e1t, na kter\u00e9m m\u00e1 b\u00fdt aplikov\u00e1no lepidlo sestavy GK-1, by m\u011bl b\u00fdt spr\u00e1vn\u011b p\u0159ipraven. Nejprve to mus\u00ed b\u00fdt such\u00e9, \u010dist\u00e9 a siln\u00e9. M\u011bly by b\u00fdt o\u010di\u0161t\u011bny od v\u0161ech ne\u010distot, jako je prach, tuk (nap\u0159. Olej, emulzn\u00ed barva), a tak\u00e9 odstranit uvoln\u011bnou om\u00edtku a zbytky barvy. V p\u0159\u00edpad\u011b velmi absorp\u010dn\u00edch (nap\u0159. S\u00e1dry) nebo \u0161patn\u011b absorp\u010dn\u00edch (hladk\u00e9ho betonu) substr\u00e1t\u016f je vy\u017eadov\u00e1na p\u0159edchoz\u00ed aktivace u p\u0159\u00edslu\u0161n\u00fdch primer\u016f. Se \u0161patnou tepelnou izolac\u00ed st\u011bn mohou na povrchu om\u00edtky vid\u011bt tepeln\u00e9 mosty.<\/p>\n<p><strong>P\u0159\u00edprava produktu a jak pou\u017e\u00edvat lepidlo GK-1<\/strong><\/p>\n<p>Chcete-li z\u00edskat nejlep\u0161\u00ed v\u00fdsledky, pou\u017eijte \u010dist\u00e9 n\u00e1stroje k p\u0159\u00edprav\u011b a aplikaci GK-1. Upev\u0148ovac\u00ed s\u00e1drov\u00e9 adheziva GK-1 se nalije do \u010dist\u00e9 vody v pom\u011bru 1: 0,4 (1 kg pr\u00e1\u0161ku na 0,4 litru vody). Celek by m\u011bl b\u00fdt sm\u00edch\u00e1n s elektrick\u00fdm m\u00edchadlem s vhodnou rychlost\u00ed nebo ru\u010dn\u011b, dokud homogenn\u00ed hmota s konzistenc\u00ed pasty. Nezapome\u0148te p\u0159ipravit v\u00edce lepidla, ne\u017e m\u016f\u017eete pou\u017e\u00edt do 30 minut.<\/p>\n<p>Po nanesen\u00ed lepidla by m\u011bla b\u00fdt prov\u00e1d\u011bna maxim\u00e1ln\u011b 10-15 minut. Minim\u00e1ln\u00ed tlou\u0161\u0165ka vrstvy lepidla by m\u011bla b\u00fdt asi 1,5-2 cm. Malta by m\u011bla b\u00fdt aplikov\u00e1na v porc\u00edch ve 30 cm intervalech. Ve\u0161ker\u00e1 pr\u00e1ce by m\u011bla b\u00fdt prov\u00e1d\u011bna na zemi a \u017eivotn\u00edm prost\u0159ed\u00ed od +5 \u00b0 C do +25 \u00b0 C.<\/p>\n<p>Adhezivn\u00ed obaly v\u00e1\u017e\u00edc\u00ed 20 kg sta\u010d\u00ed k tomu, aby se dr\u017eely asi 4 m\u00b2 s\u00e1dry.<\/p>\n","protected":false},"excerpt":{"rendered":"<blockquote><p><strong>Mont\u00e1\u017e s\u00e1drokartonov\u00fdch desek<\/strong><\/p>\n<p><strong>P\u0159ipev\u0148ov\u00e1n\u00ed li\u0161t a profil\u016f<\/strong><\/p>\n<p><strong>Opravy st\u011bn a strop\u016f<\/strong><\/p><\/blockquote>\n","protected":false},"featured_media":7019,"comment_status":"open","ping_status":"closed","template":"","meta":{"_acf_changed":false},"product_brand":[],"product_cat":[156,946,950,968],"product_tag":[1184,1157],"class_list":{"0":"post-7020","1":"product","2":"type-product","3":"status-publish","4":"has-post-thumbnail","6":"product_cat-stavebni-materialy","7":"product_cat-sucha-vystavba","8":"product_cat-sadrokartonove-tmely","9":"product_cat-sadrova-lepidla","10":"product_tag-klej-gipsowy-cs","11":"product_tag-franspol-cs","12":"product_shipping_class-kurier-cs","13":"pa_producent-franspol-cs","14":"pa_temperatura-stosowania-od-5oc-do-25oc-cs","15":"pa_zuzycie-3-5kg-m2-cs","17":"first","18":"instock","19":"taxable","20":"shipping-taxable","21":"purchasable","22":"product-type-simple"},"acf":[],"_links":{"self":[{"href":"https:\/\/sklep.thepartners.pl\/cs\/wp-json\/wp\/v2\/product\/7020","targetHints":{"allow":["GET"]}}],"collection":[{"href":"https:\/\/sklep.thepartners.pl\/cs\/wp-json\/wp\/v2\/product"}],"about":[{"href":"https:\/\/sklep.thepartners.pl\/cs\/wp-json\/wp\/v2\/types\/product"}],"replies":[{"embeddable":true,"href":"https:\/\/sklep.thepartners.pl\/cs\/wp-json\/wp\/v2\/comments?post=7020"}],"wp:featuredmedia":[{"embeddable":true,"href":"https:\/\/sklep.thepartners.pl\/cs\/wp-json\/wp\/v2\/media\/7019"}],"wp:attachment":[{"href":"https:\/\/sklep.thepartners.pl\/cs\/wp-json\/wp\/v2\/media?parent=7020"}],"wp:term":[{"taxonomy":"product_brand","embeddable":true,"href":"https:\/\/sklep.thepartners.pl\/cs\/wp-json\/wp\/v2\/product_brand?post=7020"},{"taxonomy":"product_cat","embeddable":true,"href":"https:\/\/sklep.thepartners.pl\/cs\/wp-json\/wp\/v2\/product_cat?post=7020"},{"taxonomy":"product_tag","embeddable":true,"href":"https:\/\/sklep.thepartners.pl\/cs\/wp-json\/wp\/v2\/product_tag?post=7020"}],"curies":[{"name":"wp","href":"https:\/\/api.w.org\/{rel}","templated":true}]}}