{"id":7043,"date":"2024-10-23T14:35:30","date_gmt":"2024-10-23T12:35:30","guid":{"rendered":"https:\/\/sklep.thepartners.pl\/produkt\/igloo-preparat-przyspieszajacy-wysychanie-farb-i-tynkow\/"},"modified":"2025-11-03T11:51:10","modified_gmt":"2025-11-03T10:51:10","slug":"igloo-preparat-przyspieszajacy-wysychanie-farb-i-tynkow","status":"publish","type":"product","link":"https:\/\/sklep.thepartners.pl\/cs\/produkt\/igloo-preparat-przyspieszajacy-wysychanie-farb-i-tynkow\/","title":{"rendered":"IGLOO \u2013 P\u0159\u00edpravek pro urychlen\u00ed schnut\u00ed barev a om\u00edtek, vhodn\u00fd pro n\u00edzk\u00e9 teploty a vysokou vlhkost 250ml"},"content":{"rendered":"<p data-start=\"1840\" data-end=\"2114\">IGLOO je specializovan\u00fd p\u0159\u00edpravek urychluj\u00edc\u00ed vysych\u00e1n\u00ed a vytvrzov\u00e1n\u00ed barev a om\u00edtek (akrylov\u00fdch, silik\u00e1tov\u00fdch, polykrzemianov\u00fdch, silikonov\u00fdch), zejm\u00e9na p\u0159i sn\u00ed\u017een\u00e9 teplot\u011b a vysok\u00e9 vlhkosti vzduchu. P\u0159\u00edpravek nem\u011bn\u00ed mechanick\u00e9 ani u\u017eitn\u00e9 vlastnosti povrchu a nem\u011bn\u00ed barvu.<\/p>\n<p data-start=\"2116\" data-end=\"2138\"><strong data-start=\"2116\" data-end=\"2136\">V\u00fdhody produktu:<\/strong><\/p>\n<ul data-start=\"2139\" data-end=\"2431\">\n<li data-start=\"2139\" data-end=\"2219\">\n<p data-start=\"2141\" data-end=\"2219\">Umo\u017e\u0148uje pr\u00e1ce s n\u00e1t\u011bry a om\u00edtkami i p\u0159i ni\u017e\u0161\u00edch teplot\u00e1ch a vy\u0161\u0161\u00ed vlhkosti.<\/p>\n<\/li>\n<li data-start=\"2220\" data-end=\"2300\">\n<p data-start=\"2222\" data-end=\"2300\">Zkracuje dobu dosa\u017een\u00ed odolnosti povrchu v\u016f\u010di vliv\u016fm po\u010das\u00ed \u2013 cca 6\u20138 hodin.<\/p>\n<\/li>\n<li data-start=\"2301\" data-end=\"2381\">\n<p data-start=\"2303\" data-end=\"2381\">P\u0159ipraven k pou\u017eit\u00ed \u2013 sta\u010d\u00ed p\u0159idat do om\u00edtky nebo barvy t\u011bsn\u011b p\u0159ed aplikac\u00ed.<\/p>\n<\/li>\n<li data-start=\"2382\" data-end=\"2431\">\n<p data-start=\"2384\" data-end=\"2431\">Nem\u011bn\u00ed barvu ani u\u017eitn\u00e9 vlastnosti materi\u00e1lu.<\/p>\n<\/li>\n<\/ul>\n<p data-start=\"2433\" data-end=\"2455\"><strong data-start=\"2433\" data-end=\"2453\">N\u00e1vod k pou\u017eit\u00ed:<\/strong><\/p>\n<ol data-start=\"2456\" data-end=\"2835\">\n<li data-start=\"2456\" data-end=\"2514\">\n<p data-start=\"2459\" data-end=\"2514\">P\u0159ipravte barvu nebo om\u00edtku podle doporu\u010den\u00ed v\u00fdrobce.<\/p>\n<\/li>\n<li data-start=\"2515\" data-end=\"2615\">\n<p data-start=\"2518\" data-end=\"2615\">P\u0159idejte p\u0159\u00edpravek IGLOO do materi\u00e1lu (nap\u0159. 250\u202fml na 25\u202fkg om\u00edtky nebo 150\u202fml na 10\u202fl barvy).<\/p>\n<\/li>\n<li data-start=\"2616\" data-end=\"2681\">\n<p data-start=\"2619\" data-end=\"2681\">D\u016fkladn\u011b prom\u00edchejte, aby byl p\u0159\u00edpravek rovnom\u011brn\u011b rozlo\u017een.<\/p>\n<\/li>\n<li data-start=\"2682\" data-end=\"2783\">\n<p data-start=\"2685\" data-end=\"2783\">Aplikujte na povrch \u2013 pr\u00e1ce je mo\u017en\u00e1 i za n\u00e1ro\u010dn\u011bj\u0161\u00edch podm\u00ednek (n\u00edzk\u00e1 teplota, vysok\u00e1 vlhkost).<\/p>\n<\/li>\n<li data-start=\"2784\" data-end=\"2835\">\n<p data-start=\"2787\" data-end=\"2835\">Po vytvrzen\u00ed lze pokra\u010dovat v dal\u0161\u00edch prac\u00edch.<\/p>\n<\/li>\n<\/ol>\n<p data-start=\"2837\" data-end=\"2851\"><strong data-start=\"2837\" data-end=\"2849\">Pou\u017eit\u00ed:<\/strong><\/p>\n<ul data-start=\"2852\" data-end=\"3064\">\n<li data-start=\"2852\" data-end=\"2922\">\n<p data-start=\"2854\" data-end=\"2922\">Renovace a stavebn\u00ed pr\u00e1ce p\u0159i n\u00edzk\u00fdch teplot\u00e1ch a vysok\u00e9 vlhkosti.<\/p>\n<\/li>\n<li data-start=\"2923\" data-end=\"2979\">\n<p data-start=\"2925\" data-end=\"2979\">Fas\u00e1dy, tenkovrstv\u00e9 om\u00edtky, fas\u00e1dn\u00ed a vnit\u0159n\u00ed barvy.<\/p>\n<\/li>\n<li data-start=\"2980\" data-end=\"3064\">\n<p data-start=\"2982\" data-end=\"3064\">Zv\u00fd\u0161en\u00ed efektivity pr\u00e1ce, zkr\u00e1cen\u00ed \u010dasu aplikace a zlep\u0161en\u00ed pracovn\u00edch podm\u00ednek.<\/p>\n<\/li>\n<\/ul>\n","protected":false},"excerpt":{"rendered":"<blockquote><p><strong>Urychluje schnut\u00ed<\/strong><\/p>\n<p><strong>Ide\u00e1ln\u00ed pro pr\u00e1ci p\u0159i n\u00edzk\u00fdch teplot\u00e1ch<\/strong><\/p>\n<p><strong>Univerz\u00e1ln\u00ed pou\u017eit\u00ed<\/strong><\/p>\n<p><strong>Bezpe\u010dn\u00fd pro povrch<\/strong><\/p>\n<p><strong>Snadn\u00e1 aplikace<\/strong><\/p><\/blockquote>\n","protected":false},"featured_media":7042,"comment_status":"open","ping_status":"closed","template":"","meta":{"_acf_changed":false},"product_brand":[],"product_cat":[1407,162,1159,137],"product_tag":[1188],"class_list":{"0":"post-7043","1":"product","2":"type-product","3":"status-publish","4":"has-post-thumbnail","6":"product_cat-zvlastni-nabidka","7":"product_cat-micharna-barev-a-omitek","8":"product_cat-malirske-doplnky","9":"product_cat-stavebni-chemie","10":"product_tag-igloo-sempre-cs","11":"product_shipping_class-kurier-cs","12":"pa_pojemnosc-250ml-cs","13":"pa_producent-sempre-cs","15":"first","16":"instock","17":"sale","18":"taxable","19":"shipping-taxable","20":"purchasable","21":"product-type-simple"},"acf":[],"_links":{"self":[{"href":"https:\/\/sklep.thepartners.pl\/cs\/wp-json\/wp\/v2\/product\/7043","targetHints":{"allow":["GET"]}}],"collection":[{"href":"https:\/\/sklep.thepartners.pl\/cs\/wp-json\/wp\/v2\/product"}],"about":[{"href":"https:\/\/sklep.thepartners.pl\/cs\/wp-json\/wp\/v2\/types\/product"}],"replies":[{"embeddable":true,"href":"https:\/\/sklep.thepartners.pl\/cs\/wp-json\/wp\/v2\/comments?post=7043"}],"wp:featuredmedia":[{"embeddable":true,"href":"https:\/\/sklep.thepartners.pl\/cs\/wp-json\/wp\/v2\/media\/7042"}],"wp:attachment":[{"href":"https:\/\/sklep.thepartners.pl\/cs\/wp-json\/wp\/v2\/media?parent=7043"}],"wp:term":[{"taxonomy":"product_brand","embeddable":true,"href":"https:\/\/sklep.thepartners.pl\/cs\/wp-json\/wp\/v2\/product_brand?post=7043"},{"taxonomy":"product_cat","embeddable":true,"href":"https:\/\/sklep.thepartners.pl\/cs\/wp-json\/wp\/v2\/product_cat?post=7043"},{"taxonomy":"product_tag","embeddable":true,"href":"https:\/\/sklep.thepartners.pl\/cs\/wp-json\/wp\/v2\/product_tag?post=7043"}],"curies":[{"name":"wp","href":"https:\/\/api.w.org\/{rel}","templated":true}]}}