{"id":7048,"date":"2024-10-23T14:51:04","date_gmt":"2024-10-23T12:51:04","guid":{"rendered":"https:\/\/sklep.thepartners.pl\/produkt\/fastproof-jurga-szybkoschnaca-hydroizolacja\/"},"modified":"2024-11-27T10:30:39","modified_gmt":"2024-11-27T09:30:39","slug":"fastproof-jurga-szybkoschnaca-hydroizolacja","status":"publish","type":"product","link":"https:\/\/sklep.thepartners.pl\/cs\/produkt\/fastproof-jurga-szybkoschnaca-hydroizolacja\/","title":{"rendered":"RYCHLEODOLN\u00c1 JURGA \u2013 P\u0159\u00edsada do betonu pro zimn\u00ed obdob\u00ed do -10\u00b0C JURGA"},"content":{"rendered":"<p>FASTPROOF je tekut\u00e1 p\u0159\u00edsada speci\u00e1ln\u011b navr\u017een\u00e1 pro urychlen\u00ed tvrdnut\u00ed a zlep\u0161en\u00ed zpracovatelnosti betonu, malt a lepidel na b\u00e1zi cementu. D\u00edky sv\u00fdm vlastnostem sni\u017euje mno\u017estv\u00ed z\u00e1m\u011bsov\u00e9 vody, co\u017e zvy\u0161uje pevnost sm\u011bsi a omezuje jej\u00ed smr\u0161t\u011bn\u00ed a prask\u00e1n\u00ed. V\u00fdrobek je ide\u00e1ln\u00ed pro pou\u017eit\u00ed v chladn\u011bj\u0161\u00edm po\u010das\u00ed.<\/p>\n<h4><strong>Pou\u017eit\u00ed:<\/strong><\/h4>\n<ul>\n<li>Beton a cementov\u00e9 malty.<\/li>\n<li>Lepidla na b\u00e1zi cementu.<\/li>\n<li>Stavebn\u00ed pr\u00e1ce v chladn\u011bj\u0161\u00edch obdob\u00edch.<\/li>\n<\/ul>\n<h4><strong>Vlastnosti:<\/strong><\/h4>\n<ul>\n<li>Urychluje tvrdnut\u00ed.<\/li>\n<li>Zlep\u0161uje zpracovatelnost.<\/li>\n<li>Sni\u017euje mno\u017estv\u00ed z\u00e1m\u011bsov\u00e9 vody.<\/li>\n<li>Zvy\u0161uje pevnost a odolnost v\u016f\u010di smr\u0161t\u011bn\u00ed a prask\u00e1n\u00ed.<\/li>\n<li>Vhodn\u00e9 pro pou\u017eit\u00ed p\u0159i n\u00edzk\u00fdch teplot\u00e1ch.<\/li>\n<\/ul>\n","protected":false},"excerpt":{"rendered":"<blockquote><p><strong>Rychleschnouc\u00ed slo\u017een\u00ed<\/strong><\/p>\n<p><strong>\u00da\u010dinn\u00e1 hydroizolace<\/strong><\/p>\n<p><strong>Univerz\u00e1ln\u00ed pou\u017eit\u00ed<\/strong><\/p>\n<p><strong>Snadn\u00e1 aplikace<\/strong><\/p>\n<p><strong>Odolnost v\u016f\u010di pov\u011btrnostn\u00edm vliv\u016fm<\/strong><\/p><\/blockquote>\n","protected":false},"featured_media":7047,"comment_status":"open","ping_status":"closed","template":"","meta":{"_acf_changed":false},"product_brand":[],"product_cat":[140,137,142],"product_tag":[1191],"class_list":{"0":"post-7048","1":"product","2":"type-product","3":"status-publish","4":"has-post-thumbnail","6":"product_cat-plastifikatory-a-zakladni-natery","7":"product_cat-stavebni-chemie","8":"product_cat-malty-a-betony","9":"product_tag-fastproof-jurga-cs","10":"product_shipping_class-transport-gratis-cs","11":"pa_darmowa-dostawa-ano","12":"pa_pojemnosc-5l-cs","13":"pa_producent-jurga-cs","15":"first","16":"instock","17":"taxable","18":"shipping-taxable","19":"purchasable","20":"product-type-simple"},"acf":[],"_links":{"self":[{"href":"https:\/\/sklep.thepartners.pl\/cs\/wp-json\/wp\/v2\/product\/7048","targetHints":{"allow":["GET"]}}],"collection":[{"href":"https:\/\/sklep.thepartners.pl\/cs\/wp-json\/wp\/v2\/product"}],"about":[{"href":"https:\/\/sklep.thepartners.pl\/cs\/wp-json\/wp\/v2\/types\/product"}],"replies":[{"embeddable":true,"href":"https:\/\/sklep.thepartners.pl\/cs\/wp-json\/wp\/v2\/comments?post=7048"}],"wp:featuredmedia":[{"embeddable":true,"href":"https:\/\/sklep.thepartners.pl\/cs\/wp-json\/wp\/v2\/media\/7047"}],"wp:attachment":[{"href":"https:\/\/sklep.thepartners.pl\/cs\/wp-json\/wp\/v2\/media?parent=7048"}],"wp:term":[{"taxonomy":"product_brand","embeddable":true,"href":"https:\/\/sklep.thepartners.pl\/cs\/wp-json\/wp\/v2\/product_brand?post=7048"},{"taxonomy":"product_cat","embeddable":true,"href":"https:\/\/sklep.thepartners.pl\/cs\/wp-json\/wp\/v2\/product_cat?post=7048"},{"taxonomy":"product_tag","embeddable":true,"href":"https:\/\/sklep.thepartners.pl\/cs\/wp-json\/wp\/v2\/product_tag?post=7048"}],"curies":[{"name":"wp","href":"https:\/\/api.w.org\/{rel}","templated":true}]}}