{"id":7071,"date":"2024-10-24T08:51:31","date_gmt":"2024-10-24T06:51:31","guid":{"rendered":"https:\/\/sklep.thepartners.pl\/produkt\/admix-liquid-zimowy-domieszka-do-betonu-na-zime-jurga\/"},"modified":"2024-11-27T10:32:35","modified_gmt":"2024-11-27T09:32:35","slug":"admix-liquid-zimowy-domieszka-do-betonu-na-zime-jurga","status":"publish","type":"product","link":"https:\/\/sklep.thepartners.pl\/cs\/produkt\/admix-liquid-zimowy-domieszka-do-betonu-na-zime-jurga\/","title":{"rendered":"ADMIX WINTER LIQUID \u2013 Plastifik\u00e1tor betonu na zimu do -8\u00b0C JURGA"},"content":{"rendered":"<p>ADMIX LIQUID ZIMN\u00cd je tekut\u00fd plastifik\u00e1tor ur\u010den\u00fd pro cementov\u00e9, zdic\u00ed a om\u00edtkov\u00e9 malty. V\u00fdrobek umo\u017e\u0148uje prov\u00e1d\u011bt stavebn\u00ed pr\u00e1ce p\u0159i n\u00edzk\u00fdch teplot\u00e1ch a\u017e do -8 \u00b0C. Sni\u017euje spot\u0159ebu z\u00e1m\u011bsov\u00e9 vody, sni\u017euje bod mrazu vody ve sm\u011bsi a zvy\u0161uje odolnost hotov\u00e9ho v\u00fdrobku v\u016f\u010di mrazu. D\u00edky sv\u00fdm vlastnostem sm\u011bs plastifikuje, provzdu\u0161\u0148uje a zvy\u0161uje p\u0159ilnavost malty k podkladu. P\u0159\u00edsada neobsahuje chloridy, co\u017e zaru\u010duje bezpe\u010dn\u00e9 pou\u017eit\u00ed.<\/p>\n<h4><strong>Pou\u017eit\u00ed:<\/strong><\/h4>\n<ul>\n<li>Cementov\u00e9 malty.<\/li>\n<li>Zdic\u00ed malty.<\/li>\n<li>Om\u00edtkov\u00e9 malty.<\/li>\n<\/ul>\n<h4><strong>Vlastnosti:<\/strong><\/h4>\n<ul>\n<li>Umo\u017e\u0148uje pr\u00e1ci p\u0159i teplot\u00e1ch a\u017e do -8 \u00b0C.<\/li>\n<li>Sni\u017euje mno\u017estv\u00ed z\u00e1m\u011bsov\u00e9 vody.<\/li>\n<li>Sni\u017euje bod mrazu vody ve sm\u011bsi.<\/li>\n<li>Zvy\u0161uje odolnost malty v\u016f\u010di n\u00edzk\u00fdm teplot\u00e1m.<\/li>\n<li>Zlep\u0161uje zpracovatelnost a p\u0159ilnavost.<\/li>\n<li>Bezchloridov\u00e9 slo\u017een\u00ed.<\/li>\n<\/ul>\n","protected":false},"excerpt":{"rendered":"<blockquote><p><strong>Zrychlen\u00ed vazby<\/strong><\/p>\n<p><strong>Mrazuvzdornost<\/strong><\/p>\n<p><strong>Univerz\u00e1ln\u00ed pou\u017eit\u00ed<\/strong><\/p>\n<p><strong>Snadn\u00e1 aplikace<\/strong><\/p>\n<p><strong>Udr\u017eov\u00e1n\u00ed pevnosti<\/strong><\/p><\/blockquote>\n","protected":false},"featured_media":7070,"comment_status":"open","ping_status":"closed","template":"","meta":{"_acf_changed":false},"product_brand":[],"product_cat":[140,137],"product_tag":[],"class_list":{"0":"post-7071","1":"product","2":"type-product","3":"status-publish","4":"has-post-thumbnail","6":"product_cat-plastifikatory-a-zakladni-natery","7":"product_cat-stavebni-chemie","8":"product_shipping_class-transport-gratis-cs","9":"pa_darmowa-dostawa-ano","10":"pa_pojemnosc-5l-cs","11":"pa_producent-jurga-cs","13":"first","14":"instock","15":"taxable","16":"shipping-taxable","17":"purchasable","18":"product-type-simple"},"acf":[],"_links":{"self":[{"href":"https:\/\/sklep.thepartners.pl\/cs\/wp-json\/wp\/v2\/product\/7071","targetHints":{"allow":["GET"]}}],"collection":[{"href":"https:\/\/sklep.thepartners.pl\/cs\/wp-json\/wp\/v2\/product"}],"about":[{"href":"https:\/\/sklep.thepartners.pl\/cs\/wp-json\/wp\/v2\/types\/product"}],"replies":[{"embeddable":true,"href":"https:\/\/sklep.thepartners.pl\/cs\/wp-json\/wp\/v2\/comments?post=7071"}],"wp:featuredmedia":[{"embeddable":true,"href":"https:\/\/sklep.thepartners.pl\/cs\/wp-json\/wp\/v2\/media\/7070"}],"wp:attachment":[{"href":"https:\/\/sklep.thepartners.pl\/cs\/wp-json\/wp\/v2\/media?parent=7071"}],"wp:term":[{"taxonomy":"product_brand","embeddable":true,"href":"https:\/\/sklep.thepartners.pl\/cs\/wp-json\/wp\/v2\/product_brand?post=7071"},{"taxonomy":"product_cat","embeddable":true,"href":"https:\/\/sklep.thepartners.pl\/cs\/wp-json\/wp\/v2\/product_cat?post=7071"},{"taxonomy":"product_tag","embeddable":true,"href":"https:\/\/sklep.thepartners.pl\/cs\/wp-json\/wp\/v2\/product_tag?post=7071"}],"curies":[{"name":"wp","href":"https:\/\/api.w.org\/{rel}","templated":true}]}}