{"id":7081,"date":"2024-10-24T10:43:24","date_gmt":"2024-10-24T08:43:24","guid":{"rendered":"https:\/\/sklep.thepartners.pl\/?post_type=product&#038;p=7081"},"modified":"2024-10-24T10:49:46","modified_gmt":"2024-10-24T08:49:46","slug":"zaves-primy-60-225-100ks-kopia","status":"publish","type":"product","link":"https:\/\/sklep.thepartners.pl\/cs\/produkt\/zaves-primy-60-225-100ks-kopia\/","title":{"rendered":"Z\u00e1v\u011bs p\u0159\u00edm\u00fd 60\/225 1ks"},"content":{"rendered":"<p>Z\u00e1v\u011bs dr\u017e\u00e1k spojka ploch\u00e1 ES je vysoce kvalitn\u00ed mont\u00e1\u017en\u00ed prvek ur\u010den\u00fd pro stabiln\u00ed upevn\u011bn\u00ed stropn\u00edch a st\u011bnov\u00fdch konstrukc\u00ed v syst\u00e9mech such\u00e9 v\u00fdstavby. Tento univerz\u00e1ln\u00ed spojovac\u00ed prvek je ide\u00e1ln\u00ed pro mont\u00e1\u017e CD profil\u016f v podhledov\u00fdch stropech a p\u0159\u00ed\u010dkov\u00fdch st\u011bn\u00e1ch. Vyroben z odoln\u00e9 oceli, zaji\u0161\u0165uje dlouhodobou trvanlivost a pevnost konstrukce. D\u00edky precizn\u00edmu proveden\u00ed umo\u017e\u0148uje snadnou a rychlou instalaci, co\u017e \u0161et\u0159\u00ed \u010das p\u0159i stavebn\u00edch a dokon\u010dovac\u00edch prac\u00edch.<\/p>\n<p><strong>V\u00fdhody:<\/strong><\/p>\n<ul>\n<li>Vysok\u00e1 odolnost a rezistence v\u016f\u010di korozi<\/li>\n<li>Ide\u00e1ln\u00ed pro konstrukce podhledov\u00fdch strop\u016f a p\u0159\u00ed\u010dek<\/li>\n<li>Snadn\u00e1 a rychl\u00e1 mont\u00e1\u017e<\/li>\n<li>Precizn\u00ed zpracov\u00e1n\u00ed zaji\u0161\u0165uj\u00edc\u00ed stabilitu<\/li>\n<li>Univerz\u00e1ln\u00ed pou\u017eit\u00ed v syst\u00e9mech such\u00e9 v\u00fdstavby<\/li>\n<\/ul>\n<p><strong>Pou\u017eit\u00ed:<\/strong> Z\u00e1v\u011bs dr\u017e\u00e1k spojka ploch\u00e1 ES je ide\u00e1ln\u00edm \u0159e\u0161en\u00edm pro stropn\u00ed a st\u011bnov\u00e9 konstrukce v syst\u00e9mech s\u00e1drokartonov\u00fdch desek. Uplatn\u00ed se jak p\u0159i dom\u00e1c\u00edch renovac\u00edch, tak i p\u0159i profesion\u00e1ln\u00edch stavebn\u00edch prac\u00edch.<\/p>\n","protected":false},"excerpt":{"rendered":"<p>Z\u00e1v\u011bs dr\u017e\u00e1k spojka ploch\u00e1 ES je vysoce kvalitn\u00ed mont\u00e1\u017en\u00ed prvek ur\u010den\u00fd pro stabiln\u00ed upevn\u011bn\u00ed stropn\u00edch a st\u011bnov\u00fdch konstrukc\u00ed v syst\u00e9mech<\/p>\n","protected":false},"featured_media":7052,"comment_status":"open","ping_status":"closed","template":"","meta":{"_acf_changed":false},"product_brand":[],"product_cat":[946,954,960],"product_tag":[1195],"class_list":{"0":"post-7081","1":"product","2":"type-product","3":"status-publish","4":"has-post-thumbnail","6":"product_cat-sucha-vystavba","7":"product_cat-montazni-prislusenstvi","8":"product_cat-vesaky","9":"product_tag-wieszak-plaski-es-cs","10":"product_shipping_class-kurier-cs","11":"pa_producent-budmat-cs","13":"first","14":"instock","15":"taxable","16":"shipping-taxable","17":"purchasable","18":"product-type-simple"},"acf":[],"_links":{"self":[{"href":"https:\/\/sklep.thepartners.pl\/cs\/wp-json\/wp\/v2\/product\/7081","targetHints":{"allow":["GET"]}}],"collection":[{"href":"https:\/\/sklep.thepartners.pl\/cs\/wp-json\/wp\/v2\/product"}],"about":[{"href":"https:\/\/sklep.thepartners.pl\/cs\/wp-json\/wp\/v2\/types\/product"}],"replies":[{"embeddable":true,"href":"https:\/\/sklep.thepartners.pl\/cs\/wp-json\/wp\/v2\/comments?post=7081"}],"wp:featuredmedia":[{"embeddable":true,"href":"https:\/\/sklep.thepartners.pl\/cs\/wp-json\/wp\/v2\/media\/7052"}],"wp:attachment":[{"href":"https:\/\/sklep.thepartners.pl\/cs\/wp-json\/wp\/v2\/media?parent=7081"}],"wp:term":[{"taxonomy":"product_brand","embeddable":true,"href":"https:\/\/sklep.thepartners.pl\/cs\/wp-json\/wp\/v2\/product_brand?post=7081"},{"taxonomy":"product_cat","embeddable":true,"href":"https:\/\/sklep.thepartners.pl\/cs\/wp-json\/wp\/v2\/product_cat?post=7081"},{"taxonomy":"product_tag","embeddable":true,"href":"https:\/\/sklep.thepartners.pl\/cs\/wp-json\/wp\/v2\/product_tag?post=7081"}],"curies":[{"name":"wp","href":"https:\/\/api.w.org\/{rel}","templated":true}]}}