{"id":7091,"date":"2024-10-24T11:19:22","date_gmt":"2024-10-24T09:19:22","guid":{"rendered":"https:\/\/sklep.thepartners.pl\/?post_type=product&#038;p=7091"},"modified":"2024-10-24T11:23:39","modified_gmt":"2024-10-24T09:23:39","slug":"krizova-spojka-100ks-kopia","status":"publish","type":"product","link":"https:\/\/sklep.thepartners.pl\/cs\/produkt\/krizova-spojka-100ks-kopia\/","title":{"rendered":"K\u0159\u00ed\u017eov\u00e1 spojka 1ks"},"content":{"rendered":"<p>K\u0159\u00ed\u017eov\u00e1 spojka je nepostradateln\u00fd prvek pou\u017e\u00edvan\u00fd v syst\u00e9mech such\u00e9 v\u00fdstavby, zejm\u00e9na p\u0159i mont\u00e1\u017ei stropn\u00edch konstrukc\u00ed. Slou\u017e\u00ed k propojen\u00ed a zpevn\u011bn\u00ed CD profil\u016f v m\u00edstech jejich k\u0159\u00ed\u017een\u00ed, co\u017e zaji\u0161\u0165uje pevnost a stabilitu cel\u00e9 konstrukce. Vyrobena z vysoce kvalitn\u00ed pozinkovan\u00e9 oceli, je odoln\u00e1 v\u016f\u010di korozi a z\u00e1t\u011b\u017e\u00edm. K\u0159\u00ed\u017eov\u00e1 spojka usnad\u0148uje rychlou a p\u0159esnou instalaci podhledov\u00fdch strop\u016f a p\u0159\u00ed\u010dkov\u00fdch st\u011bn, \u010d\u00edm\u017e p\u0159isp\u00edv\u00e1 ke zkr\u00e1cen\u00ed doby pr\u00e1ce.<\/p>\n<p><strong>V\u00fdhody:<\/strong><\/p>\n<ul>\n<li>Vysok\u00e1 pevnost a odolnost v\u016f\u010di korozi<\/li>\n<li>Usnad\u0148uje p\u0159esn\u00e9 spojen\u00ed CD profil\u016f<\/li>\n<li>Ide\u00e1ln\u00ed pro podhledov\u00e9 stropy a p\u0159\u00ed\u010dky<\/li>\n<li>Jednoduch\u00e1 instalace, kter\u00e1 \u0161et\u0159\u00ed \u010das<\/li>\n<li>Vyrobeno z trvanliv\u00e9 pozinkovan\u00e9 oceli<\/li>\n<\/ul>\n<p><strong>Pou\u017eit\u00ed:<\/strong> K\u0159\u00ed\u017eov\u00e1 spojka je nezbytn\u00fdm prvkem p\u0159i mont\u00e1\u017ei podhledov\u00fdch strop\u016f a lehk\u00fdch p\u0159\u00ed\u010dkov\u00fdch st\u011bn v syst\u00e9mech s\u00e1drokartonov\u00fdch desek. Perfektn\u011b se hod\u00ed pro stavebn\u00ed a dokon\u010dovac\u00ed pr\u00e1ce jak v obytn\u00fdch, tak komer\u010dn\u00edch objektech.<\/p>\n","protected":false},"excerpt":{"rendered":"<p>K\u0159\u00ed\u017eov\u00e1 spojka je nepostradateln\u00fd prvek pou\u017e\u00edvan\u00fd v syst\u00e9mech such\u00e9 v\u00fdstavby, zejm\u00e9na p\u0159i mont\u00e1\u017ei stropn\u00edch konstrukc\u00ed. Slou\u017e\u00ed k propojen\u00ed a zpevn\u011bn\u00ed<\/p>\n","protected":false},"featured_media":7077,"comment_status":"open","ping_status":"closed","template":"","meta":{"_acf_changed":false},"product_brand":[],"product_cat":[946,954,960],"product_tag":[1195],"class_list":{"0":"post-7091","1":"product","2":"type-product","3":"status-publish","4":"has-post-thumbnail","6":"product_cat-sucha-vystavba","7":"product_cat-montazni-prislusenstvi","8":"product_cat-vesaky","9":"product_tag-wieszak-plaski-es-cs","10":"product_shipping_class-kurier-cs","11":"pa_producent-budmat-cs","13":"first","14":"instock","15":"taxable","16":"shipping-taxable","17":"purchasable","18":"product-type-simple"},"acf":[],"_links":{"self":[{"href":"https:\/\/sklep.thepartners.pl\/cs\/wp-json\/wp\/v2\/product\/7091","targetHints":{"allow":["GET"]}}],"collection":[{"href":"https:\/\/sklep.thepartners.pl\/cs\/wp-json\/wp\/v2\/product"}],"about":[{"href":"https:\/\/sklep.thepartners.pl\/cs\/wp-json\/wp\/v2\/types\/product"}],"replies":[{"embeddable":true,"href":"https:\/\/sklep.thepartners.pl\/cs\/wp-json\/wp\/v2\/comments?post=7091"}],"wp:featuredmedia":[{"embeddable":true,"href":"https:\/\/sklep.thepartners.pl\/cs\/wp-json\/wp\/v2\/media\/7077"}],"wp:attachment":[{"href":"https:\/\/sklep.thepartners.pl\/cs\/wp-json\/wp\/v2\/media?parent=7091"}],"wp:term":[{"taxonomy":"product_brand","embeddable":true,"href":"https:\/\/sklep.thepartners.pl\/cs\/wp-json\/wp\/v2\/product_brand?post=7091"},{"taxonomy":"product_cat","embeddable":true,"href":"https:\/\/sklep.thepartners.pl\/cs\/wp-json\/wp\/v2\/product_cat?post=7091"},{"taxonomy":"product_tag","embeddable":true,"href":"https:\/\/sklep.thepartners.pl\/cs\/wp-json\/wp\/v2\/product_tag?post=7091"}],"curies":[{"name":"wp","href":"https:\/\/api.w.org\/{rel}","templated":true}]}}