{"id":7094,"date":"2024-10-24T11:28:13","date_gmt":"2024-10-24T09:28:13","guid":{"rendered":"https:\/\/sklep.thepartners.pl\/?post_type=product&#038;p=7094"},"modified":"2024-10-24T11:39:59","modified_gmt":"2024-10-24T09:39:59","slug":"krizova-spojka-100ks-kopia-2","status":"publish","type":"product","link":"https:\/\/sklep.thepartners.pl\/cs\/produkt\/krizova-spojka-100ks-kopia-2\/","title":{"rendered":"Jednostrann\u00e1 p\u0159\u00ed\u010dn\u00e1 spojka 1ks"},"content":{"rendered":"<p>Jednostrann\u00e1 p\u0159\u00ed\u010dn\u00e1 spojka je praktick\u00fdm prvkem pou\u017e\u00edvan\u00fdm v konstrukc\u00edch such\u00e9 v\u00fdstavby, zejm\u00e9na p\u0159i instalaci podhledov\u00fdch strop\u016f. Umo\u017e\u0148uje spojen\u00ed stropn\u00edch CD profil\u016f v jedn\u00e9 rovin\u011b a zaji\u0161\u0165uje pevnost a stabilitu konstrukce. Vyrobena z vysoce kvalitn\u00ed pozinkovan\u00e9 oceli, zaru\u010duje odolnost proti korozi a vysokou z\u00e1t\u011b\u017eovou kapacitu. Tato spojka usnad\u0148uje p\u0159esnou mont\u00e1\u017e a urychluje stavebn\u00ed pr\u00e1ce.<\/p>\n<p><strong>V\u00fdhody:<\/strong><\/p>\n<ul>\n<li>Vysok\u00e1 pevnost a odolnost v\u016f\u010di korozi<\/li>\n<li>Ide\u00e1ln\u00ed pro spojen\u00ed CD profil\u016f v jedn\u00e9 rovin\u011b<\/li>\n<li>Jednoduch\u00e1 a rychl\u00e1 instalace<\/li>\n<li>Vyrobeno z odoln\u00e9 pozinkovan\u00e9 oceli<\/li>\n<li>Zaji\u0161\u0165uje stabilitu konstrukce podhledov\u00fdch strop\u016f<\/li>\n<\/ul>\n<p><strong>Pou\u017eit\u00ed:<\/strong> Jednostrann\u00e1 p\u0159\u00ed\u010dn\u00e1 spojka je nezbytn\u00fdm prvkem pro mont\u00e1\u017e podhledov\u00fdch strop\u016f a lehk\u00fdch konstrukc\u00ed v syst\u00e9mech s\u00e1drokartonov\u00fdch desek. Ide\u00e1ln\u00ed pro pou\u017eit\u00ed v obytn\u00fdch i komer\u010dn\u00edch budov\u00e1ch.<\/p>\n","protected":false},"excerpt":{"rendered":"<p>Jednostrann\u00e1 p\u0159\u00ed\u010dn\u00e1 spojka je praktick\u00fdm prvkem pou\u017e\u00edvan\u00fdm v konstrukc\u00edch such\u00e9 v\u00fdstavby, zejm\u00e9na p\u0159i instalaci podhledov\u00fdch strop\u016f. Umo\u017e\u0148uje spojen\u00ed stropn\u00edch CD<\/p>\n","protected":false},"featured_media":7096,"comment_status":"open","ping_status":"closed","template":"","meta":{"_acf_changed":false},"product_brand":[],"product_cat":[946,954,960],"product_tag":[1195],"class_list":{"0":"post-7094","1":"product","2":"type-product","3":"status-publish","4":"has-post-thumbnail","6":"product_cat-sucha-vystavba","7":"product_cat-montazni-prislusenstvi","8":"product_cat-vesaky","9":"product_tag-wieszak-plaski-es-cs","10":"product_shipping_class-kurier-cs","11":"pa_producent-budmat-cs","13":"first","14":"instock","15":"taxable","16":"shipping-taxable","17":"purchasable","18":"product-type-simple"},"acf":[],"_links":{"self":[{"href":"https:\/\/sklep.thepartners.pl\/cs\/wp-json\/wp\/v2\/product\/7094","targetHints":{"allow":["GET"]}}],"collection":[{"href":"https:\/\/sklep.thepartners.pl\/cs\/wp-json\/wp\/v2\/product"}],"about":[{"href":"https:\/\/sklep.thepartners.pl\/cs\/wp-json\/wp\/v2\/types\/product"}],"replies":[{"embeddable":true,"href":"https:\/\/sklep.thepartners.pl\/cs\/wp-json\/wp\/v2\/comments?post=7094"}],"wp:featuredmedia":[{"embeddable":true,"href":"https:\/\/sklep.thepartners.pl\/cs\/wp-json\/wp\/v2\/media\/7096"}],"wp:attachment":[{"href":"https:\/\/sklep.thepartners.pl\/cs\/wp-json\/wp\/v2\/media?parent=7094"}],"wp:term":[{"taxonomy":"product_brand","embeddable":true,"href":"https:\/\/sklep.thepartners.pl\/cs\/wp-json\/wp\/v2\/product_brand?post=7094"},{"taxonomy":"product_cat","embeddable":true,"href":"https:\/\/sklep.thepartners.pl\/cs\/wp-json\/wp\/v2\/product_cat?post=7094"},{"taxonomy":"product_tag","embeddable":true,"href":"https:\/\/sklep.thepartners.pl\/cs\/wp-json\/wp\/v2\/product_tag?post=7094"}],"curies":[{"name":"wp","href":"https:\/\/api.w.org\/{rel}","templated":true}]}}