{"id":7122,"date":"2024-10-24T14:44:02","date_gmt":"2024-10-24T12:44:02","guid":{"rendered":"https:\/\/sklep.thepartners.pl\/?post_type=product&#038;p=7122"},"modified":"2024-10-24T14:46:24","modified_gmt":"2024-10-24T12:46:24","slug":"zaves-pro-podkrovi-180mm-100ks-kopia","status":"publish","type":"product","link":"https:\/\/sklep.thepartners.pl\/cs\/produkt\/zaves-pro-podkrovi-180mm-100ks-kopia\/","title":{"rendered":"Z\u00e1v\u011bs pro podkrov\u00ed 270mm 100ks"},"content":{"rendered":"<p>Z\u00e1v\u011bs pro podkrov\u00ed je nezbytnou sou\u010d\u00e1st\u00ed konstrukce pou\u017e\u00edvanou p\u0159i mont\u00e1\u017ei podhledov\u00fdch strop\u016f na podkrov\u00ed a p\u0159i v\u00fdstavb\u011b lehk\u00fdch p\u0159\u00ed\u010dek. D\u00edky sv\u00e9 pevn\u00e9 konstrukci umo\u017e\u0148uje stabiln\u00ed uchycen\u00ed CD profil\u016f ke st\u0159e\u0161n\u00edm krokv\u00edm. Ide\u00e1ln\u00ed pro pou\u017eit\u00ed v syst\u00e9mech such\u00e9 v\u00fdstavby, kde je d\u016fle\u017eit\u00e1 p\u0159esnost a odolnost. Vyroben z vysoce kvalitn\u00edch materi\u00e1l\u016f, kter\u00e9 jsou odoln\u00e9 proti korozi, co\u017e zaru\u010duje dlouhou \u017eivotnost.<\/p>\n<p><strong>V\u00fdhody:<\/strong><\/p>\n<ul>\n<li>Pevn\u00e1 konstrukce zaji\u0161\u0165uj\u00edc\u00ed stabilitu<\/li>\n<li>Snadn\u00e1 mont\u00e1\u017e na st\u0159e\u0161n\u00ed krokve<\/li>\n<li>Odoln\u00fd proti korozi a mechanick\u00e9mu po\u0161kozen\u00ed<\/li>\n<li>Kompatibiln\u00ed se syst\u00e9my such\u00e9 v\u00fdstavby<\/li>\n<li>Ide\u00e1ln\u00ed pro pou\u017eit\u00ed v podkrovn\u00edch a \u0161ikm\u00fdch prostorech<\/li>\n<\/ul>\n<p><strong>Pou\u017eit\u00ed:<\/strong> Z\u00e1v\u011bs pro podkrov\u00ed se pou\u017e\u00edv\u00e1 p\u0159i mont\u00e1\u017ei podhledov\u00fdch strop\u016f a lehk\u00fdch p\u0159\u00ed\u010dek, zejm\u00e9na v \u0161ikm\u00fdch prostorech, jako jsou podkrov\u00ed. Pou\u017e\u00edv\u00e1 se v such\u00fdch konstrukc\u00edch v rodinn\u00fdch domech, komer\u010dn\u00edch budov\u00e1ch a kancel\u00e1\u0159sk\u00fdch prostorech.<\/p>\n","protected":false},"excerpt":{"rendered":"<p>Z\u00e1v\u011bs pro podkrov\u00ed je nezbytnou sou\u010d\u00e1st\u00ed konstrukce pou\u017e\u00edvanou p\u0159i mont\u00e1\u017ei podhledov\u00fdch strop\u016f na podkrov\u00ed a p\u0159i v\u00fdstavb\u011b lehk\u00fdch p\u0159\u00ed\u010dek. D\u00edky<\/p>\n","protected":false},"featured_media":7112,"comment_status":"open","ping_status":"closed","template":"","meta":{"_acf_changed":false},"product_brand":[],"product_cat":[954,156,946,960],"product_tag":[1199],"class_list":{"0":"post-7122","1":"product","2":"type-product","3":"status-publish","4":"has-post-thumbnail","6":"product_cat-montazni-prislusenstvi","7":"product_cat-stavebni-materialy","8":"product_cat-sucha-vystavba","9":"product_cat-vesaky","10":"product_tag-wieszak-do-poddaszy-cs","11":"product_shipping_class-kurier-cs","12":"pa_producent-budmat-cs","14":"first","15":"instock","16":"taxable","17":"shipping-taxable","18":"purchasable","19":"product-type-simple"},"acf":[],"_links":{"self":[{"href":"https:\/\/sklep.thepartners.pl\/cs\/wp-json\/wp\/v2\/product\/7122","targetHints":{"allow":["GET"]}}],"collection":[{"href":"https:\/\/sklep.thepartners.pl\/cs\/wp-json\/wp\/v2\/product"}],"about":[{"href":"https:\/\/sklep.thepartners.pl\/cs\/wp-json\/wp\/v2\/types\/product"}],"replies":[{"embeddable":true,"href":"https:\/\/sklep.thepartners.pl\/cs\/wp-json\/wp\/v2\/comments?post=7122"}],"wp:featuredmedia":[{"embeddable":true,"href":"https:\/\/sklep.thepartners.pl\/cs\/wp-json\/wp\/v2\/media\/7112"}],"wp:attachment":[{"href":"https:\/\/sklep.thepartners.pl\/cs\/wp-json\/wp\/v2\/media?parent=7122"}],"wp:term":[{"taxonomy":"product_brand","embeddable":true,"href":"https:\/\/sklep.thepartners.pl\/cs\/wp-json\/wp\/v2\/product_brand?post=7122"},{"taxonomy":"product_cat","embeddable":true,"href":"https:\/\/sklep.thepartners.pl\/cs\/wp-json\/wp\/v2\/product_cat?post=7122"},{"taxonomy":"product_tag","embeddable":true,"href":"https:\/\/sklep.thepartners.pl\/cs\/wp-json\/wp\/v2\/product_tag?post=7122"}],"curies":[{"name":"wp","href":"https:\/\/api.w.org\/{rel}","templated":true}]}}