{"id":7136,"date":"2024-10-25T14:12:35","date_gmt":"2024-10-25T12:12:35","guid":{"rendered":"https:\/\/sklep.thepartners.pl\/produkt\/solid-paca-nierdzewna-gladka-130-x-270mm-6000\/"},"modified":"2024-10-28T08:23:52","modified_gmt":"2024-10-28T07:23:52","slug":"solid-paca-nierdzewna-gladka-130-x-270mm-6000","status":"publish","type":"product","link":"https:\/\/sklep.thepartners.pl\/cs\/produkt\/solid-paca-nierdzewna-gladka-130-x-270mm-6000\/","title":{"rendered":"SOLID Hladk\u00e9 nerezov\u00e9 hlad\u00edtko 130 x 270mm 6000"},"content":{"rendered":"<p>SOLID Smooth Stainless Steel Trowel je profesion\u00e1ln\u00ed n\u00e1stroj ur\u010den\u00fd pro p\u0159esn\u00e9 nan\u00e1\u0161en\u00ed om\u00edtek, lepidel, om\u00edtek a dal\u0161\u00edch stavebn\u00edch materi\u00e1l\u016f. St\u011brka vyroben\u00e1 z vysoce kvalitn\u00ed nerezov\u00e9 oceli je odoln\u00e1 v\u016f\u010di korozi, co\u017e zaru\u010duje dlouhou \u017eivotnost a spolehlivost i p\u0159i intenzivn\u00edm pou\u017e\u00edv\u00e1n\u00ed.<\/p>\n<p>D\u00edky pohodln\u00fdm rozm\u011br\u016fm 130 x 270 mm a ergonomick\u00e9 rukojeti se s n\u00e1\u0159ad\u00edm pohodln\u011b pracuje a zaji\u0161\u0165uje plnou kontrolu a pohodl\u00ed p\u0159i nan\u00e1\u0161en\u00ed materi\u00e1l\u016f na povrch.<\/p>\n","protected":false},"excerpt":{"rendered":"<ul>\n<li><strong>Vysok\u00e1 kvalita zpracov\u00e1n\u00ed<\/strong><\/li>\n<li><strong>Ergonomick\u00e1 rukoje\u0165<\/strong><\/li>\n<li><strong>Univerz\u00e1ln\u00ed pou\u017eit\u00ed<\/strong><\/li>\n<li><strong>Snadno se \u010dist\u00ed<\/strong><\/li>\n<li><strong>Profesion\u00e1ln\u00ed proveden\u00ed<\/strong><\/li>\n<\/ul>\n","protected":false},"featured_media":7135,"comment_status":"open","ping_status":"closed","template":"","meta":{"_acf_changed":false},"product_brand":[],"product_cat":[1022,1023],"product_tag":[],"class_list":{"0":"post-7136","1":"product","2":"type-product","3":"status-publish","4":"has-post-thumbnail","6":"product_cat-naradi","7":"product_cat-rucni-naradi","8":"product_shipping_class-kurier-cs","10":"first","11":"instock","12":"taxable","13":"shipping-taxable","14":"purchasable","15":"product-type-simple"},"acf":[],"_links":{"self":[{"href":"https:\/\/sklep.thepartners.pl\/cs\/wp-json\/wp\/v2\/product\/7136","targetHints":{"allow":["GET"]}}],"collection":[{"href":"https:\/\/sklep.thepartners.pl\/cs\/wp-json\/wp\/v2\/product"}],"about":[{"href":"https:\/\/sklep.thepartners.pl\/cs\/wp-json\/wp\/v2\/types\/product"}],"replies":[{"embeddable":true,"href":"https:\/\/sklep.thepartners.pl\/cs\/wp-json\/wp\/v2\/comments?post=7136"}],"wp:featuredmedia":[{"embeddable":true,"href":"https:\/\/sklep.thepartners.pl\/cs\/wp-json\/wp\/v2\/media\/7135"}],"wp:attachment":[{"href":"https:\/\/sklep.thepartners.pl\/cs\/wp-json\/wp\/v2\/media?parent=7136"}],"wp:term":[{"taxonomy":"product_brand","embeddable":true,"href":"https:\/\/sklep.thepartners.pl\/cs\/wp-json\/wp\/v2\/product_brand?post=7136"},{"taxonomy":"product_cat","embeddable":true,"href":"https:\/\/sklep.thepartners.pl\/cs\/wp-json\/wp\/v2\/product_cat?post=7136"},{"taxonomy":"product_tag","embeddable":true,"href":"https:\/\/sklep.thepartners.pl\/cs\/wp-json\/wp\/v2\/product_tag?post=7136"}],"curies":[{"name":"wp","href":"https:\/\/api.w.org\/{rel}","templated":true}]}}