{"id":7138,"date":"2024-10-25T14:13:36","date_gmt":"2024-10-25T12:13:36","guid":{"rendered":"https:\/\/sklep.thepartners.pl\/?post_type=product&#038;p=7138"},"modified":"2024-10-28T08:13:18","modified_gmt":"2024-10-28T07:13:18","slug":"solid-paca-nierdzewna-zebata-r-2k-4mm-130x270mm-6001","status":"publish","type":"product","link":"https:\/\/sklep.thepartners.pl\/cs\/produkt\/solid-paca-nierdzewna-zebata-r-2k-4mm-130x270mm-6001\/","title":{"rendered":"SOLID nerezov\u00e1 ocel zubov\u00e1 st\u011brka R. 2K 4 mm 130 x 270 mm (6001)"},"content":{"rendered":"<p>SOLID Stainless Steel Notched Gowel 4 mm 2K (model 6001) je profesion\u00e1ln\u00ed n\u00e1stroj ur\u010den\u00fd pro p\u0159esn\u00e9 nan\u00e1\u0161en\u00ed lepidel, malt a jin\u00fdch stavebn\u00edch materi\u00e1l\u016f. Ozuben\u00ed o v\u00fd\u0161ce 4 mm zaji\u0161\u0165uje rovnom\u011brn\u00e9 rozlo\u017een\u00ed materi\u00e1lu, co\u017e je kl\u00ed\u010dov\u00e9 pro dosa\u017een\u00ed trval\u00e9 a pevn\u00e9 p\u0159ilnavosti krytin, jako jsou keramick\u00e9 dla\u017edice, kamenina nebo p\u0159\u00edrodn\u00ed k\u00e1men.<\/p>\n<p>\u010cepel vyroben\u00e1 z vysoce kvalitn\u00ed nerezov\u00e9 oceli zaru\u010duje odolnost proti korozi a dlouhou \u017eivotnost. Dvouslo\u017ekov\u00e1, ergonomick\u00e1 rukoje\u0165 (2K) nab\u00edz\u00ed pohodln\u00fd, protiskluzov\u00fd \u00fachop, kter\u00fd umo\u017e\u0148uje pohodlnou a kontrolovanou pr\u00e1ci i p\u0159i dlouhodob\u00e9m pou\u017e\u00edv\u00e1n\u00ed. SOLID st\u011brka (6001) je nenahraditeln\u00fd n\u00e1stroj pro profesion\u00e1ly a kutily.<\/p>\n","protected":false},"excerpt":{"rendered":"<ul>\n<li><strong>Vysok\u00e1 kvalita zpracov\u00e1n\u00ed<\/strong><\/li>\n<li><strong>Ergonomick\u00e1 rukoje\u0165<\/strong><\/li>\n<li><strong>Univerz\u00e1ln\u00ed pou\u017eit\u00ed<\/strong><\/li>\n<li><strong>Snadno se \u010dist\u00ed<\/strong><\/li>\n<li><strong>Profesion\u00e1ln\u00ed proveden\u00ed<\/strong><\/li>\n<\/ul>\n","protected":false},"featured_media":7144,"comment_status":"open","ping_status":"closed","template":"","meta":{"_acf_changed":false},"product_brand":[],"product_cat":[1022,1023],"product_tag":[],"class_list":{"0":"post-7138","1":"product","2":"type-product","3":"status-publish","4":"has-post-thumbnail","6":"product_cat-naradi","7":"product_cat-rucni-naradi","8":"product_shipping_class-kurier-cs","10":"first","11":"instock","12":"taxable","13":"shipping-taxable","14":"purchasable","15":"product-type-simple"},"acf":[],"_links":{"self":[{"href":"https:\/\/sklep.thepartners.pl\/cs\/wp-json\/wp\/v2\/product\/7138","targetHints":{"allow":["GET"]}}],"collection":[{"href":"https:\/\/sklep.thepartners.pl\/cs\/wp-json\/wp\/v2\/product"}],"about":[{"href":"https:\/\/sklep.thepartners.pl\/cs\/wp-json\/wp\/v2\/types\/product"}],"replies":[{"embeddable":true,"href":"https:\/\/sklep.thepartners.pl\/cs\/wp-json\/wp\/v2\/comments?post=7138"}],"wp:featuredmedia":[{"embeddable":true,"href":"https:\/\/sklep.thepartners.pl\/cs\/wp-json\/wp\/v2\/media\/7144"}],"wp:attachment":[{"href":"https:\/\/sklep.thepartners.pl\/cs\/wp-json\/wp\/v2\/media?parent=7138"}],"wp:term":[{"taxonomy":"product_brand","embeddable":true,"href":"https:\/\/sklep.thepartners.pl\/cs\/wp-json\/wp\/v2\/product_brand?post=7138"},{"taxonomy":"product_cat","embeddable":true,"href":"https:\/\/sklep.thepartners.pl\/cs\/wp-json\/wp\/v2\/product_cat?post=7138"},{"taxonomy":"product_tag","embeddable":true,"href":"https:\/\/sklep.thepartners.pl\/cs\/wp-json\/wp\/v2\/product_tag?post=7138"}],"curies":[{"name":"wp","href":"https:\/\/api.w.org\/{rel}","templated":true}]}}