{"id":7160,"date":"2024-10-25T16:10:27","date_gmt":"2024-10-25T14:10:27","guid":{"rendered":"https:\/\/sklep.thepartners.pl\/produkt\/solid-szpachelka-nierdz-40mm-2k-6071\/"},"modified":"2024-10-28T08:44:05","modified_gmt":"2024-10-28T07:44:05","slug":"solid-szpachelka-nierdz-40mm-2k-6071","status":"publish","type":"product","link":"https:\/\/sklep.thepartners.pl\/cs\/produkt\/solid-szpachelka-nierdz-40mm-2k-6071\/","title":{"rendered":"SOLID St\u011brka z nerezov\u00e9 oceli. 40 mm 2K 6071"},"content":{"rendered":"<p>SOLID Nerezov\u00e1 \u0161pachtle 40 mm 2K (model 6071) je odoln\u00fd, profesion\u00e1ln\u00ed n\u00e1stroj vytvo\u0159en\u00fd pro p\u0159esn\u00e9 dokon\u010dovac\u00ed a renova\u010dn\u00ed pr\u00e1ce. \u0160pachtle vyroben\u00e1 z vysoce kvalitn\u00ed nerezov\u00e9 oceli poskytuje odolnost proti korozi, co\u017e zaru\u010duje jej\u00ed dlouhou \u017eivotnost. \u0160\u00ed\u0159ka \u010depele 40 mm umo\u017e\u0148uje p\u0159esn\u00e9 a p\u0159esn\u00e9 nan\u00e1\u0161en\u00ed om\u00edtek, tmel\u016f a dal\u0161\u00edch stavebn\u00edch materi\u00e1l\u016f na men\u0161\u00ed plochy a t\u011b\u017eko dostupn\u00e1 m\u00edsta.<\/p>\n<p>\u0160pachtle je vybavena ergonomickou dvouslo\u017ekovou rukojet\u00ed (2K), kter\u00e1 je protiskluzov\u00e1 a zaji\u0161\u0165uje pevn\u00fd \u00fachop, co\u017e v\u00fdrazn\u011b zvy\u0161uje pracovn\u00ed komfort a p\u0159esnost. SOLID St\u011brka 6071 je nenahraditeln\u00fd n\u00e1stroj pro profesion\u00e1ly a lidi zab\u00fdvaj\u00edc\u00ed se renovac\u00ed a dokon\u010dovac\u00edmi pr\u00e1cemi interi\u00e9r\u016f.<\/p>\n","protected":false},"excerpt":{"rendered":"<ul>\n<li><strong>\u010cepel z nerezov\u00e9 oceli<\/strong><\/li>\n<li><strong>Dvouslo\u017ekov\u00e1 rukoje\u0165 (2K)<\/strong><\/li>\n<li><strong>Multifunk\u010dnost<\/strong><\/li>\n<li><strong>P\u0159esn\u00e9 rozm\u011bry<\/strong><\/li>\n<li><strong>Snadno se \u010dist\u00ed<\/strong><\/li>\n<\/ul>\n","protected":false},"featured_media":7159,"comment_status":"open","ping_status":"closed","template":"","meta":{"_acf_changed":false},"product_brand":[],"product_cat":[1022,1023],"product_tag":[],"class_list":{"0":"post-7160","1":"product","2":"type-product","3":"status-publish","4":"has-post-thumbnail","6":"product_cat-naradi","7":"product_cat-rucni-naradi","8":"product_shipping_class-kurier-cs","10":"first","11":"instock","12":"taxable","13":"shipping-taxable","14":"purchasable","15":"product-type-simple"},"acf":[],"_links":{"self":[{"href":"https:\/\/sklep.thepartners.pl\/cs\/wp-json\/wp\/v2\/product\/7160","targetHints":{"allow":["GET"]}}],"collection":[{"href":"https:\/\/sklep.thepartners.pl\/cs\/wp-json\/wp\/v2\/product"}],"about":[{"href":"https:\/\/sklep.thepartners.pl\/cs\/wp-json\/wp\/v2\/types\/product"}],"replies":[{"embeddable":true,"href":"https:\/\/sklep.thepartners.pl\/cs\/wp-json\/wp\/v2\/comments?post=7160"}],"wp:featuredmedia":[{"embeddable":true,"href":"https:\/\/sklep.thepartners.pl\/cs\/wp-json\/wp\/v2\/media\/7159"}],"wp:attachment":[{"href":"https:\/\/sklep.thepartners.pl\/cs\/wp-json\/wp\/v2\/media?parent=7160"}],"wp:term":[{"taxonomy":"product_brand","embeddable":true,"href":"https:\/\/sklep.thepartners.pl\/cs\/wp-json\/wp\/v2\/product_brand?post=7160"},{"taxonomy":"product_cat","embeddable":true,"href":"https:\/\/sklep.thepartners.pl\/cs\/wp-json\/wp\/v2\/product_cat?post=7160"},{"taxonomy":"product_tag","embeddable":true,"href":"https:\/\/sklep.thepartners.pl\/cs\/wp-json\/wp\/v2\/product_tag?post=7160"}],"curies":[{"name":"wp","href":"https:\/\/api.w.org\/{rel}","templated":true}]}}