{"id":7162,"date":"2024-10-25T16:11:34","date_gmt":"2024-10-25T14:11:34","guid":{"rendered":"https:\/\/sklep.thepartners.pl\/?post_type=product&#038;p=7162"},"modified":"2025-07-21T12:38:45","modified_gmt":"2025-07-21T10:38:45","slug":"solid-szpachelka-nierdz-60mm-2k-6071","status":"publish","type":"product","link":"https:\/\/sklep.thepartners.pl\/cs\/produkt\/solid-szpachelka-nierdz-60mm-2k-6071\/","title":{"rendered":"SOLID Szpachelka nierdz. 60mm 2K 6072"},"content":{"rendered":"<p><strong>SOLID Szpachelka Nierdzewna 60 mm 2K (model 6071)<\/strong> to precyzyjne narz\u0119dzie zaprojektowane do wykonywania prac wyko\u0144czeniowych i renowacyjnych, takich jak szpachlowanie, nak\u0142adanie g\u0142adzi czy wype\u0142nianie ubytk\u00f3w. Dzi\u0119ki ostrzu wykonanemu z wysokiej jako\u015bci stali nierdzewnej, szpachelka zapewnia odporno\u015b\u0107 na korozj\u0119 oraz trwa\u0142o\u015b\u0107, nawet przy intensywnym u\u017cytkowaniu.<\/p>\n<p>Uchwyt 2K, czyli dwukomponentowy, gwarantuje wygodny, antypo\u015blizgowy chwyt, zapewniaj\u0105c pe\u0142n\u0105 kontrol\u0119 podczas pracy. Ergonomiczny kszta\u0142t minimalizuje zm\u0119czenie d\u0142oni, co sprawia, \u017ce praca z t\u0105 szpachelk\u0105 jest komfortowa i wydajna, zar\u00f3wno dla profesjonalist\u00f3w, jak i hobbyst\u00f3w.<\/p>\n","protected":false},"excerpt":{"rendered":"<ul>\n<li><strong>Ostrze ze stali nierdzewnej<\/strong><\/li>\n<li><strong>Dwukomponentowy uchwyt (2K)<\/strong><\/li>\n<li><strong>Wielofunkcyjno\u015b\u0107<\/strong><\/li>\n<li><strong>Precyzyjne wymiary<\/strong><\/li>\n<li><strong>\u0141atwa w czyszczeniu<\/strong><\/li>\n<\/ul>\n","protected":false},"featured_media":7159,"comment_status":"open","ping_status":"closed","template":"","meta":{"_acf_changed":false},"product_brand":[],"product_cat":[1022,1023],"product_tag":[],"class_list":{"0":"post-7162","1":"product","2":"type-product","3":"status-publish","4":"has-post-thumbnail","6":"product_cat-naradi","7":"product_cat-rucni-naradi","8":"product_shipping_class-kurier-cs","10":"first","11":"instock","12":"taxable","13":"shipping-taxable","14":"purchasable","15":"product-type-simple"},"acf":[],"_links":{"self":[{"href":"https:\/\/sklep.thepartners.pl\/cs\/wp-json\/wp\/v2\/product\/7162","targetHints":{"allow":["GET"]}}],"collection":[{"href":"https:\/\/sklep.thepartners.pl\/cs\/wp-json\/wp\/v2\/product"}],"about":[{"href":"https:\/\/sklep.thepartners.pl\/cs\/wp-json\/wp\/v2\/types\/product"}],"replies":[{"embeddable":true,"href":"https:\/\/sklep.thepartners.pl\/cs\/wp-json\/wp\/v2\/comments?post=7162"}],"wp:featuredmedia":[{"embeddable":true,"href":"https:\/\/sklep.thepartners.pl\/cs\/wp-json\/wp\/v2\/media\/7159"}],"wp:attachment":[{"href":"https:\/\/sklep.thepartners.pl\/cs\/wp-json\/wp\/v2\/media?parent=7162"}],"wp:term":[{"taxonomy":"product_brand","embeddable":true,"href":"https:\/\/sklep.thepartners.pl\/cs\/wp-json\/wp\/v2\/product_brand?post=7162"},{"taxonomy":"product_cat","embeddable":true,"href":"https:\/\/sklep.thepartners.pl\/cs\/wp-json\/wp\/v2\/product_cat?post=7162"},{"taxonomy":"product_tag","embeddable":true,"href":"https:\/\/sklep.thepartners.pl\/cs\/wp-json\/wp\/v2\/product_tag?post=7162"}],"curies":[{"name":"wp","href":"https:\/\/api.w.org\/{rel}","templated":true}]}}