{"id":7171,"date":"2024-10-28T08:10:41","date_gmt":"2024-10-28T07:10:41","guid":{"rendered":"https:\/\/sklep.thepartners.pl\/produkt\/plyta-gipsowo-kartonowa-smart-nida-120x200x125cm\/"},"modified":"2024-10-28T08:33:55","modified_gmt":"2024-10-28T07:33:55","slug":"plyta-gipsowo-kartonowa-smart-nida-120x200x125cm","status":"publish","type":"product","link":"https:\/\/sklep.thepartners.pl\/cs\/produkt\/plyta-gipsowo-kartonowa-smart-nida-120x200x125cm\/","title":{"rendered":"S\u00e1drokartonov\u00e1 deska Smart Nida 200x120x12,5cm"},"content":{"rendered":"<p>S\u00e1drokartonov\u00e1 deska Smart Nida je v\u0161estrann\u00e1 a pevn\u00e1 deska ur\u010den\u00e1 k v\u00fdstavb\u011b p\u0159\u00ed\u010dek, podhled\u016f a obklad\u016f st\u011bn v such\u00fdch interi\u00e9rech. Jej\u00ed trvanlivost a snadn\u00e1 mont\u00e1\u017e z n\u00ed \u010din\u00ed ide\u00e1ln\u00ed volbu pro dom\u00e1c\u00ed i komer\u010dn\u00ed pou\u017eit\u00ed. D\u00edky hladk\u00e9mu povrchu nab\u00edz\u00ed perfektn\u00ed z\u00e1kladnu pro malov\u00e1n\u00ed nebo tapetov\u00e1n\u00ed a usnad\u0148uje dosa\u017een\u00ed esteticky p\u0159\u00edjemn\u00e9ho v\u00fdsledku.<\/p>\n<p><strong>V\u00fdhody:<\/strong><\/p>\n<ul>\n<li>V\u0161estrannost a snadn\u00e1 instalace<\/li>\n<li>Vysok\u00e1 odolnost proti po\u0161kozen\u00ed<\/li>\n<li>Vhodn\u00e1 z\u00e1kladna pro malov\u00e1n\u00ed a tapetov\u00e1n\u00ed<\/li>\n<li>Snadn\u00e9 opracov\u00e1n\u00ed pro profesion\u00e1ly i kutily<\/li>\n<li>Ekologick\u00e1 a bezpe\u010dn\u00e1<\/li>\n<\/ul>\n<p><strong>Pou\u017eit\u00ed:<\/strong> Deska Smart Nida je ide\u00e1ln\u00ed pro lehk\u00e9 p\u0159\u00ed\u010dky, podhledy a obklady st\u011bn v interi\u00e9rech. Je vhodn\u00e1 pro obytn\u00e9 prostory, kancel\u00e1\u0159e i komer\u010dn\u00ed objekty, kde je d\u016fle\u017eit\u00e1 estetika a odolnost materi\u00e1lu.<\/p>\n","protected":false},"excerpt":{"rendered":"<blockquote><p><strong>D\u011blic\u00ed st\u011bny<\/strong><\/p>\n<p><strong>Podhledy<\/strong><\/p>\n<p><strong>Vnit\u0159n\u00ed obklad st\u011bn<\/strong><\/p><\/blockquote>\n","protected":false},"featured_media":7170,"comment_status":"open","ping_status":"closed","template":"","meta":{"_acf_changed":false},"product_brand":[],"product_cat":[156,946,948],"product_tag":[],"class_list":{"0":"post-7171","1":"product","2":"type-product","3":"status-publish","4":"has-post-thumbnail","6":"product_cat-stavebni-materialy","7":"product_cat-sucha-vystavba","8":"product_cat-sadrokartonove-desky","9":"product_shipping_class-transport-the-partners-cs","10":"pa_producent-siniat-cs","12":"first","13":"instock","14":"taxable","15":"shipping-taxable","16":"purchasable","17":"product-type-simple"},"acf":[],"_links":{"self":[{"href":"https:\/\/sklep.thepartners.pl\/cs\/wp-json\/wp\/v2\/product\/7171","targetHints":{"allow":["GET"]}}],"collection":[{"href":"https:\/\/sklep.thepartners.pl\/cs\/wp-json\/wp\/v2\/product"}],"about":[{"href":"https:\/\/sklep.thepartners.pl\/cs\/wp-json\/wp\/v2\/types\/product"}],"replies":[{"embeddable":true,"href":"https:\/\/sklep.thepartners.pl\/cs\/wp-json\/wp\/v2\/comments?post=7171"}],"wp:featuredmedia":[{"embeddable":true,"href":"https:\/\/sklep.thepartners.pl\/cs\/wp-json\/wp\/v2\/media\/7170"}],"wp:attachment":[{"href":"https:\/\/sklep.thepartners.pl\/cs\/wp-json\/wp\/v2\/media?parent=7171"}],"wp:term":[{"taxonomy":"product_brand","embeddable":true,"href":"https:\/\/sklep.thepartners.pl\/cs\/wp-json\/wp\/v2\/product_brand?post=7171"},{"taxonomy":"product_cat","embeddable":true,"href":"https:\/\/sklep.thepartners.pl\/cs\/wp-json\/wp\/v2\/product_cat?post=7171"},{"taxonomy":"product_tag","embeddable":true,"href":"https:\/\/sklep.thepartners.pl\/cs\/wp-json\/wp\/v2\/product_tag?post=7171"}],"curies":[{"name":"wp","href":"https:\/\/api.w.org\/{rel}","templated":true}]}}