{"id":7187,"date":"2024-10-28T08:34:14","date_gmt":"2024-10-28T07:34:14","guid":{"rendered":"https:\/\/sklep.thepartners.pl\/?post_type=product&#038;p=7187"},"modified":"2024-10-28T08:36:31","modified_gmt":"2024-10-28T07:36:31","slug":"sadrokartonova-deska-vodeodolna-smart-nida-200x120x125cm-kopia","status":"publish","type":"product","link":"https:\/\/sklep.thepartners.pl\/cs\/produkt\/sadrokartonova-deska-vodeodolna-smart-nida-200x120x125cm-kopia\/","title":{"rendered":"S\u00e1drokartonov\u00e1 deska Vod\u011bodoln\u00e1 Smart Nida 260x120x12,5cm"},"content":{"rendered":"<div class=\"flex max-w-full flex-col flex-grow\">\n<div class=\"min-h-8 text-message flex w-full flex-col items-end gap-2 whitespace-normal break-words [.text-message+&amp;]:mt-5\" dir=\"auto\" data-message-author-role=\"assistant\" data-message-id=\"1e50884b-2c78-4da8-a930-13f0294ea655\" data-message-model-slug=\"gpt-4o\">\n<div class=\"flex w-full flex-col gap-1 empty:hidden first:pt-[3px]\">\n<div class=\"markdown prose w-full break-words dark:prose-invert light\">\n<p>S\u00e1drokartonov\u00e1 deska Vod\u011bodoln\u00e1 Smart Nida je speci\u00e1ln\u00ed deska ur\u010den\u00e1 pro prostory s vysokou vlhkost\u00ed, jako jsou koupelny, kuchyn\u011b nebo pr\u00e1delny. D\u00edky vod\u011bodoln\u00fdm vlastnostem je mnohem odoln\u011bj\u0161\u00ed v\u016f\u010di vlhkosti ne\u017e b\u011b\u017en\u00e9 s\u00e1drokartonov\u00e9 desky, co\u017e zaji\u0161\u0165uje del\u0161\u00ed \u017eivotnost a stabilitu konstrukc\u00ed. Hydrofobn\u00ed povrchov\u00e1 \u00faprava v\u00fdrazn\u011b omezuje absorpci vlhkosti a d\u011bl\u00e1 tuto desku ide\u00e1ln\u00ed volbou do n\u00e1ro\u010dn\u00fdch podm\u00ednek.<\/p>\n<p><strong>V\u00fdhody:<\/strong><\/p>\n<ul>\n<li>Vod\u011bodoln\u00fd povrch ide\u00e1ln\u00ed pro vlhk\u00e9 prostory<\/li>\n<li>Vysok\u00e1 odolnost proti deformac\u00edm<\/li>\n<li>Snadn\u00e1 instalace a opracov\u00e1n\u00ed<\/li>\n<li>Perfektn\u00ed z\u00e1kladna pro keramick\u00e9 obklady, n\u00e1t\u011bry a jin\u00e9 n\u00e1st\u011bnn\u00e9 povrchy<\/li>\n<li>Ekologick\u00e9 a bezpe\u010dn\u00e9 slo\u017een\u00ed<\/li>\n<\/ul>\n<p><strong>Pou\u017eit\u00ed:<\/strong> Vod\u011bodoln\u00e1 deska Smart Nida je ur\u010dena pro prostory vystaven\u00e9 vlhkosti, jako jsou koupelny, kuchyn\u011b a pr\u00e1delny. Je ide\u00e1ln\u00ed pro pou\u017eit\u00ed v dom\u00e1cnostech i ve\u0159ejn\u00fdch budov\u00e1ch, kde poskytuje vysokou odolnost v n\u00e1ro\u010dn\u00fdch podm\u00ednk\u00e1ch a zaji\u0161\u0165uje stabilitu konstrukc\u00ed.<\/p>\n<\/div>\n<\/div>\n<\/div>\n<\/div>\n","protected":false},"excerpt":{"rendered":"<blockquote><p><strong>Odoln\u00fd proti vlhkosti<\/strong><\/p>\n<p><strong>Poskytuje sn\u00ed\u017eenou absorpci vody &#8211; absorpce vody m\u00e9n\u011b ne\u017e 10%.<\/strong><\/p>\n<p><strong>Akustick\u00e1 izolace.<\/strong><\/p><\/blockquote>\n","protected":false},"featured_media":7182,"comment_status":"open","ping_status":"closed","template":"","meta":{"_acf_changed":false},"product_brand":[],"product_cat":[948,156,946],"product_tag":[],"class_list":{"0":"post-7187","1":"product","2":"type-product","3":"status-publish","4":"has-post-thumbnail","6":"product_cat-sadrokartonove-desky","7":"product_cat-stavebni-materialy","8":"product_cat-sucha-vystavba","9":"product_shipping_class-transport-the-partners-cs","10":"pa_producent-siniat-cs","12":"first","13":"instock","14":"taxable","15":"shipping-taxable","16":"purchasable","17":"product-type-simple"},"acf":[],"_links":{"self":[{"href":"https:\/\/sklep.thepartners.pl\/cs\/wp-json\/wp\/v2\/product\/7187","targetHints":{"allow":["GET"]}}],"collection":[{"href":"https:\/\/sklep.thepartners.pl\/cs\/wp-json\/wp\/v2\/product"}],"about":[{"href":"https:\/\/sklep.thepartners.pl\/cs\/wp-json\/wp\/v2\/types\/product"}],"replies":[{"embeddable":true,"href":"https:\/\/sklep.thepartners.pl\/cs\/wp-json\/wp\/v2\/comments?post=7187"}],"wp:featuredmedia":[{"embeddable":true,"href":"https:\/\/sklep.thepartners.pl\/cs\/wp-json\/wp\/v2\/media\/7182"}],"wp:attachment":[{"href":"https:\/\/sklep.thepartners.pl\/cs\/wp-json\/wp\/v2\/media?parent=7187"}],"wp:term":[{"taxonomy":"product_brand","embeddable":true,"href":"https:\/\/sklep.thepartners.pl\/cs\/wp-json\/wp\/v2\/product_brand?post=7187"},{"taxonomy":"product_cat","embeddable":true,"href":"https:\/\/sklep.thepartners.pl\/cs\/wp-json\/wp\/v2\/product_cat?post=7187"},{"taxonomy":"product_tag","embeddable":true,"href":"https:\/\/sklep.thepartners.pl\/cs\/wp-json\/wp\/v2\/product_tag?post=7187"}],"curies":[{"name":"wp","href":"https:\/\/api.w.org\/{rel}","templated":true}]}}