{"id":7203,"date":"2024-10-28T09:15:07","date_gmt":"2024-10-28T08:15:07","guid":{"rendered":"https:\/\/sklep.thepartners.pl\/?post_type=product&#038;p=7203"},"modified":"2024-10-28T09:25:43","modified_gmt":"2024-10-28T08:25:43","slug":"solid-sterka-z-nerezove-oceli-80-mm-2k-6073-kopia","status":"publish","type":"product","link":"https:\/\/sklep.thepartners.pl\/cs\/produkt\/solid-sterka-z-nerezove-oceli-80-mm-2k-6073-kopia\/","title":{"rendered":"SOLID St\u011brka z nerezov\u00e9 oceli. 80 mm 2K 6073 (Kopia)"},"content":{"rendered":"<p>SOLID Nerezov\u00e1 \u0161pachtle 80 mm 2K (model 6073) je pevn\u00fd n\u00e1stroj ur\u010den\u00fd pro profesion\u00e1ln\u00ed a p\u0159esn\u00e9 dokon\u010dovac\u00ed pr\u00e1ce, jako je vypl\u0148ov\u00e1n\u00ed, nan\u00e1\u0161en\u00ed om\u00edtky a vyrovn\u00e1v\u00e1n\u00ed povrch\u016f. D\u00edky tomu, \u017ee je vyrobena z kvalitn\u00ed nerezov\u00e9 oceli, je st\u011brka odoln\u00e1 v\u016f\u010di korozi, co\u017e zaru\u010duje jej\u00ed dlouhodobou \u017eivotnost i p\u0159i intenzivn\u00edm pou\u017e\u00edv\u00e1n\u00ed.<\/p>\n<p>Ergonomick\u00e1, dvouslo\u017ekov\u00e1 2K rukoje\u0165 poskytuje pohodln\u00fd, neklouzav\u00fd \u00fachop, kter\u00fd se prom\u00edt\u00e1 do v\u011bt\u0161\u00ed p\u0159esnosti a pohodl\u00ed p\u0159i pr\u00e1ci. \u0160pachtle o \u0161\u00ed\u0159ce 60 mm je ide\u00e1ln\u00ed pro p\u0159esn\u00e9 nan\u00e1\u0161en\u00ed materi\u00e1l\u016f na st\u0159edn\u00ed a t\u011b\u017eko dostupn\u00e9 povrchy.<\/p>\n","protected":false},"excerpt":{"rendered":"<ul>\n<li><strong>\u010cepel z nerezov\u00e9 oceli<\/strong><\/li>\n<li><strong>Dvouslo\u017ekov\u00e1 rukoje\u0165 (2K)<\/strong><\/li>\n<li><strong>Multifunk\u010dnost<\/strong><\/li>\n<li><strong>P\u0159esn\u00e9 rozm\u011bry<\/strong><\/li>\n<li><strong>Snadno se \u010dist\u00ed<\/strong><\/li>\n<\/ul>\n","protected":false},"featured_media":7159,"comment_status":"open","ping_status":"closed","template":"","meta":{"_acf_changed":false},"product_brand":[],"product_cat":[1022,1023],"product_tag":[],"class_list":{"0":"post-7203","1":"product","2":"type-product","3":"status-publish","4":"has-post-thumbnail","6":"product_cat-naradi","7":"product_cat-rucni-naradi","8":"product_shipping_class-kurier-cs","10":"first","11":"instock","12":"taxable","13":"shipping-taxable","14":"purchasable","15":"product-type-simple"},"acf":[],"_links":{"self":[{"href":"https:\/\/sklep.thepartners.pl\/cs\/wp-json\/wp\/v2\/product\/7203","targetHints":{"allow":["GET"]}}],"collection":[{"href":"https:\/\/sklep.thepartners.pl\/cs\/wp-json\/wp\/v2\/product"}],"about":[{"href":"https:\/\/sklep.thepartners.pl\/cs\/wp-json\/wp\/v2\/types\/product"}],"replies":[{"embeddable":true,"href":"https:\/\/sklep.thepartners.pl\/cs\/wp-json\/wp\/v2\/comments?post=7203"}],"wp:featuredmedia":[{"embeddable":true,"href":"https:\/\/sklep.thepartners.pl\/cs\/wp-json\/wp\/v2\/media\/7159"}],"wp:attachment":[{"href":"https:\/\/sklep.thepartners.pl\/cs\/wp-json\/wp\/v2\/media?parent=7203"}],"wp:term":[{"taxonomy":"product_brand","embeddable":true,"href":"https:\/\/sklep.thepartners.pl\/cs\/wp-json\/wp\/v2\/product_brand?post=7203"},{"taxonomy":"product_cat","embeddable":true,"href":"https:\/\/sklep.thepartners.pl\/cs\/wp-json\/wp\/v2\/product_cat?post=7203"},{"taxonomy":"product_tag","embeddable":true,"href":"https:\/\/sklep.thepartners.pl\/cs\/wp-json\/wp\/v2\/product_tag?post=7203"}],"curies":[{"name":"wp","href":"https:\/\/api.w.org\/{rel}","templated":true}]}}