{"id":7222,"date":"2024-10-28T10:18:37","date_gmt":"2024-10-28T09:18:37","guid":{"rendered":"https:\/\/sklep.thepartners.pl\/?post_type=product&#038;p=7222"},"modified":"2024-10-29T09:00:16","modified_gmt":"2024-10-29T08:00:16","slug":"solid-szpachla-fasadowa-premium-450mm-6091","status":"publish","type":"product","link":"https:\/\/sklep.thepartners.pl\/cs\/produkt\/solid-szpachla-fasadowa-premium-450mm-6091\/","title":{"rendered":"SOLID Fas\u00e1dn\u00ed tmel PREMIUM 450mm 6091"},"content":{"rendered":"<p><strong>SOLID Fas\u00e1dn\u00ed tmel PREMIUM 450 mm (model 6091) <\/strong>je vysoce kvalitn\u00ed n\u00e1stroj ur\u010den\u00fd pro p\u0159esn\u00e9 a rovnom\u011brn\u00e9 nan\u00e1\u0161en\u00ed om\u00edtek, om\u00edtek a dokon\u010dovac\u00edch hmot na velk\u00e9 plochy, jako jsou fas\u00e1dy budov. D\u00edky \u0161irok\u00e9 \u010depeli dlouh\u00e9 450 mm umo\u017e\u0148uje tmel rychl\u00e9 a efektivn\u00ed zakryt\u00ed velk\u00fdch ploch a nerezov\u00e1 konstrukce zaru\u010duje odolnost proti korozi a \u017eivotnost i v n\u00e1ro\u010dn\u00fdch podm\u00ednk\u00e1ch.<\/p>\n<p>Ergonomick\u00e1 rukoje\u0165 PREMIUM zaji\u0161\u0165uje pohodl\u00ed a bezpe\u010dnost a umo\u017e\u0148uje pevn\u00e9 uchopen\u00ed p\u0159i dlouhodob\u00e9 pr\u00e1ci. Fas\u00e1dn\u00ed tmel SOLID PREMIUM (6090) je nenahraditeln\u00fdm n\u00e1strojem pro profesion\u00e1ly a lidi zab\u00fdvaj\u00edc\u00ed se renovacemi a dokon\u010dovac\u00edmi \u00fapravami na nejvy\u0161\u0161\u00ed \u00farovni.<\/p>\n","protected":false},"excerpt":{"rendered":"<ul>\n<li><strong>\u010cepel z nerezov\u00e9 oceli<\/strong><\/li>\n<li><strong>PREMIUM rukoje\u0165<\/strong><\/li>\n<li><strong>\u0160\u00ed\u0159ka 450 mm<\/strong><\/li>\n<li><strong>V\u0161estrannost<\/strong><\/li>\n<li><strong>Snadno se \u010dist\u00ed<\/strong><\/li>\n<\/ul>\n","protected":false},"featured_media":7217,"comment_status":"open","ping_status":"closed","template":"","meta":{"_acf_changed":false},"product_brand":[],"product_cat":[1022,1023],"product_tag":[],"class_list":{"0":"post-7222","1":"product","2":"type-product","3":"status-publish","4":"has-post-thumbnail","6":"product_cat-naradi","7":"product_cat-rucni-naradi","8":"product_shipping_class-kurier-cs","10":"first","11":"instock","12":"taxable","13":"shipping-taxable","14":"purchasable","15":"product-type-simple"},"acf":[],"_links":{"self":[{"href":"https:\/\/sklep.thepartners.pl\/cs\/wp-json\/wp\/v2\/product\/7222","targetHints":{"allow":["GET"]}}],"collection":[{"href":"https:\/\/sklep.thepartners.pl\/cs\/wp-json\/wp\/v2\/product"}],"about":[{"href":"https:\/\/sklep.thepartners.pl\/cs\/wp-json\/wp\/v2\/types\/product"}],"replies":[{"embeddable":true,"href":"https:\/\/sklep.thepartners.pl\/cs\/wp-json\/wp\/v2\/comments?post=7222"}],"wp:featuredmedia":[{"embeddable":true,"href":"https:\/\/sklep.thepartners.pl\/cs\/wp-json\/wp\/v2\/media\/7217"}],"wp:attachment":[{"href":"https:\/\/sklep.thepartners.pl\/cs\/wp-json\/wp\/v2\/media?parent=7222"}],"wp:term":[{"taxonomy":"product_brand","embeddable":true,"href":"https:\/\/sklep.thepartners.pl\/cs\/wp-json\/wp\/v2\/product_brand?post=7222"},{"taxonomy":"product_cat","embeddable":true,"href":"https:\/\/sklep.thepartners.pl\/cs\/wp-json\/wp\/v2\/product_cat?post=7222"},{"taxonomy":"product_tag","embeddable":true,"href":"https:\/\/sklep.thepartners.pl\/cs\/wp-json\/wp\/v2\/product_tag?post=7222"}],"curies":[{"name":"wp","href":"https:\/\/api.w.org\/{rel}","templated":true}]}}