{"id":7234,"date":"2024-10-28T10:58:04","date_gmt":"2024-10-28T09:58:04","guid":{"rendered":"https:\/\/sklep.thepartners.pl\/produkt\/profil-kapeluszowy-3m\/"},"modified":"2024-10-28T10:59:28","modified_gmt":"2024-10-28T09:59:28","slug":"profil-kapeluszowy-3m","status":"publish","type":"product","link":"https:\/\/sklep.thepartners.pl\/cs\/produkt\/profil-kapeluszowy-3m\/","title":{"rendered":"Profil Kloboukov\u00fd 3m"},"content":{"rendered":"<div class=\"flex max-w-full flex-col flex-grow\">\n<div class=\"min-h-8 text-message flex w-full flex-col items-end gap-2 whitespace-normal break-words [.text-message+&amp;]:mt-5\" dir=\"auto\" data-message-author-role=\"assistant\" data-message-id=\"df0ba85b-bb4d-4729-a077-e2c15b19150f\" data-message-model-slug=\"gpt-4o\">\n<div class=\"flex w-full flex-col gap-1 empty:hidden first:pt-[3px]\">\n<div class=\"markdown prose w-full break-words dark:prose-invert light\">\n<p>Profil kloboukov\u00fd je speci\u00e1ln\u00ed konstruk\u010dn\u00ed prvek vyu\u017e\u00edvan\u00fd ve stavebnictv\u00ed pro mont\u00e1\u017e obklad\u016f st\u011bn a strop\u016f. D\u00edky sv\u00e9mu charakteristick\u00e9mu tvaru, p\u0159ipom\u00ednaj\u00edc\u00edmu klobouk, poskytuje vysokou pevnost a umo\u017e\u0148uje efektivn\u00ed upevn\u011bn\u00ed s\u00e1drokartonov\u00fdch desek a dekorativn\u00edch panel\u016f. Vysoce kvalitn\u00ed pozinkovan\u00e1 ocel zaji\u0161\u0165uje ochranu proti korozi, co\u017e \u010din\u00ed tento profil vhodn\u00fdm i pro m\u00edstnosti s vy\u0161\u0161\u00ed vlhkost\u00ed.<\/p>\n<p><strong>V\u00fdhody:<\/strong><\/p>\n<ul>\n<li>Vysok\u00e1 pevnost a tuhost konstrukce<\/li>\n<li>Odolnost proti korozi d\u00edky pozinkov\u00e1n\u00ed<\/li>\n<li>Snadn\u00e1 mont\u00e1\u017e v syst\u00e9mech such\u00e9 v\u00fdstavby<\/li>\n<li>Kompatibilita s r\u016fzn\u00fdmi typy desek a obkladov\u00fdch panel\u016f<\/li>\n<li>Estetick\u00fd vzhled, kter\u00fd nevy\u017eaduje dal\u0161\u00ed \u00fapravy<\/li>\n<\/ul>\n<p><strong>Pou\u017eit\u00ed:<\/strong> Profil kloboukov\u00fd je nej\u010dast\u011bji pou\u017e\u00edv\u00e1n pro upevn\u011bn\u00ed obklad\u016f st\u011bn a strop\u016f, mont\u00e1\u017e s\u00e1drokartonov\u00fdch desek a dekorativn\u00edch panel\u016f, zejm\u00e9na tam, kde je vy\u017eadov\u00e1na vysok\u00e1 stabilita konstrukce. Skv\u011ble se hod\u00ed pro obytn\u00e9 i komer\u010dn\u00ed budovy, je ide\u00e1ln\u00ed pro podhledy a p\u0159\u00ed\u010dky.<\/p>\n<\/div>\n<\/div>\n<\/div>\n<\/div>\n","protected":false},"excerpt":{"rendered":"<p>Profil kloboukov\u00fd je speci\u00e1ln\u00ed konstruk\u010dn\u00ed prvek vyu\u017e\u00edvan\u00fd ve stavebnictv\u00ed pro mont\u00e1\u017e obklad\u016f st\u011bn a strop\u016f. D\u00edky sv\u00e9mu charakteristick\u00e9mu tvaru, p\u0159ipom\u00ednaj\u00edc\u00edmu<\/p>\n","protected":false},"featured_media":7233,"comment_status":"open","ping_status":"closed","template":"","meta":{"_acf_changed":false},"product_brand":[],"product_cat":[952,964,156,946],"product_tag":[],"class_list":{"0":"post-7234","1":"product","2":"type-product","3":"status-publish","4":"has-post-thumbnail","6":"product_cat-profily-a-rohy","7":"product_cat-profily","8":"product_cat-stavebni-materialy","9":"product_cat-sucha-vystavba","10":"product_shipping_class-transport-the-partners-cs","11":"pa_producent-budmat-cs","13":"first","14":"instock","15":"taxable","16":"shipping-taxable","17":"purchasable","18":"product-type-simple"},"acf":[],"_links":{"self":[{"href":"https:\/\/sklep.thepartners.pl\/cs\/wp-json\/wp\/v2\/product\/7234","targetHints":{"allow":["GET"]}}],"collection":[{"href":"https:\/\/sklep.thepartners.pl\/cs\/wp-json\/wp\/v2\/product"}],"about":[{"href":"https:\/\/sklep.thepartners.pl\/cs\/wp-json\/wp\/v2\/types\/product"}],"replies":[{"embeddable":true,"href":"https:\/\/sklep.thepartners.pl\/cs\/wp-json\/wp\/v2\/comments?post=7234"}],"wp:featuredmedia":[{"embeddable":true,"href":"https:\/\/sklep.thepartners.pl\/cs\/wp-json\/wp\/v2\/media\/7233"}],"wp:attachment":[{"href":"https:\/\/sklep.thepartners.pl\/cs\/wp-json\/wp\/v2\/media?parent=7234"}],"wp:term":[{"taxonomy":"product_brand","embeddable":true,"href":"https:\/\/sklep.thepartners.pl\/cs\/wp-json\/wp\/v2\/product_brand?post=7234"},{"taxonomy":"product_cat","embeddable":true,"href":"https:\/\/sklep.thepartners.pl\/cs\/wp-json\/wp\/v2\/product_cat?post=7234"},{"taxonomy":"product_tag","embeddable":true,"href":"https:\/\/sklep.thepartners.pl\/cs\/wp-json\/wp\/v2\/product_tag?post=7234"}],"curies":[{"name":"wp","href":"https:\/\/api.w.org\/{rel}","templated":true}]}}