{"id":7238,"date":"2024-10-28T11:03:08","date_gmt":"2024-10-28T10:03:08","guid":{"rendered":"https:\/\/sklep.thepartners.pl\/produkt\/solid-paca-z-gabka-hydrochlonna-zolta-nacinana-130-x-250-mm-6106\/"},"modified":"2025-03-05T14:30:29","modified_gmt":"2025-03-05T13:30:29","slug":"solid-paca-z-gabka-hydrochlonna-zolta-nacinana-130-x-250-mm-6106","status":"publish","type":"product","link":"https:\/\/sklep.thepartners.pl\/cs\/produkt\/solid-paca-z-gabka-hydrochlonna-zolta-nacinana-130-x-250-mm-6106\/","title":{"rendered":"SOLID Hlad\u00edtko s hydroabsorp\u010dn\u00ed houbou \u017elut\u00e9ho \u0159ezu 130 x 250 mm 6106"},"content":{"rendered":"<p><strong>SOLID Hlad\u00edtko s hydroabsorp\u010dn\u00ed houbou \u017elut\u00e9ho \u0159ezu 130 x 250 mm 6106 <\/strong>je profesion\u00e1ln\u00ed n\u00e1stroj vytvo\u0159en\u00fd pro dokon\u010dovac\u00ed pr\u00e1ce vy\u017eaduj\u00edc\u00ed p\u0159esn\u00e9 vyhlazen\u00ed a \u010di\u0161t\u011bn\u00ed povrch\u016f jako jsou om\u00edtky, malty a keramick\u00e9 obklady. \u017dlut\u00e1 houba o tlou\u0161\u0165ce 30 mm s v\u00fd\u0159ezy \u00fa\u010dinn\u011b absorbuje vodu a ne\u010distoty a umo\u017e\u0148uje rovnom\u011brnou \u00fapravu velk\u00fdch ploch.<\/p>\n<p>Rozm\u011bry hlad\u00edtka (130 x 250 mm) a pohodln\u00e1 rukoje\u0165 zaji\u0161\u0165uj\u00ed komfort a kontrolu pr\u00e1ce i po dlouhodob\u00e9m pou\u017e\u00edv\u00e1n\u00ed. Tato st\u011brka je ide\u00e1ln\u00ed pro pou\u017eit\u00ed na vn\u011bj\u0161\u00ed i vnit\u0159n\u00ed povrchy a houba absorbuj\u00edc\u00ed vodu umo\u017e\u0148uje rychl\u00e9, efektivn\u00ed a profesion\u00e1ln\u00ed dokon\u010den\u00ed.<\/p>\n","protected":false},"excerpt":{"rendered":"<ul>\n<li><strong>Hydro-absorp\u010dn\u00ed houba<\/strong><\/li>\n<li><strong>Vysok\u00e1 kvalita<\/strong><\/li>\n<li><strong>Ergonomick\u00e1 rukoje\u0165<\/strong><\/li>\n<li><strong>Univerz\u00e1ln\u00ed pou\u017eit\u00ed<\/strong><\/li>\n<li><strong>Rozm\u011bry 130 x 250 mm<\/strong><\/li>\n<\/ul>\n","protected":false},"featured_media":7237,"comment_status":"open","ping_status":"closed","template":"","meta":{"_acf_changed":false},"product_brand":[],"product_cat":[1022,1023],"product_tag":[],"class_list":{"0":"post-7238","1":"product","2":"type-product","3":"status-publish","4":"has-post-thumbnail","6":"product_cat-naradi","7":"product_cat-rucni-naradi","8":"product_shipping_class-kurier-cs","10":"first","11":"instock","12":"taxable","13":"shipping-taxable","14":"purchasable","15":"product-type-simple"},"acf":[],"_links":{"self":[{"href":"https:\/\/sklep.thepartners.pl\/cs\/wp-json\/wp\/v2\/product\/7238","targetHints":{"allow":["GET"]}}],"collection":[{"href":"https:\/\/sklep.thepartners.pl\/cs\/wp-json\/wp\/v2\/product"}],"about":[{"href":"https:\/\/sklep.thepartners.pl\/cs\/wp-json\/wp\/v2\/types\/product"}],"replies":[{"embeddable":true,"href":"https:\/\/sklep.thepartners.pl\/cs\/wp-json\/wp\/v2\/comments?post=7238"}],"wp:featuredmedia":[{"embeddable":true,"href":"https:\/\/sklep.thepartners.pl\/cs\/wp-json\/wp\/v2\/media\/7237"}],"wp:attachment":[{"href":"https:\/\/sklep.thepartners.pl\/cs\/wp-json\/wp\/v2\/media?parent=7238"}],"wp:term":[{"taxonomy":"product_brand","embeddable":true,"href":"https:\/\/sklep.thepartners.pl\/cs\/wp-json\/wp\/v2\/product_brand?post=7238"},{"taxonomy":"product_cat","embeddable":true,"href":"https:\/\/sklep.thepartners.pl\/cs\/wp-json\/wp\/v2\/product_cat?post=7238"},{"taxonomy":"product_tag","embeddable":true,"href":"https:\/\/sklep.thepartners.pl\/cs\/wp-json\/wp\/v2\/product_tag?post=7238"}],"curies":[{"name":"wp","href":"https:\/\/api.w.org\/{rel}","templated":true}]}}