{"id":7260,"date":"2024-10-28T11:46:59","date_gmt":"2024-10-28T10:46:59","guid":{"rendered":"https:\/\/sklep.thepartners.pl\/produkt\/profil-przyscienny-ud27\/"},"modified":"2024-10-28T12:12:46","modified_gmt":"2024-10-28T11:12:46","slug":"profil-przyscienny-ud27","status":"publish","type":"product","link":"https:\/\/sklep.thepartners.pl\/cs\/produkt\/profil-przyscienny-ud27\/","title":{"rendered":"Profil UD27 pro Syst\u00e9my Such\u00e9 V\u00fdstavby 3m"},"content":{"rendered":"<div class=\"flex max-w-full flex-col flex-grow\">\n<div class=\"min-h-8 text-message flex w-full flex-col items-end gap-2 whitespace-normal break-words [.text-message+&amp;]:mt-5\" dir=\"auto\" data-message-author-role=\"assistant\" data-message-id=\"8f78d8df-7958-4ec9-914d-79506671420e\" data-message-model-slug=\"gpt-4o\">\n<div class=\"flex w-full flex-col gap-1 empty:hidden first:pt-[3px]\">\n<div class=\"markdown prose w-full break-words dark:prose-invert light\">\n<p>Profil UD27 je z\u00e1kladn\u00ed konstruk\u010dn\u00ed prvek vyu\u017e\u00edvan\u00fd v syst\u00e9mech such\u00e9 v\u00fdstavby, pou\u017e\u00edvan\u00fd pro mont\u00e1\u017e podhled\u016f, p\u0159\u00ed\u010dek a podkrovn\u00edch konstrukc\u00ed. Vyroben z pozinkovan\u00e9 oceli, zaji\u0161\u0165uje trvanlivost a stabilitu a jeho speci\u00e1ln\u011b navr\u017een\u00fd tvar usnad\u0148uje rychlou instalaci. Profil UD27 je ide\u00e1ln\u00edm \u0159e\u0161en\u00edm pro vytv\u00e1\u0159en\u00ed lehk\u00fdch konstrukc\u00ed, kter\u00e9 dod\u00e1vaj\u00ed interi\u00e9r\u016fm estetick\u00fd vzhled a zvy\u0161uj\u00ed jejich funk\u010dnost.<\/p>\n<p><strong>V\u00fdhody:<\/strong><\/p>\n<ul>\n<li>Vysok\u00e1 odolnost proti korozi d\u00edky pozinkov\u00e1n\u00ed<\/li>\n<li>Snadn\u00e1 a rychl\u00e1 mont\u00e1\u017e s dal\u0161\u00edmi profily, nap\u0159. CD60<\/li>\n<li>Lehk\u00e9, ale pevn\u00e9 konstrukce pro podhledy a p\u0159\u00ed\u010dky<\/li>\n<li>Univerz\u00e1ln\u00ed vyu\u017eit\u00ed ve stavebnictv\u00ed<\/li>\n<\/ul>\n<p><strong>Pou\u017eit\u00ed:<\/strong> Profil UD27 je b\u011b\u017en\u011b pou\u017e\u00edv\u00e1n v stavebn\u00edch projektech jako obvodov\u00fd profil pro mont\u00e1\u017e podhled\u016f, obklady st\u011bn a p\u0159\u00ed\u010dky. Pou\u017e\u00edv\u00e1n ve spojen\u00ed s profilem CD60 umo\u017e\u0148uje snadn\u00e9 vytv\u00e1\u0159en\u00ed stabiln\u00edch a lehk\u00fdch konstrukc\u00ed.<\/p>\n<\/div>\n<\/div>\n<\/div>\n<\/div>\n","protected":false},"excerpt":{"rendered":"<p>Profil UD27 je z\u00e1kladn\u00ed konstruk\u010dn\u00ed prvek vyu\u017e\u00edvan\u00fd v syst\u00e9mech such\u00e9 v\u00fdstavby, pou\u017e\u00edvan\u00fd pro mont\u00e1\u017e podhled\u016f, p\u0159\u00ed\u010dek a podkrovn\u00edch konstrukc\u00ed. Vyroben<\/p>\n","protected":false},"featured_media":7259,"comment_status":"open","ping_status":"closed","template":"","meta":{"_acf_changed":false},"product_brand":[],"product_cat":[156,946,952,964],"product_tag":[],"class_list":{"0":"post-7260","1":"product","2":"type-product","3":"status-publish","4":"has-post-thumbnail","6":"product_cat-stavebni-materialy","7":"product_cat-sucha-vystavba","8":"product_cat-profily-a-rohy","9":"product_cat-profily","10":"product_shipping_class-transport-the-partners-cs","11":"pa_producent-budmat-cs","13":"first","14":"instock","15":"taxable","16":"shipping-taxable","17":"purchasable","18":"product-type-simple"},"acf":[],"_links":{"self":[{"href":"https:\/\/sklep.thepartners.pl\/cs\/wp-json\/wp\/v2\/product\/7260","targetHints":{"allow":["GET"]}}],"collection":[{"href":"https:\/\/sklep.thepartners.pl\/cs\/wp-json\/wp\/v2\/product"}],"about":[{"href":"https:\/\/sklep.thepartners.pl\/cs\/wp-json\/wp\/v2\/types\/product"}],"replies":[{"embeddable":true,"href":"https:\/\/sklep.thepartners.pl\/cs\/wp-json\/wp\/v2\/comments?post=7260"}],"wp:featuredmedia":[{"embeddable":true,"href":"https:\/\/sklep.thepartners.pl\/cs\/wp-json\/wp\/v2\/media\/7259"}],"wp:attachment":[{"href":"https:\/\/sklep.thepartners.pl\/cs\/wp-json\/wp\/v2\/media?parent=7260"}],"wp:term":[{"taxonomy":"product_brand","embeddable":true,"href":"https:\/\/sklep.thepartners.pl\/cs\/wp-json\/wp\/v2\/product_brand?post=7260"},{"taxonomy":"product_cat","embeddable":true,"href":"https:\/\/sklep.thepartners.pl\/cs\/wp-json\/wp\/v2\/product_cat?post=7260"},{"taxonomy":"product_tag","embeddable":true,"href":"https:\/\/sklep.thepartners.pl\/cs\/wp-json\/wp\/v2\/product_tag?post=7260"}],"curies":[{"name":"wp","href":"https:\/\/api.w.org\/{rel}","templated":true}]}}