{"id":7266,"date":"2024-10-28T12:25:42","date_gmt":"2024-10-28T11:25:42","guid":{"rendered":"https:\/\/sklep.thepartners.pl\/?post_type=product&#038;p=7266"},"modified":"2024-10-28T12:27:04","modified_gmt":"2024-10-28T11:27:04","slug":"hlavni-profil-cd-60-4m-kopia","status":"publish","type":"product","link":"https:\/\/sklep.thepartners.pl\/cs\/produkt\/hlavni-profil-cd-60-4m-kopia\/","title":{"rendered":"Hlavn\u00ed Profil CD-60 4m 0,6"},"content":{"rendered":"<p>Hlavn\u00ed profil CD je z\u00e1kladn\u00ed konstruk\u010dn\u00ed prvek pou\u017e\u00edvan\u00fd v syst\u00e9mech such\u00e9 v\u00fdstavby, jako jsou podhledy, p\u0159\u00ed\u010dky a dal\u0161\u00ed konstrukce se s\u00e1drokartonov\u00fdmi deskami. D\u00edky robustn\u00ed konstrukci zaji\u0161\u0165uje stabilitu a pevnost cel\u00e9ho r\u00e1mu, co\u017e poskytuje dlouhou \u017eivotnost cel\u00e9 instalace. Profil CD je vyroben z vysoce kvalitn\u00ed pozinkovan\u00e9 oceli, kter\u00e1 ho chr\u00e1n\u00ed p\u0159ed koroz\u00ed a zvy\u0161uje odolnost v\u016f\u010di vlhkosti.<\/p>\n<p><strong>V\u00fdhody:<\/strong><\/p>\n<ul>\n<li>Vysok\u00e1 odolnost proti deformac\u00edm<\/li>\n<li>Trvanliv\u00e1 konstrukce z pozinkovan\u00e9 oceli<\/li>\n<li>Snadn\u00e1 mont\u00e1\u017e v syst\u00e9mech podhled\u016f a p\u0159\u00ed\u010dek<\/li>\n<li>Odolnost v\u016f\u010di korozi<\/li>\n<li>Kompatibilita s dal\u0161\u00edmi prvky syst\u00e9m\u016f such\u00e9 v\u00fdstavby<\/li>\n<\/ul>\n<p><strong>Pou\u017eit\u00ed:<\/strong> Profil CD je ur\u010den pro nosn\u00e9 konstrukce podhled\u016f, p\u0159\u00ed\u010dek a dal\u0161\u00edch prvk\u016f v syst\u00e9mech such\u00e9 v\u00fdstavby. V\u00fdborn\u011b se hod\u00ed pro pou\u017eit\u00ed jak v obytn\u00fdch, tak komer\u010dn\u00edch budov\u00e1ch, kde poskytuje estetick\u00e1 a funk\u010dn\u00ed \u0159e\u0161en\u00ed interi\u00e9r\u016f.<\/p>\n","protected":false},"excerpt":{"rendered":"<p>Hlavn\u00ed profil CD je z\u00e1kladn\u00ed konstruk\u010dn\u00ed prvek pou\u017e\u00edvan\u00fd v syst\u00e9mech such\u00e9 v\u00fdstavby, jako jsou podhledy, p\u0159\u00ed\u010dky a dal\u0161\u00ed konstrukce se<\/p>\n","protected":false},"featured_media":7213,"comment_status":"open","ping_status":"closed","template":"","meta":{"_acf_changed":false},"product_brand":[],"product_cat":[952,964,156,946],"product_tag":[],"class_list":{"0":"post-7266","1":"product","2":"type-product","3":"status-publish","4":"has-post-thumbnail","6":"product_cat-profily-a-rohy","7":"product_cat-profily","8":"product_cat-stavebni-materialy","9":"product_cat-sucha-vystavba","10":"product_shipping_class-transport-the-partners-cs","11":"pa_producent-budmat-cs","13":"first","14":"instock","15":"taxable","16":"shipping-taxable","17":"purchasable","18":"product-type-simple"},"acf":[],"_links":{"self":[{"href":"https:\/\/sklep.thepartners.pl\/cs\/wp-json\/wp\/v2\/product\/7266","targetHints":{"allow":["GET"]}}],"collection":[{"href":"https:\/\/sklep.thepartners.pl\/cs\/wp-json\/wp\/v2\/product"}],"about":[{"href":"https:\/\/sklep.thepartners.pl\/cs\/wp-json\/wp\/v2\/types\/product"}],"replies":[{"embeddable":true,"href":"https:\/\/sklep.thepartners.pl\/cs\/wp-json\/wp\/v2\/comments?post=7266"}],"wp:featuredmedia":[{"embeddable":true,"href":"https:\/\/sklep.thepartners.pl\/cs\/wp-json\/wp\/v2\/media\/7213"}],"wp:attachment":[{"href":"https:\/\/sklep.thepartners.pl\/cs\/wp-json\/wp\/v2\/media?parent=7266"}],"wp:term":[{"taxonomy":"product_brand","embeddable":true,"href":"https:\/\/sklep.thepartners.pl\/cs\/wp-json\/wp\/v2\/product_brand?post=7266"},{"taxonomy":"product_cat","embeddable":true,"href":"https:\/\/sklep.thepartners.pl\/cs\/wp-json\/wp\/v2\/product_cat?post=7266"},{"taxonomy":"product_tag","embeddable":true,"href":"https:\/\/sklep.thepartners.pl\/cs\/wp-json\/wp\/v2\/product_tag?post=7266"}],"curies":[{"name":"wp","href":"https:\/\/api.w.org\/{rel}","templated":true}]}}