{"id":7269,"date":"2024-10-28T12:36:28","date_gmt":"2024-10-28T11:36:28","guid":{"rendered":"https:\/\/sklep.thepartners.pl\/?post_type=product&#038;p=7269"},"modified":"2025-07-21T11:16:52","modified_gmt":"2025-07-21T09:16:52","slug":"solid-kielnia-nierdzewna-trapezowa-90-x-100-x-140-mm-6122","status":"publish","type":"product","link":"https:\/\/sklep.thepartners.pl\/cs\/produkt\/solid-kielnia-nierdzewna-trapezowa-90-x-100-x-140-mm-6122\/","title":{"rendered":"SOLID Kielnia Nierdzewna Trapezowa 90 x 100 x 140 mm 6122"},"content":{"rendered":"<p><strong>SOLID Kielnia Nierdzewna Trapezowa 90 x 100 x 140 mm (model 6122)<\/strong> to wysokiej klasy narz\u0119dzie przeznaczone do precyzyjnych prac murarskich i tynkarskich. Trapezowy kszta\u0142t oraz wykonanie z nierdzewnej stali gwarantuj\u0105 trwa\u0142o\u015b\u0107, odporno\u015b\u0107 na korozj\u0119 oraz wygod\u0119 u\u017cytkowania. Kielnia sprawdzi si\u0119 idealnie przy nak\u0142adaniu i rozprowadzaniu zapraw murarskich oraz klej\u00f3w, a tak\u017ce przy drobnych pracach wyko\u0144czeniowych.<\/p>\n<p>Dzi\u0119ki kompaktowym wymiarom (90 x 100 x 140 mm) kielnia zapewnia doskona\u0142\u0105 precyzj\u0119, a wygodny uchwyt pozwala na komfortowe u\u017cytkowanie nawet przy d\u0142u\u017cszych pracach.<\/p>\n","protected":false},"excerpt":{"rendered":"<ul>\n<li><strong>Stal nierdzewna<\/strong><\/li>\n<li><strong>Trapezowy kszta\u0142t<\/strong><\/li>\n<li><strong>Ergonomiczny uchwyt<\/strong><\/li>\n<li><strong>Kompaktowe wymiary<\/strong><\/li>\n<li><strong>Uniwersalno\u015b\u0107<\/strong><\/li>\n<\/ul>\n","protected":false},"featured_media":7271,"comment_status":"open","ping_status":"closed","template":"","meta":{"_acf_changed":false},"product_brand":[],"product_cat":[1013,1014],"product_tag":[],"class_list":{"0":"post-7269","1":"product","2":"type-product","3":"status-publish","4":"has-post-thumbnail","6":"product_cat-narzedzia","7":"product_cat-reczne","8":"product_shipping_class-kurier-cs","10":"first","11":"instock","12":"taxable","13":"shipping-taxable","14":"purchasable","15":"product-type-simple"},"acf":[],"_links":{"self":[{"href":"https:\/\/sklep.thepartners.pl\/cs\/wp-json\/wp\/v2\/product\/7269","targetHints":{"allow":["GET"]}}],"collection":[{"href":"https:\/\/sklep.thepartners.pl\/cs\/wp-json\/wp\/v2\/product"}],"about":[{"href":"https:\/\/sklep.thepartners.pl\/cs\/wp-json\/wp\/v2\/types\/product"}],"replies":[{"embeddable":true,"href":"https:\/\/sklep.thepartners.pl\/cs\/wp-json\/wp\/v2\/comments?post=7269"}],"wp:featuredmedia":[{"embeddable":true,"href":"https:\/\/sklep.thepartners.pl\/cs\/wp-json\/wp\/v2\/media\/7271"}],"wp:attachment":[{"href":"https:\/\/sklep.thepartners.pl\/cs\/wp-json\/wp\/v2\/media?parent=7269"}],"wp:term":[{"taxonomy":"product_brand","embeddable":true,"href":"https:\/\/sklep.thepartners.pl\/cs\/wp-json\/wp\/v2\/product_brand?post=7269"},{"taxonomy":"product_cat","embeddable":true,"href":"https:\/\/sklep.thepartners.pl\/cs\/wp-json\/wp\/v2\/product_cat?post=7269"},{"taxonomy":"product_tag","embeddable":true,"href":"https:\/\/sklep.thepartners.pl\/cs\/wp-json\/wp\/v2\/product_tag?post=7269"}],"curies":[{"name":"wp","href":"https:\/\/api.w.org\/{rel}","templated":true}]}}