{"id":7284,"date":"2024-10-28T12:37:18","date_gmt":"2024-10-28T11:37:18","guid":{"rendered":"https:\/\/sklep.thepartners.pl\/produkt\/solid-kielnia-nierdzewna-trapezowa-90-x-100-x-180-mm-6124\/"},"modified":"2024-10-29T13:39:17","modified_gmt":"2024-10-29T12:39:17","slug":"solid-kielnia-nierdzewna-trapezowa-90-x-100-x-180-mm-6124","status":"publish","type":"product","link":"https:\/\/sklep.thepartners.pl\/cs\/produkt\/solid-kielnia-nierdzewna-trapezowa-90-x-100-x-180-mm-6124\/","title":{"rendered":"SOLID Lichob\u011b\u017en\u00edkov\u00e9 nerezov\u00e9 \u0161tukov\u00e9 hlad\u00edtko 90 x 100 x 180 mm 6124"},"content":{"rendered":"<p><strong>SOLID Lichob\u011b\u017en\u00edkov\u00e9 nerezov\u00e9 \u0161tukov\u00e9 hlad\u00edtko 90 x 100 x 180 mm (model 6124) <\/strong>je vysoce kvalitn\u00ed n\u00e1\u0159ad\u00ed ur\u010den\u00e9 pro p\u0159esn\u00e9 zednick\u00e9 a om\u00edtk\u00e1\u0159sk\u00e9 pr\u00e1ce. Lichob\u011b\u017en\u00edkov\u00fd tvar a nerezov\u00e1 konstrukce zaru\u010duj\u00ed dlouhou \u017eivotnost, odolnost proti korozi a pohodl\u00ed p\u0159i pou\u017e\u00edv\u00e1n\u00ed. St\u011brka je ide\u00e1ln\u00ed pro nan\u00e1\u0161en\u00ed a rozt\u00edr\u00e1n\u00ed malt a lepidel, stejn\u011b jako pro drobn\u00e9 dokon\u010dovac\u00ed pr\u00e1ce.<\/p>\n<p>Hlad\u00edtko d\u00edky sv\u00fdm kompaktn\u00edm rozm\u011br\u016fm (90 x 100 x 180 mm) zaji\u0161\u0165uje vynikaj\u00edc\u00ed p\u0159esnost a pohodln\u00e1 rukoje\u0165 umo\u017e\u0148uje pohodln\u00e9 pou\u017e\u00edv\u00e1n\u00ed i p\u0159i del\u0161\u00ed pr\u00e1ci.<\/p>\n","protected":false},"excerpt":{"rendered":"<ul>\n<li><strong>Nerez<\/strong><\/li>\n<li><strong>Lichob\u011b\u017en\u00edkov\u00fd tvar<\/strong><\/li>\n<li><strong>Ergonomick\u00e1 rukoje\u0165<\/strong><\/li>\n<li><strong>Kompaktn\u00ed rozm\u011bry<\/strong><\/li>\n<li><strong>V\u0161estrannost<\/strong><\/li>\n<\/ul>\n","protected":false},"featured_media":7272,"comment_status":"open","ping_status":"closed","template":"","meta":{"_acf_changed":false},"product_brand":[],"product_cat":[1022,1023],"product_tag":[],"class_list":{"0":"post-7284","1":"product","2":"type-product","3":"status-publish","4":"has-post-thumbnail","6":"product_cat-naradi","7":"product_cat-rucni-naradi","8":"product_shipping_class-kurier-cs","10":"first","11":"instock","12":"taxable","13":"shipping-taxable","14":"purchasable","15":"product-type-simple"},"acf":[],"_links":{"self":[{"href":"https:\/\/sklep.thepartners.pl\/cs\/wp-json\/wp\/v2\/product\/7284","targetHints":{"allow":["GET"]}}],"collection":[{"href":"https:\/\/sklep.thepartners.pl\/cs\/wp-json\/wp\/v2\/product"}],"about":[{"href":"https:\/\/sklep.thepartners.pl\/cs\/wp-json\/wp\/v2\/types\/product"}],"replies":[{"embeddable":true,"href":"https:\/\/sklep.thepartners.pl\/cs\/wp-json\/wp\/v2\/comments?post=7284"}],"wp:featuredmedia":[{"embeddable":true,"href":"https:\/\/sklep.thepartners.pl\/cs\/wp-json\/wp\/v2\/media\/7272"}],"wp:attachment":[{"href":"https:\/\/sklep.thepartners.pl\/cs\/wp-json\/wp\/v2\/media?parent=7284"}],"wp:term":[{"taxonomy":"product_brand","embeddable":true,"href":"https:\/\/sklep.thepartners.pl\/cs\/wp-json\/wp\/v2\/product_brand?post=7284"},{"taxonomy":"product_cat","embeddable":true,"href":"https:\/\/sklep.thepartners.pl\/cs\/wp-json\/wp\/v2\/product_cat?post=7284"},{"taxonomy":"product_tag","embeddable":true,"href":"https:\/\/sklep.thepartners.pl\/cs\/wp-json\/wp\/v2\/product_tag?post=7284"}],"curies":[{"name":"wp","href":"https:\/\/api.w.org\/{rel}","templated":true}]}}