{"id":7312,"date":"2024-10-28T13:58:22","date_gmt":"2024-10-28T12:58:22","guid":{"rendered":"https:\/\/sklep.thepartners.pl\/?post_type=product&#038;p=7312"},"modified":"2024-10-29T13:41:19","modified_gmt":"2024-10-29T12:41:19","slug":"solid-kielnia-sztukatorska-nierdzewna-z-raczka-2k-12-cm","status":"publish","type":"product","link":"https:\/\/sklep.thepartners.pl\/cs\/produkt\/solid-kielnia-sztukatorska-nierdzewna-z-raczka-2k-12-cm\/","title":{"rendered":"SOLID Nerezov\u00e9 \u0161tukov\u00e9 hlad\u00edtko s rukojet\u00ed 2K 12 cm"},"content":{"rendered":"<p><strong>SOLID Nerezov\u00e9 \u0161tukov\u00e9 hlad\u00edtko s rukojet\u00ed 12 cm <\/strong>je p\u0159esn\u00fd n\u00e1stroj ur\u010den\u00fd pro dokon\u010dovac\u00ed a \u0161tukat\u00e9rsk\u00e9 pr\u00e1ce. Hlad\u00edtko je vyrobeno z vysoce kvalitn\u00ed nerezov\u00e9 oceli, je odoln\u00e9 proti korozi a zaji\u0161\u0165uje dlouhou \u017eivotnost. Mal\u00e1 \u0161\u00ed\u0159ka 12 cm z n\u011bj d\u011bl\u00e1 ide\u00e1ln\u00ed volbu pro detailn\u00ed nan\u00e1\u0161en\u00ed a distribuci om\u00edtek, om\u00edtek a malt na t\u011b\u017eko p\u0159\u00edstupn\u00fdch m\u00edstech.<\/p>\n<p>Hlad\u00edtko je vybaveno ergonomickou rukojet\u00ed 2K, kter\u00e1 zaji\u0161\u0165uje pohodl\u00ed a kontrolu p\u0159i pr\u00e1ci a minimalizuje \u00fanavu rukou. Je to nepostradateln\u00fd n\u00e1stroj pro profesion\u00e1ly a osoby zab\u00fdvaj\u00edc\u00ed se drobn\u00fdmi renova\u010dn\u00edmi a dokon\u010dovac\u00edmi pracemi.<\/p>\n","protected":false},"excerpt":{"rendered":"<ul>\n<li><strong>Nerez<\/strong><\/li>\n<li><strong>P\u0159esn\u00e1 velikost 12 cm<\/strong><\/li>\n<li><strong>Ergonomick\u00e1 2K rukoje\u0165<\/strong><\/li>\n<li><strong>Trvanlivost a kvalita<\/strong><\/li>\n<li><strong>V\u0161estrannost<\/strong><\/li>\n<\/ul>\n","protected":false},"featured_media":7301,"comment_status":"open","ping_status":"closed","template":"","meta":{"_acf_changed":false},"product_brand":[],"product_cat":[1022,1023],"product_tag":[],"class_list":{"0":"post-7312","1":"product","2":"type-product","3":"status-publish","4":"has-post-thumbnail","6":"product_cat-naradi","7":"product_cat-rucni-naradi","8":"product_shipping_class-kurier-cs","10":"first","11":"instock","12":"taxable","13":"shipping-taxable","14":"purchasable","15":"product-type-simple"},"acf":[],"_links":{"self":[{"href":"https:\/\/sklep.thepartners.pl\/cs\/wp-json\/wp\/v2\/product\/7312","targetHints":{"allow":["GET"]}}],"collection":[{"href":"https:\/\/sklep.thepartners.pl\/cs\/wp-json\/wp\/v2\/product"}],"about":[{"href":"https:\/\/sklep.thepartners.pl\/cs\/wp-json\/wp\/v2\/types\/product"}],"replies":[{"embeddable":true,"href":"https:\/\/sklep.thepartners.pl\/cs\/wp-json\/wp\/v2\/comments?post=7312"}],"wp:featuredmedia":[{"embeddable":true,"href":"https:\/\/sklep.thepartners.pl\/cs\/wp-json\/wp\/v2\/media\/7301"}],"wp:attachment":[{"href":"https:\/\/sklep.thepartners.pl\/cs\/wp-json\/wp\/v2\/media?parent=7312"}],"wp:term":[{"taxonomy":"product_brand","embeddable":true,"href":"https:\/\/sklep.thepartners.pl\/cs\/wp-json\/wp\/v2\/product_brand?post=7312"},{"taxonomy":"product_cat","embeddable":true,"href":"https:\/\/sklep.thepartners.pl\/cs\/wp-json\/wp\/v2\/product_cat?post=7312"},{"taxonomy":"product_tag","embeddable":true,"href":"https:\/\/sklep.thepartners.pl\/cs\/wp-json\/wp\/v2\/product_tag?post=7312"}],"curies":[{"name":"wp","href":"https:\/\/api.w.org\/{rel}","templated":true}]}}