{"id":7327,"date":"2024-10-28T14:14:54","date_gmt":"2024-10-28T13:14:54","guid":{"rendered":"https:\/\/sklep.thepartners.pl\/?post_type=product&#038;p=7327"},"modified":"2024-10-28T14:17:07","modified_gmt":"2024-10-28T13:17:07","slug":"profil-c50-26m-kopia","status":"publish","type":"product","link":"https:\/\/sklep.thepartners.pl\/cs\/produkt\/profil-c50-26m-kopia\/","title":{"rendered":"Profil C75 2,6m"},"content":{"rendered":"<div class=\"flex-1 overflow-hidden\">\n<div class=\"h-full\">\n<div class=\"react-scroll-to-bottom--css-cfhrh-79elbk h-full\">\n<div class=\"react-scroll-to-bottom--css-cfhrh-1n7m0yu\">\n<div class=\"flex flex-col text-sm md:pb-9\">\n<article class=\"w-full text-token-text-primary focus-visible:outline-2 focus-visible:outline-offset-[-4px]\" dir=\"auto\" data-testid=\"conversation-turn-63\" data-scroll-anchor=\"true\">\n<div class=\"m-auto text-base py-[18px] px-3 md:px-4 w-full md:px-5 lg:px-4 xl:px-5\">\n<div class=\"mx-auto flex flex-1 gap-4 text-base md:gap-5 lg:gap-6 md:max-w-3xl lg:max-w-[40rem] xl:max-w-[48rem]\">\n<div class=\"group\/conversation-turn relative flex w-full min-w-0 flex-col agent-turn\">\n<div class=\"flex-col gap-1 md:gap-3\">\n<div class=\"flex max-w-full flex-col flex-grow\">\n<div class=\"min-h-8 text-message flex w-full flex-col items-end gap-2 whitespace-normal break-words [.text-message+&amp;]:mt-5\" dir=\"auto\" data-message-author-role=\"assistant\" data-message-id=\"3b6615ed-54fb-495c-a3d2-5c1038d18790\" data-message-model-slug=\"gpt-4o\">\n<div class=\"flex w-full flex-col gap-1 empty:hidden first:pt-[3px]\">\n<div class=\"markdown prose w-full break-words dark:prose-invert light\">\n<p>Profil CW je svisl\u00fd prvek pou\u017e\u00edvan\u00fd v syst\u00e9mech such\u00e9 v\u00fdstavby k konstrukci p\u0159\u00ed\u010dek ze s\u00e1drokartonov\u00fdch desek. Vyroben\u00fd z pevn\u00e9, pozinkovan\u00e9 oceli, poskytuje p\u0159\u00ed\u010dce stabilitu a nosnost, co\u017e je kl\u00ed\u010dov\u00e9 pro odoln\u00e9 a bezpe\u010dn\u00e9 konstrukce. Profil CW je montov\u00e1n vertik\u00e1ln\u011b do r\u00e1m\u016f vytvo\u0159en\u00fdch profily UW a tvo\u0159\u00ed kostru pro mont\u00e1\u017e p\u0159\u00ed\u010dek. D\u00edky sv\u00e9 tuhosti a snadn\u00e9 mont\u00e1\u017ei je ide\u00e1ln\u00ed pro komer\u010dn\u00ed i bytov\u00e9 projekty.<\/p>\n<p><strong>V\u00fdhody:<\/strong><\/p>\n<ul>\n<li>Vysok\u00e1 odolnost d\u00edky pozinkovan\u00e9 oceli<\/li>\n<li>Snadn\u00e1 instalace ve spojen\u00ed s profilem UW<\/li>\n<li>Stabilita a nosnost pro konstrukci p\u0159\u00ed\u010dek<\/li>\n<li>Dostupnost v r\u016fzn\u00fdch \u0161\u00ed\u0159k\u00e1ch pro p\u0159izp\u016fsoben\u00ed po\u017eadavk\u016fm projektu<\/li>\n<\/ul>\n<p><strong>Pou\u017eit\u00ed:<\/strong> Profil CW je kl\u00ed\u010dov\u00fd pro konstrukci p\u0159\u00ed\u010dek v syst\u00e9mech such\u00e9 v\u00fdstavby. Je nepostradateln\u00fd v kancel\u00e1\u0159\u00edch, bytech a ve\u0159ejn\u00fdch budov\u00e1ch, kde jsou p\u0159\u00ed\u010dky oblo\u017eeny s\u00e1drokartonov\u00fdmi deskami. Pou\u017eit\u00ed profil\u016f CW umo\u017e\u0148uje rychlou mont\u00e1\u017e a zaji\u0161\u0165uje pevnou, stabiln\u00ed konstrukci vnit\u0159n\u00edch p\u0159\u00ed\u010dek.<\/p>\n<\/div>\n<\/div>\n<\/div>\n<\/div>\n<\/div>\n<\/div>\n<\/div>\n<\/div>\n<\/article>\n<\/div>\n<\/div>\n<\/div>\n<\/div>\n<\/div>\n<div class=\"md:pt-0 dark:border-white\/20 md:border-transparent md:dark:border-transparent w-full\">\n<div>\n<div class=\"relative w-full px-2 py-2 text-center text-xs text-token-text-secondary empty:hidden md:px-[60px]\">\n<div class=\"min-h-4\">\n<div><\/div>\n<\/div>\n<\/div>\n<\/div>\n<\/div>\n","protected":false},"excerpt":{"rendered":"<p>Profil CW je svisl\u00fd prvek pou\u017e\u00edvan\u00fd v syst\u00e9mech such\u00e9 v\u00fdstavby k konstrukci p\u0159\u00ed\u010dek ze s\u00e1drokartonov\u00fdch desek. Vyroben\u00fd z pevn\u00e9, pozinkovan\u00e9<\/p>\n","protected":false},"featured_media":7329,"comment_status":"open","ping_status":"closed","template":"","meta":{"_acf_changed":false},"product_brand":[],"product_cat":[156,946,952,981],"product_tag":[],"class_list":{"0":"post-7327","1":"product","2":"type-product","3":"status-publish","4":"has-post-thumbnail","6":"product_cat-stavebni-materialy","7":"product_cat-sucha-vystavba","8":"product_cat-profily-a-rohy","9":"product_cat-profily-pro-steny","10":"product_shipping_class-transport-the-partners-cs","11":"pa_producent-budmat-cs","13":"first","14":"instock","15":"taxable","16":"shipping-taxable","17":"purchasable","18":"product-type-simple"},"acf":[],"_links":{"self":[{"href":"https:\/\/sklep.thepartners.pl\/cs\/wp-json\/wp\/v2\/product\/7327","targetHints":{"allow":["GET"]}}],"collection":[{"href":"https:\/\/sklep.thepartners.pl\/cs\/wp-json\/wp\/v2\/product"}],"about":[{"href":"https:\/\/sklep.thepartners.pl\/cs\/wp-json\/wp\/v2\/types\/product"}],"replies":[{"embeddable":true,"href":"https:\/\/sklep.thepartners.pl\/cs\/wp-json\/wp\/v2\/comments?post=7327"}],"wp:featuredmedia":[{"embeddable":true,"href":"https:\/\/sklep.thepartners.pl\/cs\/wp-json\/wp\/v2\/media\/7329"}],"wp:attachment":[{"href":"https:\/\/sklep.thepartners.pl\/cs\/wp-json\/wp\/v2\/media?parent=7327"}],"wp:term":[{"taxonomy":"product_brand","embeddable":true,"href":"https:\/\/sklep.thepartners.pl\/cs\/wp-json\/wp\/v2\/product_brand?post=7327"},{"taxonomy":"product_cat","embeddable":true,"href":"https:\/\/sklep.thepartners.pl\/cs\/wp-json\/wp\/v2\/product_cat?post=7327"},{"taxonomy":"product_tag","embeddable":true,"href":"https:\/\/sklep.thepartners.pl\/cs\/wp-json\/wp\/v2\/product_tag?post=7327"}],"curies":[{"name":"wp","href":"https:\/\/api.w.org\/{rel}","templated":true}]}}