{"id":7379,"date":"2024-10-29T08:56:40","date_gmt":"2024-10-29T07:56:40","guid":{"rendered":"https:\/\/sklep.thepartners.pl\/?post_type=product&#038;p=7379"},"modified":"2024-10-29T09:01:08","modified_gmt":"2024-10-29T08:01:08","slug":"perforovany-roh-giga-3m-23x23-mm-kopia","status":"publish","type":"product","link":"https:\/\/sklep.thepartners.pl\/cs\/produkt\/perforovany-roh-giga-3m-23x23-mm-kopia\/","title":{"rendered":"Perforovan\u00fd Roh GIGA 2,5 m (30&#215;30 mm, Tlou\u0161\u0165ka 0,40 mm)"},"content":{"rendered":"<p>Perforovan\u00fd roh GIGA s rozm\u011bry 30&#215;30 mm, d\u00e9lkou 2,5 metru a tlou\u0161\u0165kou 0,40 mm je ide\u00e1ln\u00ed pro ochranu hran om\u00edtek a \u0161tuk\u016f. Vyroben z odoln\u00e9ho pozinkovan\u00e9ho plechu, nab\u00edz\u00ed vysokou odolnost proti korozi a mechanick\u00e9mu po\u0161kozen\u00ed. Perforace zaji\u0161\u0165uje lep\u0161\u00ed p\u0159ilnavost k om\u00edtce a trval\u00e9, estetick\u00e9 zakon\u010den\u00ed hran.<\/p>\n<p><strong>V\u00fdhody:<\/strong><\/p>\n<ul>\n<li>Tlou\u0161\u0165ka 0,40 mm pro stabilitu a odolnost<\/li>\n<li>Vysok\u00e1 odolnost v\u016f\u010di korozi a mechanick\u00e9mu po\u0161kozen\u00ed<\/li>\n<li>Speci\u00e1ln\u00ed perforace pro lep\u0161\u00ed p\u0159ilnavost om\u00edtky<\/li>\n<li>Snadn\u00e1 instalace a dokonal\u00e9 zakon\u010den\u00ed roh\u016f<\/li>\n<\/ul>\n<p><strong>Pou\u017eit\u00ed:<\/strong> Doporu\u010den\u00fd pro vyztu\u017een\u00ed roh\u016f v om\u00edtk\u00e1ch s\u00e1drov\u00fdch, cementov\u00fdch i v\u00e1penat\u00fdch, pro vnit\u0159n\u00ed i venkovn\u00ed pou\u017eit\u00ed v obytn\u00fdch i komer\u010dn\u00edch objektech.<\/p>\n","protected":false},"excerpt":{"rendered":"<p>Perforovan\u00fd roh GIGA s rozm\u011bry 30&#215;30 mm, d\u00e9lkou 2,5 metru a tlou\u0161\u0165kou 0,40 mm je ide\u00e1ln\u00ed pro ochranu hran om\u00edtek<\/p>\n","protected":false},"featured_media":7381,"comment_status":"open","ping_status":"closed","template":"","meta":{"_acf_changed":false},"product_brand":[],"product_cat":[952,966,156,946],"product_tag":[],"class_list":{"0":"post-7379","1":"product","2":"type-product","3":"status-publish","4":"has-post-thumbnail","6":"product_cat-profily-a-rohy","7":"product_cat-rohy","8":"product_cat-stavebni-materialy","9":"product_cat-sucha-vystavba","10":"product_shipping_class-transport-the-partners-cs","11":"pa_producent-prolex-cs","13":"first","14":"instock","15":"taxable","16":"shipping-taxable","17":"purchasable","18":"product-type-simple"},"acf":[],"_links":{"self":[{"href":"https:\/\/sklep.thepartners.pl\/cs\/wp-json\/wp\/v2\/product\/7379","targetHints":{"allow":["GET"]}}],"collection":[{"href":"https:\/\/sklep.thepartners.pl\/cs\/wp-json\/wp\/v2\/product"}],"about":[{"href":"https:\/\/sklep.thepartners.pl\/cs\/wp-json\/wp\/v2\/types\/product"}],"replies":[{"embeddable":true,"href":"https:\/\/sklep.thepartners.pl\/cs\/wp-json\/wp\/v2\/comments?post=7379"}],"wp:featuredmedia":[{"embeddable":true,"href":"https:\/\/sklep.thepartners.pl\/cs\/wp-json\/wp\/v2\/media\/7381"}],"wp:attachment":[{"href":"https:\/\/sklep.thepartners.pl\/cs\/wp-json\/wp\/v2\/media?parent=7379"}],"wp:term":[{"taxonomy":"product_brand","embeddable":true,"href":"https:\/\/sklep.thepartners.pl\/cs\/wp-json\/wp\/v2\/product_brand?post=7379"},{"taxonomy":"product_cat","embeddable":true,"href":"https:\/\/sklep.thepartners.pl\/cs\/wp-json\/wp\/v2\/product_cat?post=7379"},{"taxonomy":"product_tag","embeddable":true,"href":"https:\/\/sklep.thepartners.pl\/cs\/wp-json\/wp\/v2\/product_tag?post=7379"}],"curies":[{"name":"wp","href":"https:\/\/api.w.org\/{rel}","templated":true}]}}