{"id":7387,"date":"2024-10-29T09:11:27","date_gmt":"2024-10-29T08:11:27","guid":{"rendered":"https:\/\/sklep.thepartners.pl\/?post_type=product&#038;p=7387"},"modified":"2024-10-29T09:14:35","modified_gmt":"2024-10-29T08:14:35","slug":"perforovany-roh-giga-3m-30x30-mm-tloustka-040-mm-kopia","status":"publish","type":"product","link":"https:\/\/sklep.thepartners.pl\/cs\/produkt\/perforovany-roh-giga-3m-30x30-mm-tloustka-040-mm-kopia\/","title":{"rendered":"Poloroh Perforovan\u00fd 3,0 m"},"content":{"rendered":"<div class=\"flex max-w-full flex-col flex-grow\">\n<div class=\"min-h-8 text-message flex w-full flex-col items-end gap-2 whitespace-normal break-words [.text-message+&amp;]:mt-5\" dir=\"auto\" data-message-author-role=\"assistant\" data-message-id=\"01befb9c-2126-4342-b6e0-2b8e3c5497aa\" data-message-model-slug=\"gpt-4o\">\n<div class=\"flex w-full flex-col gap-1 empty:hidden first:pt-[3px]\">\n<div class=\"markdown prose w-full break-words dark:prose-invert light\">\n<p>Perforovan\u00fd poloroh o d\u00e9lce 3,0 metru slou\u017e\u00ed k estetick\u00e9mu dokon\u010den\u00ed a vyztu\u017een\u00ed hran om\u00edtek a \u0161tuk\u016f na poloroz\u00edch. Vyroben z trvanliv\u00e9 pozinkovan\u00e9 oceli, nab\u00edz\u00ed odolnost proti korozi a stabilitu. D\u00edky perforovan\u00e9 plo\u0161e zaji\u0161\u0165uje lep\u0161\u00ed p\u0159ilnavost k om\u00edtce a pevnou ochranu proti prasklin\u00e1m a mechanick\u00e9mu po\u0161kozen\u00ed.<\/p>\n<p><strong>V\u00fdhody:<\/strong><\/p>\n<ul>\n<li>Pozinkovan\u00e1 ocel s odolnost\u00ed proti korozi<\/li>\n<li>Vysok\u00e1 p\u0159ilnavost k om\u00edtce d\u00edky perforaci<\/li>\n<li>Snadn\u00e1 mont\u00e1\u017e a trval\u00e9, estetick\u00e9 zakon\u010den\u00ed<\/li>\n<li>Vhodn\u00fd pro zpevn\u011bn\u00ed hran v s\u00e1drov\u00fdch a cementov\u00fdch om\u00edtk\u00e1ch<\/li>\n<\/ul>\n<p><strong>Pou\u017eit\u00ed:<\/strong> Poloroh perforovan\u00fd je ur\u010den\u00fd pro zakon\u010den\u00ed v\u00fdklenk\u016f a hran v om\u00edtk\u00e1ch a \u0161tukech, vhodn\u00fd pro vnit\u0159n\u00ed i venkovn\u00ed pou\u017eit\u00ed.<\/p>\n<\/div>\n<\/div>\n<\/div>\n<\/div>\n","protected":false},"excerpt":{"rendered":"<p>Perforovan\u00fd poloroh o d\u00e9lce 3,0 metru slou\u017e\u00ed k estetick\u00e9mu dokon\u010den\u00ed a vyztu\u017een\u00ed hran om\u00edtek a \u0161tuk\u016f na poloroz\u00edch. Vyroben z<\/p>\n","protected":false},"featured_media":7389,"comment_status":"open","ping_status":"closed","template":"","meta":{"_acf_changed":false},"product_brand":[],"product_cat":[156,946,952,966],"product_tag":[],"class_list":{"0":"post-7387","1":"product","2":"type-product","3":"status-publish","4":"has-post-thumbnail","6":"product_cat-stavebni-materialy","7":"product_cat-sucha-vystavba","8":"product_cat-profily-a-rohy","9":"product_cat-rohy","10":"product_shipping_class-transport-the-partners-cs","11":"pa_producent-prolex-cs","13":"first","14":"instock","15":"taxable","16":"shipping-taxable","17":"purchasable","18":"product-type-simple"},"acf":[],"_links":{"self":[{"href":"https:\/\/sklep.thepartners.pl\/cs\/wp-json\/wp\/v2\/product\/7387","targetHints":{"allow":["GET"]}}],"collection":[{"href":"https:\/\/sklep.thepartners.pl\/cs\/wp-json\/wp\/v2\/product"}],"about":[{"href":"https:\/\/sklep.thepartners.pl\/cs\/wp-json\/wp\/v2\/types\/product"}],"replies":[{"embeddable":true,"href":"https:\/\/sklep.thepartners.pl\/cs\/wp-json\/wp\/v2\/comments?post=7387"}],"wp:featuredmedia":[{"embeddable":true,"href":"https:\/\/sklep.thepartners.pl\/cs\/wp-json\/wp\/v2\/media\/7389"}],"wp:attachment":[{"href":"https:\/\/sklep.thepartners.pl\/cs\/wp-json\/wp\/v2\/media?parent=7387"}],"wp:term":[{"taxonomy":"product_brand","embeddable":true,"href":"https:\/\/sklep.thepartners.pl\/cs\/wp-json\/wp\/v2\/product_brand?post=7387"},{"taxonomy":"product_cat","embeddable":true,"href":"https:\/\/sklep.thepartners.pl\/cs\/wp-json\/wp\/v2\/product_cat?post=7387"},{"taxonomy":"product_tag","embeddable":true,"href":"https:\/\/sklep.thepartners.pl\/cs\/wp-json\/wp\/v2\/product_tag?post=7387"}],"curies":[{"name":"wp","href":"https:\/\/api.w.org\/{rel}","templated":true}]}}