{"id":7401,"date":"2024-10-29T13:36:20","date_gmt":"2024-10-29T12:36:20","guid":{"rendered":"https:\/\/sklep.thepartners.pl\/produkt\/tasma-flizelina-drywall-strip-25-m-50-mm\/"},"modified":"2024-10-29T13:37:44","modified_gmt":"2024-10-29T12:37:44","slug":"tasma-flizelina-drywall-strip-25-m-50-mm","status":"publish","type":"product","link":"https:\/\/sklep.thepartners.pl\/cs\/produkt\/tasma-flizelina-drywall-strip-25-m-50-mm\/","title":{"rendered":"Paska Flizelina DRYWALL STRIP 25 m\/50 mm"},"content":{"rendered":"<div class=\"flex max-w-full flex-col flex-grow\">\n<div class=\"min-h-8 text-message flex w-full flex-col items-end gap-2 whitespace-normal break-words [.text-message+&amp;]:mt-5\" dir=\"auto\" data-message-author-role=\"assistant\" data-message-id=\"a55ef6b2-4fb6-4011-82db-97b935d1dfd3\" data-message-model-slug=\"gpt-4o\">\n<div class=\"flex w-full flex-col gap-1 empty:hidden first:pt-[3px]\">\n<div class=\"markdown prose w-full break-words dark:prose-invert light\">\n<p>Flizelina Schuller o d\u00e9lce 25 metr\u016f a \u0161\u00ed\u0159ce 50 mm je vysoce kvalitn\u00ed v\u00fdztu\u017en\u00e1 p\u00e1ska ur\u010den\u00e1 ke spojov\u00e1n\u00ed s\u00e1drokartonov\u00fdch desek a oprav\u00e1m prasklin a trhlin ve st\u011bn\u00e1ch. Tento produkt nab\u00edz\u00ed pru\u017enost, pevnost a odolnost v\u016f\u010di deformac\u00edm, co\u017e ho \u010din\u00ed ide\u00e1ln\u00edm pro stavebn\u00ed a rekonstruk\u010dn\u00ed pr\u00e1ce. Flizelina Schuller se v\u00fdborn\u011b p\u0159ichyt\u00ed k povrch\u016fm a zaji\u0161\u0165uje pevn\u00e9 spojen\u00ed, \u010d\u00edm\u017e sni\u017euje riziko vzniku prasklin.<\/p>\n<p><strong>V\u00fdhody:<\/strong><\/p>\n<ul>\n<li>Flexibiln\u00ed a pevn\u00e1<\/li>\n<li>Vynikaj\u00edc\u00ed p\u0159ilnavost k povrch\u016fm<\/li>\n<li>Ide\u00e1ln\u00ed pro s\u00e1drokartonov\u00e9 desky a opravy prasklin<\/li>\n<li>Usnad\u0148uje trval\u00e9 a estetick\u00e9 zakon\u010den\u00ed<\/li>\n<\/ul>\n<p><strong>Pou\u017eit\u00ed:<\/strong> Doporu\u010den\u00e1 ke spojov\u00e1n\u00ed s\u00e1drokartonov\u00fdch desek, oprav\u011b prasklin a po\u0161kozen\u00ed st\u011bn i strop\u016f. Skv\u011bl\u00e1 pro dokon\u010dovac\u00ed i rekonstruk\u010dn\u00ed pr\u00e1ce.<\/p>\n<\/div>\n<\/div>\n<\/div>\n<\/div>\n","protected":false},"excerpt":{"rendered":"<p>Flizelina Schuller o d\u00e9lce 25 metr\u016f a \u0161\u00ed\u0159ce 50 mm je vysoce kvalitn\u00ed v\u00fdztu\u017en\u00e1 p\u00e1ska ur\u010den\u00e1 ke spojov\u00e1n\u00ed s\u00e1drokartonov\u00fdch desek<\/p>\n","protected":false},"featured_media":7415,"comment_status":"open","ping_status":"closed","template":"","meta":{"_acf_changed":false},"product_brand":[],"product_cat":[156,946,954,962],"product_tag":[],"class_list":{"0":"post-7401","1":"product","2":"type-product","3":"status-publish","4":"has-post-thumbnail","6":"product_cat-stavebni-materialy","7":"product_cat-sucha-vystavba","8":"product_cat-montazni-prislusenstvi","9":"product_cat-netkane-textilie-a-pasky","10":"product_shipping_class-kurier-cs","11":"pa_producent-schuller-ehklar-cs","13":"first","14":"instock","15":"taxable","16":"shipping-taxable","17":"purchasable","18":"product-type-simple"},"acf":[],"_links":{"self":[{"href":"https:\/\/sklep.thepartners.pl\/cs\/wp-json\/wp\/v2\/product\/7401","targetHints":{"allow":["GET"]}}],"collection":[{"href":"https:\/\/sklep.thepartners.pl\/cs\/wp-json\/wp\/v2\/product"}],"about":[{"href":"https:\/\/sklep.thepartners.pl\/cs\/wp-json\/wp\/v2\/types\/product"}],"replies":[{"embeddable":true,"href":"https:\/\/sklep.thepartners.pl\/cs\/wp-json\/wp\/v2\/comments?post=7401"}],"wp:featuredmedia":[{"embeddable":true,"href":"https:\/\/sklep.thepartners.pl\/cs\/wp-json\/wp\/v2\/media\/7415"}],"wp:attachment":[{"href":"https:\/\/sklep.thepartners.pl\/cs\/wp-json\/wp\/v2\/media?parent=7401"}],"wp:term":[{"taxonomy":"product_brand","embeddable":true,"href":"https:\/\/sklep.thepartners.pl\/cs\/wp-json\/wp\/v2\/product_brand?post=7401"},{"taxonomy":"product_cat","embeddable":true,"href":"https:\/\/sklep.thepartners.pl\/cs\/wp-json\/wp\/v2\/product_cat?post=7401"},{"taxonomy":"product_tag","embeddable":true,"href":"https:\/\/sklep.thepartners.pl\/cs\/wp-json\/wp\/v2\/product_tag?post=7401"}],"curies":[{"name":"wp","href":"https:\/\/api.w.org\/{rel}","templated":true}]}}