{"id":7410,"date":"2024-10-29T13:41:31","date_gmt":"2024-10-29T12:41:31","guid":{"rendered":"https:\/\/sklep.thepartners.pl\/?post_type=product&#038;p=7410"},"modified":"2024-10-29T13:45:35","modified_gmt":"2024-10-29T12:45:35","slug":"paska-flizelina-drywall-strip-25-m-50-mm-kopia","status":"publish","type":"product","link":"https:\/\/sklep.thepartners.pl\/cs\/produkt\/paska-flizelina-drywall-strip-25-m-50-mm-kopia\/","title":{"rendered":"Paska Flizelina Blue Dolphin 25 m \/ 50 mm"},"content":{"rendered":"<div class=\"flex max-w-full flex-col flex-grow\">\n<div class=\"min-h-8 text-message flex w-full flex-col items-end gap-2 whitespace-normal break-words [.text-message+&amp;]:mt-5\" dir=\"auto\" data-message-author-role=\"assistant\" data-message-id=\"a55ef6b2-4fb6-4011-82db-97b935d1dfd3\" data-message-model-slug=\"gpt-4o\">\n<div class=\"flex w-full flex-col gap-1 empty:hidden first:pt-[3px]\">\n<div class=\"markdown prose w-full break-words dark:prose-invert light\">\n<p>Flizelina Blue Dolphin o d\u00e9lce 25 metr\u016f a \u0161\u00ed\u0159ce 50 mm je spolehliv\u00e1 v\u00fdztu\u017en\u00e1 p\u00e1ska, ide\u00e1ln\u00ed pro zes\u00edlen\u00ed spoj\u016f s\u00e1drokartonov\u00fdch desek a opravy trhlin a prasklin na st\u011bn\u00e1ch i stropech. D\u00edky vynikaj\u00edc\u00ed p\u0159ilnavosti a odolnosti v\u016f\u010di deformac\u00edm poskytuje trvanliv\u00e9 a estetick\u00e9 zakon\u010den\u00ed. Tento produkt se vyzna\u010duje pru\u017enost\u00ed a snadnou aplikac\u00ed, co\u017e z n\u011bj \u010din\u00ed ide\u00e1ln\u00ed volbu pro profesion\u00e1ln\u00ed i amat\u00e9rsk\u00e9 rekonstruk\u010dn\u00ed pr\u00e1ce.<\/p>\n<p><strong>V\u00fdhody:<\/strong><\/p>\n<ul>\n<li>Trvanliv\u00e1 a flexibiln\u00ed struktura<\/li>\n<li>V\u00fdjime\u010dn\u00e1 p\u0159ilnavost na r\u016fznorod\u00e9 povrchy<\/li>\n<li>Ide\u00e1ln\u00ed pro spojov\u00e1n\u00ed s\u00e1drokartonov\u00fdch desek a opravu po\u0161kozen\u00ed povrch\u016f<\/li>\n<li>Zaji\u0161\u0165uje trval\u00e9 zakon\u010den\u00ed bez prasklin a trhlin<\/li>\n<\/ul>\n<p><strong>Pou\u017eit\u00ed:<\/strong> Vhodn\u00e1 ke spojov\u00e1n\u00ed s\u00e1drokartonov\u00fdch desek, oprav\u011b prasklin na st\u011bn\u00e1ch a stropech. Doporu\u010den\u00e1 pro rekonstruk\u010dn\u00ed a dokon\u010dovac\u00ed pr\u00e1ce, kde je vy\u017eadov\u00e1na trvanlivost a p\u0159esn\u00e9 zakon\u010den\u00ed.<\/p>\n<\/div>\n<\/div>\n<\/div>\n<\/div>\n","protected":false},"excerpt":{"rendered":"<p>Flizelina Blue Dolphin o d\u00e9lce 25 metr\u016f a \u0161\u00ed\u0159ce 50 mm je spolehliv\u00e1 v\u00fdztu\u017en\u00e1 p\u00e1ska, ide\u00e1ln\u00ed pro zes\u00edlen\u00ed spoj\u016f s\u00e1drokartonov\u00fdch<\/p>\n","protected":false},"featured_media":7412,"comment_status":"open","ping_status":"closed","template":"","meta":{"_acf_changed":false},"product_brand":[],"product_cat":[156,946,954,962],"product_tag":[],"class_list":{"0":"post-7410","1":"product","2":"type-product","3":"status-publish","4":"has-post-thumbnail","6":"product_cat-stavebni-materialy","7":"product_cat-sucha-vystavba","8":"product_cat-montazni-prislusenstvi","9":"product_cat-netkane-textilie-a-pasky","10":"product_shipping_class-kurier-cs","11":"pa_producent-blue-dolphin","13":"first","14":"instock","15":"taxable","16":"shipping-taxable","17":"purchasable","18":"product-type-simple"},"acf":[],"_links":{"self":[{"href":"https:\/\/sklep.thepartners.pl\/cs\/wp-json\/wp\/v2\/product\/7410","targetHints":{"allow":["GET"]}}],"collection":[{"href":"https:\/\/sklep.thepartners.pl\/cs\/wp-json\/wp\/v2\/product"}],"about":[{"href":"https:\/\/sklep.thepartners.pl\/cs\/wp-json\/wp\/v2\/types\/product"}],"replies":[{"embeddable":true,"href":"https:\/\/sklep.thepartners.pl\/cs\/wp-json\/wp\/v2\/comments?post=7410"}],"wp:featuredmedia":[{"embeddable":true,"href":"https:\/\/sklep.thepartners.pl\/cs\/wp-json\/wp\/v2\/media\/7412"}],"wp:attachment":[{"href":"https:\/\/sklep.thepartners.pl\/cs\/wp-json\/wp\/v2\/media?parent=7410"}],"wp:term":[{"taxonomy":"product_brand","embeddable":true,"href":"https:\/\/sklep.thepartners.pl\/cs\/wp-json\/wp\/v2\/product_brand?post=7410"},{"taxonomy":"product_cat","embeddable":true,"href":"https:\/\/sklep.thepartners.pl\/cs\/wp-json\/wp\/v2\/product_cat?post=7410"},{"taxonomy":"product_tag","embeddable":true,"href":"https:\/\/sklep.thepartners.pl\/cs\/wp-json\/wp\/v2\/product_tag?post=7410"}],"curies":[{"name":"wp","href":"https:\/\/api.w.org\/{rel}","templated":true}]}}