{"id":7426,"date":"2024-10-29T14:19:04","date_gmt":"2024-10-29T13:19:04","guid":{"rendered":"https:\/\/sklep.thepartners.pl\/?post_type=product&#038;p=7426"},"modified":"2024-10-29T14:21:28","modified_gmt":"2024-10-29T13:21:28","slug":"paska-ze-skleneneho-vlakna-schuller-drywall-tape-48mm-x-90m-kopia","status":"publish","type":"product","link":"https:\/\/sklep.thepartners.pl\/cs\/produkt\/paska-ze-skleneneho-vlakna-schuller-drywall-tape-48mm-x-90m-kopia\/","title":{"rendered":"P\u00e1ska ze Sklen\u011bn\u00e9ho Vl\u00e1kna Schuller Drywall Tape 144mm x 90m"},"content":{"rendered":"<div class=\"flex max-w-full flex-col flex-grow\">\n<div class=\"min-h-8 text-message flex w-full flex-col items-end gap-2 whitespace-normal break-words [.text-message+&amp;]:mt-5\" dir=\"auto\" data-message-author-role=\"assistant\" data-message-id=\"84e42a6a-5af1-4fa1-a5ed-0a26353742f0\" data-message-model-slug=\"gpt-4o\">\n<div class=\"flex w-full flex-col gap-1 empty:hidden first:pt-[3px]\">\n<div class=\"markdown prose w-full break-words dark:prose-invert light\">\n<div class=\"flex max-w-full flex-col flex-grow\">\n<div class=\"min-h-8 text-message flex w-full flex-col items-end gap-2 whitespace-normal break-words [.text-message+&amp;]:mt-5\" dir=\"auto\" data-message-author-role=\"assistant\" data-message-id=\"becf210e-f122-4d26-b492-c44acb3a890f\" data-message-model-slug=\"gpt-4o\">\n<div class=\"flex w-full flex-col gap-1 empty:hidden first:pt-[3px]\">\n<div class=\"markdown prose w-full break-words dark:prose-invert light\">\n<p><strong>P\u00e1ska ze Sklen\u011bn\u00e9ho Vl\u00e1kna Schuller Drywall<\/strong> je vysoce kvalitn\u00ed p\u00e1ska ur\u010den\u00e1 pro spojov\u00e1n\u00ed a opravy s\u00e1drokartonov\u00fdch desek, stejn\u011b jako pro vypl\u0148ov\u00e1n\u00ed trhlin a prasklin. Vyroben\u00e1 z odoln\u00e9ho sklen\u011bn\u00e9ho vl\u00e1kna, poskytuje pevn\u00e9 spojen\u00ed a zabra\u0148uje vzniku prasklin na povrchu. D\u00edky samolepic\u00edmu povrchu je aplikace p\u00e1sky snadn\u00e1, co\u017e ji \u010din\u00ed ide\u00e1ln\u00ed volbou jak pro profesion\u00e1ly, tak pro ty, kte\u0159\u00ed prov\u00e1d\u011bj\u00ed opravy sv\u00e9pomoc\u00ed.<\/p>\n<p><strong>Hlavn\u00ed vlastnosti:<\/strong><\/p>\n<ul>\n<li><strong>Samolepic\u00ed povrch<\/strong> \u2013 snadn\u00e1 aplikace bez pot\u0159eby dal\u0161\u00edch n\u00e1stroj\u016f<\/li>\n<li><strong>Odoln\u00e9 sklen\u011bn\u00e9 vl\u00e1kno<\/strong> \u2013 zaji\u0161\u0165uje pevnost a zabra\u0148uje prask\u00e1n\u00ed<\/li>\n<li><strong>Odolnost proti rozvrstven\u00ed<\/strong> \u2013 ide\u00e1ln\u00ed pro dlouhodob\u00e9 pou\u017eit\u00ed<\/li>\n<li><strong>V\u00edce\u00fa\u010delov\u00e9 vyu\u017eit\u00ed<\/strong> \u2013 vhodn\u00e1 pro opravy s\u00e1drokartonov\u00fdch desek, vypl\u0148ov\u00e1n\u00ed trhlin a pos\u00edlen\u00ed st\u011bn<\/li>\n<\/ul>\n<p><strong>Pou\u017eit\u00ed:<\/strong> P\u00e1ska Schuller Drywall je ide\u00e1ln\u00ed pro ve\u0161ker\u00e9 opravn\u00e9 pr\u00e1ce, od spojov\u00e1n\u00ed s\u00e1drokartonov\u00fdch desek a\u017e po zakryt\u00ed drobn\u00fdch vad. Tento produkt v\u00e1m zajist\u00ed trval\u00e9 a estetick\u00e9 povrchov\u00e9 \u00fapravy.<\/p>\n<\/div>\n<\/div>\n<\/div>\n<\/div>\n<\/div>\n<\/div>\n<\/div>\n<\/div>\n","protected":false},"excerpt":{"rendered":"<p>P\u00e1ska ze Sklen\u011bn\u00e9ho Vl\u00e1kna Schuller Drywall je vysoce kvalitn\u00ed p\u00e1ska ur\u010den\u00e1 pro spojov\u00e1n\u00ed a opravy s\u00e1drokartonov\u00fdch desek, stejn\u011b jako pro<\/p>\n","protected":false},"featured_media":7428,"comment_status":"open","ping_status":"closed","template":"","meta":{"_acf_changed":false},"product_brand":[],"product_cat":[156,946,954,962],"product_tag":[],"class_list":{"0":"post-7426","1":"product","2":"type-product","3":"status-publish","4":"has-post-thumbnail","6":"product_cat-stavebni-materialy","7":"product_cat-sucha-vystavba","8":"product_cat-montazni-prislusenstvi","9":"product_cat-netkane-textilie-a-pasky","10":"product_shipping_class-kurier-cs","11":"pa_producent-schuller-ehklar-cs","13":"first","14":"instock","15":"taxable","16":"shipping-taxable","17":"purchasable","18":"product-type-simple"},"acf":[],"_links":{"self":[{"href":"https:\/\/sklep.thepartners.pl\/cs\/wp-json\/wp\/v2\/product\/7426","targetHints":{"allow":["GET"]}}],"collection":[{"href":"https:\/\/sklep.thepartners.pl\/cs\/wp-json\/wp\/v2\/product"}],"about":[{"href":"https:\/\/sklep.thepartners.pl\/cs\/wp-json\/wp\/v2\/types\/product"}],"replies":[{"embeddable":true,"href":"https:\/\/sklep.thepartners.pl\/cs\/wp-json\/wp\/v2\/comments?post=7426"}],"wp:featuredmedia":[{"embeddable":true,"href":"https:\/\/sklep.thepartners.pl\/cs\/wp-json\/wp\/v2\/media\/7428"}],"wp:attachment":[{"href":"https:\/\/sklep.thepartners.pl\/cs\/wp-json\/wp\/v2\/media?parent=7426"}],"wp:term":[{"taxonomy":"product_brand","embeddable":true,"href":"https:\/\/sklep.thepartners.pl\/cs\/wp-json\/wp\/v2\/product_brand?post=7426"},{"taxonomy":"product_cat","embeddable":true,"href":"https:\/\/sklep.thepartners.pl\/cs\/wp-json\/wp\/v2\/product_cat?post=7426"},{"taxonomy":"product_tag","embeddable":true,"href":"https:\/\/sklep.thepartners.pl\/cs\/wp-json\/wp\/v2\/product_tag?post=7426"}],"curies":[{"name":"wp","href":"https:\/\/api.w.org\/{rel}","templated":true}]}}