{"id":7436,"date":"2024-10-30T09:05:08","date_gmt":"2024-10-30T08:05:08","guid":{"rendered":"https:\/\/sklep.thepartners.pl\/produkt\/dalmierz-laserowy-dl-40m5-z-miara-zwijana-5m\/"},"modified":"2024-11-04T14:10:13","modified_gmt":"2024-11-04T13:10:13","slug":"dalmierz-laserowy-dl-40m5-z-miara-zwijana-5m","status":"publish","type":"product","link":"https:\/\/sklep.thepartners.pl\/cs\/produkt\/dalmierz-laserowy-dl-40m5-z-miara-zwijana-5m\/","title":{"rendered":"Laserov\u00fd d\u00e1lkom\u011br DL-40M5 s p\u00e1skou 5M"},"content":{"rendered":"<p><strong>Laserov\u00fd d\u00e1lkom\u011br DL-40M5 s 5M<\/strong> sklopn\u00fdm m\u011b\u0159\u00edtkem je inovativn\u00ed n\u00e1stroj, kter\u00fd kombinuje funkce tradi\u010dn\u00edho m\u011b\u0159en\u00ed a p\u0159esn\u00e9ho laserov\u00e9ho d\u00e1lkom\u011bru. Toto je ide\u00e1ln\u00ed \u0159e\u0161en\u00ed pro profesion\u00e1ly a kutily, kte\u0159\u00ed oce\u0148uj\u00ed p\u0159esnost a pohodl\u00ed p\u0159i m\u011b\u0159en\u00ed.<\/p>\n<p><strong>Dal\u0161\u00ed vybaven\u00ed:<\/strong><\/p>\n<ul>\n<li><strong>Stupnice na zadn\u00ed stran\u011b p\u00e1sky:<\/strong> Usnad\u0148uje vertik\u00e1ln\u00ed m\u011b\u0159en\u00ed a usnad\u0148uje pr\u00e1ci.<\/li>\n<li><strong>Magnetick\u00fd h\u00e1\u010dek:<\/strong> Umo\u017e\u0148uje p\u0159esn\u011b p\u0159ipevnit m\u00edru, co\u017e je u\u017eite\u010dn\u00e9 zejm\u00e9na p\u0159i samostatn\u00e9 pr\u00e1ci.<\/li>\n<li><strong>Kovov\u00e1 spona na opasek<\/strong><\/li>\n<\/ul>\n","protected":false},"excerpt":{"rendered":"<p><strong>Du\u00e1ln\u00ed funkce:<\/strong> Za\u0159\u00edzen\u00ed umo\u017e\u0148uje m\u011b\u0159en\u00ed dv\u011bma zp\u016fsoby:<\/p>\n<p><strong>Nav\u00edjec\u00ed svinovac\u00ed metr:<\/strong> 5 metr\u016f dlouh\u00e1 ocelov\u00e1 p\u00e1ska s reverzn\u00ed brzdou, ide\u00e1ln\u00ed pro kr\u00e1tk\u00e1 a p\u0159esn\u00e1 m\u011b\u0159en\u00ed.<br \/>\n<strong>Laserov\u00fd d\u00e1lkom\u011br:<\/strong> Dosah m\u011b\u0159en\u00ed a\u017e 40 metr\u016f s p\u0159esnost\u00ed \u00b12 mm, co\u017e umo\u017e\u0148uje rychl\u00e9 a p\u0159esn\u00e9 m\u011b\u0159en\u00ed na del\u0161\u00ed vzd\u00e1lenosti.<\/p>\n","protected":false},"featured_media":7433,"comment_status":"open","ping_status":"closed","template":"","meta":{"_acf_changed":false},"product_brand":[],"product_cat":[1027,1022],"product_tag":[1212],"class_list":{"0":"post-7436","1":"product","2":"type-product","3":"status-publish","4":"has-post-thumbnail","6":"product_cat-merici-zarizeni","7":"product_cat-naradi","8":"product_tag-dalmierz-laserowy-cs","9":"product_shipping_class-kurier-cs","10":"pa_producent-pro-cs","12":"first","13":"instock","14":"taxable","15":"shipping-taxable","16":"purchasable","17":"product-type-simple"},"acf":[],"_links":{"self":[{"href":"https:\/\/sklep.thepartners.pl\/cs\/wp-json\/wp\/v2\/product\/7436","targetHints":{"allow":["GET"]}}],"collection":[{"href":"https:\/\/sklep.thepartners.pl\/cs\/wp-json\/wp\/v2\/product"}],"about":[{"href":"https:\/\/sklep.thepartners.pl\/cs\/wp-json\/wp\/v2\/types\/product"}],"replies":[{"embeddable":true,"href":"https:\/\/sklep.thepartners.pl\/cs\/wp-json\/wp\/v2\/comments?post=7436"}],"wp:featuredmedia":[{"embeddable":true,"href":"https:\/\/sklep.thepartners.pl\/cs\/wp-json\/wp\/v2\/media\/7433"}],"wp:attachment":[{"href":"https:\/\/sklep.thepartners.pl\/cs\/wp-json\/wp\/v2\/media?parent=7436"}],"wp:term":[{"taxonomy":"product_brand","embeddable":true,"href":"https:\/\/sklep.thepartners.pl\/cs\/wp-json\/wp\/v2\/product_brand?post=7436"},{"taxonomy":"product_cat","embeddable":true,"href":"https:\/\/sklep.thepartners.pl\/cs\/wp-json\/wp\/v2\/product_cat?post=7436"},{"taxonomy":"product_tag","embeddable":true,"href":"https:\/\/sklep.thepartners.pl\/cs\/wp-json\/wp\/v2\/product_tag?post=7436"}],"curies":[{"name":"wp","href":"https:\/\/api.w.org\/{rel}","templated":true}]}}