{"id":7438,"date":"2024-10-30T09:37:08","date_gmt":"2024-10-30T08:37:08","guid":{"rendered":"https:\/\/sklep.thepartners.pl\/?post_type=product&#038;p=7438"},"modified":"2025-07-21T11:16:47","modified_gmt":"2025-07-21T09:16:47","slug":"dalmierz-laserowy-dl-40x-pro","status":"publish","type":"product","link":"https:\/\/sklep.thepartners.pl\/cs\/produkt\/dalmierz-laserowy-dl-40x-pro\/","title":{"rendered":"Dalmierz Laserowy DL-40X PRO"},"content":{"rendered":"<p><strong>Dalmierz Laserowy DL-40X<\/strong> to precyzyjne narz\u0119dzie pomiarowe, idealne dla profesjonalist\u00f3w i majsterkowicz\u00f3w ceni\u0105cych dok\u0142adno\u015b\u0107 oraz funkcjonalno\u015b\u0107.<\/p>\n<p><strong>Dodatkowe udogodnienia:<\/strong><\/p>\n<ul>\n<li><strong>Pod\u015bwietlany ekran LCD:<\/strong> zapewnia czytelno\u015b\u0107 w r\u00f3\u017cnych warunkach o\u015bwietleniowych.<\/li>\n<li><strong>Rozbudowana pami\u0119\u0107:<\/strong> umo\u017cliwia zapisywanie do 99 pomiar\u00f3w oraz wykonywanie na nich dzia\u0142a\u0144 dodawania i odejmowania.<\/li>\n<li><strong>Automatyczne wy\u0142\u0105czenie<\/strong><\/li>\n<li><strong>Dane techniczne:<\/strong>\n<ul>\n<li><strong>Rozdzielczo\u015b\u0107 pomiaru:<\/strong> 0,001 m.<\/li>\n<li><strong>Zasilanie:<\/strong> 2 baterie AAA 1,5V.<\/li>\n<li><strong>Typ lasera:<\/strong> 635 nm, klasa 2, &lt;1 mW.<\/li>\n<li><strong>\u017bywotno\u015b\u0107 baterii:<\/strong> oko\u0142o 8 000 pomiar\u00f3w.<\/li>\n<li><strong>Temperatura pracy:<\/strong> 0\u00b0C \u00f7 40\u00b0C.<\/li>\n<li><strong>Temperatura przechowywania:<\/strong> -20\u00b0C \u00f7 60\u00b0C.<\/li>\n<li><strong>Klasa szczelno\u015bci:<\/strong> IP54<\/li>\n<\/ul>\n<\/li>\n<\/ul>\n<p><strong>Zawarto\u015b\u0107 zestawu:<\/strong><\/p>\n<ul>\n<li>Dalmierz DL-40X.<\/li>\n<li>Etui.<\/li>\n<li>Pasek.<\/li>\n<li>3 baterie.<\/li>\n<li>Instrukcja obs\u0142ugi.<\/li>\n<\/ul>\n","protected":false},"excerpt":{"rendered":"<p><strong>Kluczowe cechy produktu:<\/strong><\/p>\n<ul>\n<li><strong>Zakres pomiaru:<\/strong> od 0,05 m do 40 m, z dok\u0142adno\u015bci\u0105 \u00b12 mm.<\/li>\n<li><strong>Funkcjonalno\u015b\u0107:<\/strong>\n<ul>\n<li><strong>Pomiar po\u015bredni:<\/strong> z mo\u017cliwo\u015bci\u0105 obliczania sumy i r\u00f3\u017cnicy.<\/li>\n<li><strong>Pomiar ci\u0105g\u0142y i dynamiczny:<\/strong> dla szybkich i precyzyjnych pomiar\u00f3w.<\/li>\n<li><strong>Trzy punkty odniesienia pomiaru:<\/strong> przednia \u015bcianka, tylna \u015bcianka urz\u0105dzenia oraz gniazdo 1\/4\u201d<\/li>\n<\/ul>\n<\/li>\n<\/ul>\n","protected":false},"featured_media":7444,"comment_status":"open","ping_status":"closed","template":"","meta":{"_acf_changed":false},"product_brand":[],"product_cat":[1022,1027],"product_tag":[1214],"class_list":{"0":"post-7438","1":"product","2":"type-product","3":"status-publish","4":"has-post-thumbnail","6":"product_cat-naradi","7":"product_cat-merici-zarizeni","8":"product_tag-dalmierz-laserowy-dl-40x","9":"product_shipping_class-kurier-cs","10":"pa_producent-pro","12":"first","13":"instock","14":"taxable","15":"shipping-taxable","16":"purchasable","17":"product-type-simple"},"acf":[],"_links":{"self":[{"href":"https:\/\/sklep.thepartners.pl\/cs\/wp-json\/wp\/v2\/product\/7438","targetHints":{"allow":["GET"]}}],"collection":[{"href":"https:\/\/sklep.thepartners.pl\/cs\/wp-json\/wp\/v2\/product"}],"about":[{"href":"https:\/\/sklep.thepartners.pl\/cs\/wp-json\/wp\/v2\/types\/product"}],"replies":[{"embeddable":true,"href":"https:\/\/sklep.thepartners.pl\/cs\/wp-json\/wp\/v2\/comments?post=7438"}],"wp:featuredmedia":[{"embeddable":true,"href":"https:\/\/sklep.thepartners.pl\/cs\/wp-json\/wp\/v2\/media\/7444"}],"wp:attachment":[{"href":"https:\/\/sklep.thepartners.pl\/cs\/wp-json\/wp\/v2\/media?parent=7438"}],"wp:term":[{"taxonomy":"product_brand","embeddable":true,"href":"https:\/\/sklep.thepartners.pl\/cs\/wp-json\/wp\/v2\/product_brand?post=7438"},{"taxonomy":"product_cat","embeddable":true,"href":"https:\/\/sklep.thepartners.pl\/cs\/wp-json\/wp\/v2\/product_cat?post=7438"},{"taxonomy":"product_tag","embeddable":true,"href":"https:\/\/sklep.thepartners.pl\/cs\/wp-json\/wp\/v2\/product_tag?post=7438"}],"curies":[{"name":"wp","href":"https:\/\/api.w.org\/{rel}","templated":true}]}}