{"id":7458,"date":"2024-10-30T09:43:05","date_gmt":"2024-10-30T08:43:05","guid":{"rendered":"https:\/\/sklep.thepartners.pl\/produkt\/dalmierz-laserowy-dl-60x\/"},"modified":"2024-11-04T14:06:59","modified_gmt":"2024-11-04T13:06:59","slug":"dalmierz-laserowy-dl-60x","status":"publish","type":"product","link":"https:\/\/sklep.thepartners.pl\/cs\/produkt\/dalmierz-laserowy-dl-60x\/","title":{"rendered":"Laserov\u00fd d\u00e1lkom\u011br DL-60X"},"content":{"rendered":"<ul>\n<li><strong>Dal\u0161\u00ed vybaven\u00ed:<\/strong><\/li>\n<li><strong>Podsv\u00edcen\u00fd LCD displej:<\/strong> zaji\u0161\u0165uje \u010ditelnost za r\u016fzn\u00fdch sv\u011bteln\u00fdch podm\u00ednek.<\/li>\n<li><strong>Roz\u0161\u00ed\u0159en\u00e1 pam\u011b\u0165:<\/strong> umo\u017e\u0148uje ulo\u017eit a\u017e 99 m\u011b\u0159en\u00ed a prov\u00e1d\u011bt na nich operace s\u010d\u00edt\u00e1n\u00ed a od\u010d\u00edt\u00e1n\u00ed.<\/li>\n<li><strong>Automatick\u00e9 vypnut\u00ed:<\/strong> laser po 20 s, za\u0159\u00edzen\u00ed po 150 s, co\u017e \u0161et\u0159\u00ed energii.<\/li>\n<li><strong>Protiskluzov\u00e1 tla\u010d\u00edtka:<\/strong> pro pevn\u00e9 uchopen\u00ed a pohodl\u00ed p\u0159i pr\u00e1ci.<\/li>\n<li><strong>1\/4&#8243; dr\u017e\u00e1k na stativ:<\/strong> pro stabiln\u00ed m\u011b\u0159en\u00ed na del\u0161\u00ed vzd\u00e1lenosti.<\/li>\n<li><strong>T\u0159\u00edda t\u011bsnosti IP54:<\/strong> odolnost proti prachu a st\u0159\u00edkaj\u00edc\u00ed vod\u011b.<\/li>\n<\/ul>\n<p><strong>Technick\u00e9 \u00fadaje:<\/strong><\/p>\n<ul>\n<li><strong>Rozli\u0161en\u00ed m\u011b\u0159en\u00ed:<\/strong> 0,001m.<\/li>\n<li><strong>Nap\u00e1jen\u00ed:<\/strong> 3 baterie AAA 1,5V.<\/li>\n<li><strong>Typ laseru:<\/strong> 635 nm, t\u0159\u00edda 2, &lt;1 mW.<\/li>\n<li><strong>\u017divotnost baterie:<\/strong> p\u0159ibli\u017en\u011b 8 000 m\u011b\u0159en\u00ed.<\/li>\n<li><strong>Provozn\u00ed teplota:<\/strong> 0\u00b0C \u00f7 40\u00b0C.<\/li>\n<li><strong>Skladovac\u00ed teplota:<\/strong> -20\u00b0C \u00f7 60\u00b0C<\/li>\n<\/ul>\n","protected":false},"excerpt":{"rendered":"<p><strong>Kl\u00ed\u010dov\u00e9 vlastnosti produktu:<\/strong><\/p>\n<ul>\n<li><strong>Rozsah m\u011b\u0159en\u00ed:<\/strong> od 0,05 m do 60 m, s p\u0159esnost\u00ed \u00b12 mm.<\/li>\n<li><strong>Funk\u010dnost:<\/strong><\/li>\n<li><strong>Nep\u0159\u00edm\u00e9 m\u011b\u0159en\u00ed:<\/strong> roz\u0161\u00ed\u0159eno o schopnost vypo\u010d\u00edtat sou\u010det a rozd\u00edl.<\/li>\n<li><strong>Kontinu\u00e1ln\u00ed a dynamick\u00e9 m\u011b\u0159en\u00ed:<\/strong> pro rychl\u00e9 a p\u0159esn\u00e9 m\u011b\u0159en\u00ed.<\/li>\n<li><strong>T\u0159i referen\u010dn\u00ed body m\u011b\u0159en\u00ed:<\/strong> p\u0159edn\u00ed st\u011bna, zadn\u00ed st\u011bna p\u0159\u00edstroje a 1\/4&#8243; z\u00e1suvka.<\/li>\n<\/ul>\n","protected":false},"featured_media":7457,"comment_status":"open","ping_status":"closed","template":"","meta":{"_acf_changed":false},"product_brand":[],"product_cat":[1022,1027],"product_tag":[1216],"class_list":{"0":"post-7458","1":"product","2":"type-product","3":"status-publish","4":"has-post-thumbnail","6":"product_cat-naradi","7":"product_cat-merici-zarizeni","8":"product_tag-dalmierz-laserowy-dl-60x-cs","9":"product_shipping_class-kurier-cs","10":"pa_producent-pro-cs","12":"first","13":"instock","14":"taxable","15":"shipping-taxable","16":"purchasable","17":"product-type-simple"},"acf":[],"_links":{"self":[{"href":"https:\/\/sklep.thepartners.pl\/cs\/wp-json\/wp\/v2\/product\/7458","targetHints":{"allow":["GET"]}}],"collection":[{"href":"https:\/\/sklep.thepartners.pl\/cs\/wp-json\/wp\/v2\/product"}],"about":[{"href":"https:\/\/sklep.thepartners.pl\/cs\/wp-json\/wp\/v2\/types\/product"}],"replies":[{"embeddable":true,"href":"https:\/\/sklep.thepartners.pl\/cs\/wp-json\/wp\/v2\/comments?post=7458"}],"wp:featuredmedia":[{"embeddable":true,"href":"https:\/\/sklep.thepartners.pl\/cs\/wp-json\/wp\/v2\/media\/7457"}],"wp:attachment":[{"href":"https:\/\/sklep.thepartners.pl\/cs\/wp-json\/wp\/v2\/media?parent=7458"}],"wp:term":[{"taxonomy":"product_brand","embeddable":true,"href":"https:\/\/sklep.thepartners.pl\/cs\/wp-json\/wp\/v2\/product_brand?post=7458"},{"taxonomy":"product_cat","embeddable":true,"href":"https:\/\/sklep.thepartners.pl\/cs\/wp-json\/wp\/v2\/product_cat?post=7458"},{"taxonomy":"product_tag","embeddable":true,"href":"https:\/\/sklep.thepartners.pl\/cs\/wp-json\/wp\/v2\/product_tag?post=7458"}],"curies":[{"name":"wp","href":"https:\/\/api.w.org\/{rel}","templated":true}]}}