{"id":7483,"date":"2024-10-30T11:47:43","date_gmt":"2024-10-30T10:47:43","guid":{"rendered":"https:\/\/sklep.thepartners.pl\/produkt\/tasma-tt-tuff-tape-do-polaczen-i-naroznikow-wewnetrznych-plyt-g-k-10mb\/"},"modified":"2024-10-30T11:50:01","modified_gmt":"2024-10-30T10:50:01","slug":"tasma-tt-tuff-tape-do-polaczen-i-naroznikow-wewnetrznych-plyt-g-k-10mb","status":"publish","type":"product","link":"https:\/\/sklep.thepartners.pl\/cs\/produkt\/tasma-tt-tuff-tape-do-polaczen-i-naroznikow-wewnetrznych-plyt-g-k-10mb\/","title":{"rendered":"P\u00e1ska TT-TUFF TAPE pro Spoje a Vnit\u0159n\u00ed Rohy S\u00e1drokartonov\u00fdch Desek 10mb"},"content":{"rendered":"<p><strong>P\u00e1ska TT-TUFF TAPE pro Spoje a Vnit\u0159n\u00ed Rohy S\u00e1drokartonov\u00fdch Desek<\/strong> je profesion\u00e1ln\u00ed v\u00fdztu\u017en\u00e1 p\u00e1ska ur\u010den\u00e1 pro estetick\u00e9 a trvanliv\u00e9 zakon\u010den\u00ed spoj\u016f s\u00e1drokartonov\u00fdch desek, zejm\u00e9na na vnit\u0159n\u00edch roz\u00edch st\u011bn a strop\u016f. Vyroben\u00e1 z odoln\u00fdch a pru\u017en\u00fdch vl\u00e1ken, p\u00e1ska TT-TUFF TAPE poskytuje v\u00fdjime\u010dnou odolnost proti prask\u00e1n\u00ed a snadno se p\u0159izp\u016fsob\u00ed r\u016fzn\u00fdm \u00fahl\u016fm a povrch\u016fm.<\/p>\n<h3>Kl\u00ed\u010dov\u00e9 vlastnosti:<\/h3>\n<ul>\n<li><strong>Vysok\u00e1 pru\u017enost<\/strong> \u2013 perfektn\u011b p\u0159ilne k roh\u016fm a oblouk\u016fm<\/li>\n<li><strong>Odolnost proti prask\u00e1n\u00ed<\/strong> \u2013 zvy\u0161uje trvanlivost spoj\u016f a zakon\u010den\u00ed<\/li>\n<li><strong>Snadn\u00e1 aplikace<\/strong> \u2013 rychl\u00e1 mont\u00e1\u017e i v t\u011b\u017eko dostupn\u00fdch m\u00edstech<\/li>\n<li><strong>Univerz\u00e1lnost<\/strong> \u2013 vhodn\u00e1 pro spoje i rohy s\u00e1drokartonov\u00fdch desek<\/li>\n<\/ul>\n<p>P\u00e1ska TT-TUFF TAPE je spolehlivou volbou pro profesion\u00e1ly i kutily, kte\u0159\u00ed hledaj\u00ed trvanliv\u00e1 \u0159e\u0161en\u00ed pro dokon\u010den\u00ed konstrukc\u00ed ze s\u00e1drokartonu.<\/p>\n","protected":false},"excerpt":{"rendered":"<p>P\u00e1ska TT-TUFF TAPE pro Spoje a Vnit\u0159n\u00ed Rohy S\u00e1drokartonov\u00fdch Desek je profesion\u00e1ln\u00ed v\u00fdztu\u017en\u00e1 p\u00e1ska ur\u010den\u00e1 pro estetick\u00e9 a trvanliv\u00e9 zakon\u010den\u00ed<\/p>\n","protected":false},"featured_media":7479,"comment_status":"open","ping_status":"closed","template":"","meta":{"_acf_changed":false},"product_brand":[],"product_cat":[156,946,954,962],"product_tag":[],"class_list":{"0":"post-7483","1":"product","2":"type-product","3":"status-publish","4":"has-post-thumbnail","6":"product_cat-stavebni-materialy","7":"product_cat-sucha-vystavba","8":"product_cat-montazni-prislusenstvi","9":"product_cat-netkane-textilie-a-pasky","10":"product_shipping_class-kurier-cs","11":"pa_producent-centerflex-cs","13":"first","14":"instock","15":"taxable","16":"shipping-taxable","17":"purchasable","18":"product-type-simple"},"acf":[],"_links":{"self":[{"href":"https:\/\/sklep.thepartners.pl\/cs\/wp-json\/wp\/v2\/product\/7483","targetHints":{"allow":["GET"]}}],"collection":[{"href":"https:\/\/sklep.thepartners.pl\/cs\/wp-json\/wp\/v2\/product"}],"about":[{"href":"https:\/\/sklep.thepartners.pl\/cs\/wp-json\/wp\/v2\/types\/product"}],"replies":[{"embeddable":true,"href":"https:\/\/sklep.thepartners.pl\/cs\/wp-json\/wp\/v2\/comments?post=7483"}],"wp:featuredmedia":[{"embeddable":true,"href":"https:\/\/sklep.thepartners.pl\/cs\/wp-json\/wp\/v2\/media\/7479"}],"wp:attachment":[{"href":"https:\/\/sklep.thepartners.pl\/cs\/wp-json\/wp\/v2\/media?parent=7483"}],"wp:term":[{"taxonomy":"product_brand","embeddable":true,"href":"https:\/\/sklep.thepartners.pl\/cs\/wp-json\/wp\/v2\/product_brand?post=7483"},{"taxonomy":"product_cat","embeddable":true,"href":"https:\/\/sklep.thepartners.pl\/cs\/wp-json\/wp\/v2\/product_cat?post=7483"},{"taxonomy":"product_tag","embeddable":true,"href":"https:\/\/sklep.thepartners.pl\/cs\/wp-json\/wp\/v2\/product_tag?post=7483"}],"curies":[{"name":"wp","href":"https:\/\/api.w.org\/{rel}","templated":true}]}}