{"id":7496,"date":"2024-10-30T12:05:50","date_gmt":"2024-10-30T11:05:50","guid":{"rendered":"https:\/\/sklep.thepartners.pl\/produkt\/tasma-do-naroznikow-plyt-g-k-soh-orginal-30mb\/"},"modified":"2024-10-30T12:08:14","modified_gmt":"2024-10-30T11:08:14","slug":"tasma-do-naroznikow-plyt-g-k-soh-orginal-30mb","status":"publish","type":"product","link":"https:\/\/sklep.thepartners.pl\/cs\/produkt\/tasma-do-naroznikow-plyt-g-k-soh-orginal-30mb\/","title":{"rendered":"P\u00e1ska na Rohy S\u00e1drokartonov\u00fdch Desek SOH-ORIGINAL 30mb"},"content":{"rendered":"<p><strong>SOH-ORIGINAL P\u00e1ska na Rohy S\u00e1drokartonov\u00fdch Desek<\/strong> je robustn\u00ed p\u00e1ska navr\u017een\u00e1 pro zpevn\u011bn\u00ed roh\u016f a spoj\u016f v konstrukc\u00edch ze s\u00e1drokartonu. Skv\u011ble chr\u00e1n\u00ed rohy p\u0159ed mechanick\u00fdm po\u0161kozen\u00edm a prask\u00e1n\u00edm, \u010d\u00edm\u017e zaji\u0161\u0165uje dlouhotrvaj\u00edc\u00ed efekt dokon\u010den\u00ed. Snadn\u00e1 aplikace a vysok\u00e1 p\u0159ilnavost p\u00e1sky usnad\u0148uj\u00ed mont\u00e1\u017e pro profesion\u00e1ly i kutily.<\/p>\n<p><strong>Hlavn\u00ed vlastnosti:<\/strong><\/p>\n<ul>\n<li><strong>Vysok\u00e1 odolnost<\/strong> \u2013 \u00fa\u010dinn\u011b chr\u00e1n\u00ed rohy p\u0159ed po\u0161kozen\u00edm<\/li>\n<li><strong>Snadn\u00e1 aplikace<\/strong> \u2013 jednoduch\u00e9 st\u0159\u00edh\u00e1n\u00ed a mont\u00e1\u017e<\/li>\n<li><strong>Odolnost v\u016f\u010di prask\u00e1n\u00ed<\/strong> \u2013 zvy\u0161uje trvanlivost dokon\u010den\u00ed<\/li>\n<li><strong>Univerz\u00e1lnost<\/strong> \u2013 vhodn\u00e1 pro r\u016fzn\u00e9 typy roh\u016f a s\u00e1drokartonov\u00fdch desek<\/li>\n<\/ul>\n<p><strong>SOH-ORIGINAL<\/strong> je spolehliv\u00e9 \u0159e\u0161en\u00ed pro dokon\u010dovac\u00ed pr\u00e1ce, kter\u00e9 zvy\u0161uje trvanlivost s\u00e1drokartonov\u00fdch konstrukc\u00ed a zjednodu\u0161uje pr\u00e1ce na stavb\u00e1ch a p\u0159i rekonstrukc\u00edch.<\/p>\n","protected":false},"excerpt":{"rendered":"<p>SOH-ORIGINAL P\u00e1ska na Rohy S\u00e1drokartonov\u00fdch Desek je robustn\u00ed p\u00e1ska navr\u017een\u00e1 pro zpevn\u011bn\u00ed roh\u016f a spoj\u016f v konstrukc\u00edch ze s\u00e1drokartonu. Skv\u011ble<\/p>\n","protected":false},"featured_media":7493,"comment_status":"open","ping_status":"closed","template":"","meta":{"_acf_changed":false},"product_brand":[],"product_cat":[156,946,954,962],"product_tag":[],"class_list":{"0":"post-7496","1":"product","2":"type-product","3":"status-publish","4":"has-post-thumbnail","6":"product_cat-stavebni-materialy","7":"product_cat-sucha-vystavba","8":"product_cat-montazni-prislusenstvi","9":"product_cat-netkane-textilie-a-pasky","10":"product_shipping_class-kurier-cs","11":"pa_producent-centerflex-cs","13":"first","14":"instock","15":"taxable","16":"shipping-taxable","17":"purchasable","18":"product-type-simple"},"acf":[],"_links":{"self":[{"href":"https:\/\/sklep.thepartners.pl\/cs\/wp-json\/wp\/v2\/product\/7496","targetHints":{"allow":["GET"]}}],"collection":[{"href":"https:\/\/sklep.thepartners.pl\/cs\/wp-json\/wp\/v2\/product"}],"about":[{"href":"https:\/\/sklep.thepartners.pl\/cs\/wp-json\/wp\/v2\/types\/product"}],"replies":[{"embeddable":true,"href":"https:\/\/sklep.thepartners.pl\/cs\/wp-json\/wp\/v2\/comments?post=7496"}],"wp:featuredmedia":[{"embeddable":true,"href":"https:\/\/sklep.thepartners.pl\/cs\/wp-json\/wp\/v2\/media\/7493"}],"wp:attachment":[{"href":"https:\/\/sklep.thepartners.pl\/cs\/wp-json\/wp\/v2\/media?parent=7496"}],"wp:term":[{"taxonomy":"product_brand","embeddable":true,"href":"https:\/\/sklep.thepartners.pl\/cs\/wp-json\/wp\/v2\/product_brand?post=7496"},{"taxonomy":"product_cat","embeddable":true,"href":"https:\/\/sklep.thepartners.pl\/cs\/wp-json\/wp\/v2\/product_cat?post=7496"},{"taxonomy":"product_tag","embeddable":true,"href":"https:\/\/sklep.thepartners.pl\/cs\/wp-json\/wp\/v2\/product_tag?post=7496"}],"curies":[{"name":"wp","href":"https:\/\/api.w.org\/{rel}","templated":true}]}}