{"id":7508,"date":"2024-10-30T12:38:59","date_gmt":"2024-10-30T11:38:59","guid":{"rendered":"https:\/\/sklep.thepartners.pl\/?post_type=product&#038;p=7508"},"modified":"2024-10-30T12:40:16","modified_gmt":"2024-10-30T11:40:16","slug":"paska-smh-medium-pro-spoje-a-vnitrni-rohy-sadrokartonovych-desek-20mb-kopia","status":"publish","type":"product","link":"https:\/\/sklep.thepartners.pl\/cs\/produkt\/paska-smh-medium-pro-spoje-a-vnitrni-rohy-sadrokartonovych-desek-20mb-kopia\/","title":{"rendered":"P\u00e1ska SMH-MEDIUM pro Spoje a Vnit\u0159n\u00ed Rohy S\u00e1drokartonov\u00fdch Desek 30mb"},"content":{"rendered":"<div class=\"flex max-w-full flex-col flex-grow\">\n<div class=\"min-h-8 text-message flex w-full flex-col items-end gap-2 whitespace-normal break-words [.text-message+&amp;]:mt-5\" dir=\"auto\" data-message-author-role=\"assistant\" data-message-id=\"cdefd4b3-fdc6-41de-b6b3-1d96c8e59da3\" data-message-model-slug=\"gpt-4o\">\n<div class=\"flex w-full flex-col gap-1 empty:hidden first:pt-[3px]\">\n<div class=\"markdown prose w-full break-words dark:prose-invert light\">\n<p><strong>SMH-MEDIUM P\u00e1ska na Spoje a Vnit\u0159n\u00ed Rohy S\u00e1drokartonov\u00fdch Desek<\/strong> je p\u00e1ska se st\u0159edn\u00ed pevnost\u00ed, speci\u00e1ln\u011b navr\u017een\u00e1 pro zpevn\u011bn\u00ed spoj\u016f a roh\u016f v konstrukc\u00edch ze s\u00e1drokartonu. Ide\u00e1ln\u00ed pro pou\u017eit\u00ed ve vnit\u0159n\u00edch roz\u00edch, poskytuje dodate\u010dnou stabilitu a minimalizuje riziko prask\u00e1n\u00ed. SMH-MEDIUM je snadno aplikovateln\u00e1 p\u00e1ska, kter\u00e1 usnad\u0148uje dokon\u010dovac\u00ed pr\u00e1ce a zaji\u0161\u0165uje estetick\u00e9 a trvanliv\u00e9 v\u00fdsledky.<\/p>\n<p><strong>Hlavn\u00ed vlastnosti:<\/strong><\/p>\n<ul>\n<li><strong>Optim\u00e1ln\u00ed pevnost<\/strong> \u2013 poskytuje pevn\u00e9 zpevn\u011bn\u00ed bez zbyte\u010dn\u00e9ho zat\u00ed\u017een\u00ed<\/li>\n<li><strong>Flexibilita<\/strong> \u2013 dokonale se p\u0159izp\u016fsobuje vnit\u0159n\u00edm roh\u016fm<\/li>\n<li><strong>Jednoduch\u00e1 aplikace<\/strong> \u2013 ide\u00e1ln\u00ed pro ru\u010dn\u00ed nebo strojn\u00ed mont\u00e1\u017e<\/li>\n<li><strong>Odolnost v\u016f\u010di po\u0161kozen\u00ed<\/strong> \u2013 chr\u00e1n\u00ed p\u0159ed prask\u00e1n\u00edm a konstruk\u010dn\u00edm po\u0161kozen\u00edm<\/li>\n<\/ul>\n<p>P\u00e1ska <strong>SMH-MEDIUM<\/strong> je ide\u00e1ln\u00ed volbou pro ty, kte\u0159\u00ed hledaj\u00ed kompromis mezi pevnost\u00ed a flexibilitou, a je ide\u00e1ln\u00ed pro rekonstruk\u010dn\u00ed a stavebn\u00ed projekty.<\/p>\n<\/div>\n<\/div>\n<\/div>\n<\/div>\n","protected":false},"excerpt":{"rendered":"<p>SMH-MEDIUM P\u00e1ska na Spoje a Vnit\u0159n\u00ed Rohy S\u00e1drokartonov\u00fdch Desek je p\u00e1ska se st\u0159edn\u00ed pevnost\u00ed, speci\u00e1ln\u011b navr\u017een\u00e1 pro zpevn\u011bn\u00ed spoj\u016f a<\/p>\n","protected":false},"featured_media":7501,"comment_status":"open","ping_status":"closed","template":"","meta":{"_acf_changed":false},"product_brand":[],"product_cat":[954,962,156,946],"product_tag":[],"class_list":{"0":"post-7508","1":"product","2":"type-product","3":"status-publish","4":"has-post-thumbnail","6":"product_cat-montazni-prislusenstvi","7":"product_cat-netkane-textilie-a-pasky","8":"product_cat-stavebni-materialy","9":"product_cat-sucha-vystavba","10":"product_shipping_class-kurier-cs","11":"pa_producent-centerflex-cs","13":"first","14":"instock","15":"taxable","16":"shipping-taxable","17":"purchasable","18":"product-type-simple"},"acf":[],"_links":{"self":[{"href":"https:\/\/sklep.thepartners.pl\/cs\/wp-json\/wp\/v2\/product\/7508","targetHints":{"allow":["GET"]}}],"collection":[{"href":"https:\/\/sklep.thepartners.pl\/cs\/wp-json\/wp\/v2\/product"}],"about":[{"href":"https:\/\/sklep.thepartners.pl\/cs\/wp-json\/wp\/v2\/types\/product"}],"replies":[{"embeddable":true,"href":"https:\/\/sklep.thepartners.pl\/cs\/wp-json\/wp\/v2\/comments?post=7508"}],"wp:featuredmedia":[{"embeddable":true,"href":"https:\/\/sklep.thepartners.pl\/cs\/wp-json\/wp\/v2\/media\/7501"}],"wp:attachment":[{"href":"https:\/\/sklep.thepartners.pl\/cs\/wp-json\/wp\/v2\/media?parent=7508"}],"wp:term":[{"taxonomy":"product_brand","embeddable":true,"href":"https:\/\/sklep.thepartners.pl\/cs\/wp-json\/wp\/v2\/product_brand?post=7508"},{"taxonomy":"product_cat","embeddable":true,"href":"https:\/\/sklep.thepartners.pl\/cs\/wp-json\/wp\/v2\/product_cat?post=7508"},{"taxonomy":"product_tag","embeddable":true,"href":"https:\/\/sklep.thepartners.pl\/cs\/wp-json\/wp\/v2\/product_tag?post=7508"}],"curies":[{"name":"wp","href":"https:\/\/api.w.org\/{rel}","templated":true}]}}