{"id":7512,"date":"2024-10-30T14:35:45","date_gmt":"2024-10-30T13:35:45","guid":{"rendered":"https:\/\/sklep.thepartners.pl\/produkt\/tasma-akustyczna-do-profili-30mm-x-30mb\/"},"modified":"2024-10-30T14:37:23","modified_gmt":"2024-10-30T13:37:23","slug":"tasma-akustyczna-do-profili-30mm-x-30mb","status":"publish","type":"product","link":"https:\/\/sklep.thepartners.pl\/cs\/produkt\/tasma-akustyczna-do-profili-30mm-x-30mb\/","title":{"rendered":"Akustick\u00e1 p\u00e1ska na profily 30mm x 30mb"},"content":{"rendered":"<p><strong>Akustick\u00e1 p\u00e1ska<\/strong> je speci\u00e1ln\u00ed produkt ur\u010den\u00fd pro zvukovou izolaci p\u0159i mont\u00e1\u017ei ocelov\u00fdch profil\u016f ve st\u011bnov\u00fdch, stropn\u00edch a podlahov\u00fdch konstrukc\u00edch. D\u00edky samolepic\u00ed vrstv\u011b p\u00e1ska umo\u017e\u0148uje rychl\u00e9 a pohodln\u00e9 upevn\u011bn\u00ed, efektivn\u011b sni\u017euje p\u0159enos hluku konstrukc\u00ed.<\/p>\n<h4>Hlavn\u00ed vlastnosti:<\/h4>\n<ul>\n<li><strong>Vysok\u00e1 akustick\u00e1 izolace<\/strong> \u2013 zabra\u0148uje p\u0159enosu struktur\u00e1ln\u00edch zvuk\u016f.<\/li>\n<li><strong>Samolepic\u00ed povrch<\/strong> \u2013 snadn\u00e9 pou\u017eit\u00ed na ocelov\u00e9 profily.<\/li>\n<li><strong>Odolnost v\u016f\u010di vlhkosti<\/strong> \u2013 chr\u00e1n\u00ed konstrukci p\u0159ed vlivem vlhkosti.<\/li>\n<li><strong>Univerz\u00e1lnost<\/strong> \u2013 vhodn\u00e1 pro r\u016fzn\u00e9 typy konstrukc\u00ed (st\u011bny, stropy, podlahy).<\/li>\n<\/ul>\n","protected":false},"excerpt":{"rendered":"<p>Akustick\u00e1 p\u00e1ska je speci\u00e1ln\u00ed produkt ur\u010den\u00fd pro zvukovou izolaci p\u0159i mont\u00e1\u017ei ocelov\u00fdch profil\u016f ve st\u011bnov\u00fdch, stropn\u00edch a podlahov\u00fdch konstrukc\u00edch. D\u00edky<\/p>\n","protected":false},"featured_media":7511,"comment_status":"open","ping_status":"closed","template":"","meta":{"_acf_changed":false},"product_brand":[],"product_cat":[954,962,156,946],"product_tag":[],"class_list":{"0":"post-7512","1":"product","2":"type-product","3":"status-publish","4":"has-post-thumbnail","6":"product_cat-montazni-prislusenstvi","7":"product_cat-netkane-textilie-a-pasky","8":"product_cat-stavebni-materialy","9":"product_cat-sucha-vystavba","10":"product_shipping_class-kurier-cs","11":"pa_producent-prolex-cs","13":"first","14":"instock","15":"taxable","16":"shipping-taxable","17":"purchasable","18":"product-type-simple"},"acf":[],"_links":{"self":[{"href":"https:\/\/sklep.thepartners.pl\/cs\/wp-json\/wp\/v2\/product\/7512","targetHints":{"allow":["GET"]}}],"collection":[{"href":"https:\/\/sklep.thepartners.pl\/cs\/wp-json\/wp\/v2\/product"}],"about":[{"href":"https:\/\/sklep.thepartners.pl\/cs\/wp-json\/wp\/v2\/types\/product"}],"replies":[{"embeddable":true,"href":"https:\/\/sklep.thepartners.pl\/cs\/wp-json\/wp\/v2\/comments?post=7512"}],"wp:featuredmedia":[{"embeddable":true,"href":"https:\/\/sklep.thepartners.pl\/cs\/wp-json\/wp\/v2\/media\/7511"}],"wp:attachment":[{"href":"https:\/\/sklep.thepartners.pl\/cs\/wp-json\/wp\/v2\/media?parent=7512"}],"wp:term":[{"taxonomy":"product_brand","embeddable":true,"href":"https:\/\/sklep.thepartners.pl\/cs\/wp-json\/wp\/v2\/product_brand?post=7512"},{"taxonomy":"product_cat","embeddable":true,"href":"https:\/\/sklep.thepartners.pl\/cs\/wp-json\/wp\/v2\/product_cat?post=7512"},{"taxonomy":"product_tag","embeddable":true,"href":"https:\/\/sklep.thepartners.pl\/cs\/wp-json\/wp\/v2\/product_tag?post=7512"}],"curies":[{"name":"wp","href":"https:\/\/api.w.org\/{rel}","templated":true}]}}