{"id":752,"date":"2024-04-18T18:12:31","date_gmt":"2024-04-18T16:12:31","guid":{"rendered":"https:\/\/www.partners.proadax-dev.pl\/?post_type=product&#038;p=752"},"modified":"2025-09-26T09:07:19","modified_gmt":"2025-09-26T07:07:19","slug":"armasil-t15-sadrovy-zaklad-a-25-kg-kabe-paints","status":"publish","type":"product","link":"https:\/\/sklep.thepartners.pl\/cs\/produkt\/armasil-t15-sadrovy-zaklad-a-25-kg-kabe-paints\/","title":{"rendered":"B\u00cdL\u00c1 Silikonov\u00e1 om\u00edtka Armasil T1,5 25kg"},"content":{"rendered":"<p>Silikonov\u00e1 om\u00edtka Armasil T1,5 od KABE je ide\u00e1ln\u00edm \u0159e\u0161en\u00edm pro fas\u00e1dy nov\u011b stav\u011bn\u00fdch i st\u00e1vaj\u00edc\u00edch budov. Perfektn\u011b se hod\u00ed na miner\u00e1ln\u00ed podklady (jako je beton, cementov\u00e1 om\u00edtka, cementov\u011b-v\u00e1penn\u00e1 om\u00edtka) i na podklady pokryt\u00e9 dob\u0159e spojen\u00fdmi n\u00e1t\u011bry na b\u00e1zi syntetick\u00fdch materi\u00e1l\u016f. Tento produkt je zvl\u00e1\u0161t\u011b doporu\u010dov\u00e1n pro objekty vy\u017eaduj\u00edc\u00ed vysokou odolnost proti zne\u010di\u0161t\u011bn\u00ed a pro st\u011bny vyroben\u00e9 z por\u00e9zn\u00edch materi\u00e1l\u016f (jako je p\u00f3robeton, struskov\u00fd beton, por\u00e9zovan\u00e1 cihla).<\/p>\n<p><strong>V\u00fdhody produktu:<\/strong><\/p>\n<ul>\n<li><strong>Vysok\u00e1 odolnost proti pov\u011btrnostn\u00edm vliv\u016fm:<\/strong> Zaru\u010duje dlouhodobou ochranu fas\u00e1dy.<\/li>\n<li><strong>Velmi n\u00edzk\u00e1 nas\u00e1kavost povrchu:<\/strong> Zabra\u0148uje absorbov\u00e1n\u00ed vody.<\/li>\n<li><strong>Zv\u00fd\u0161en\u00e1 odolnost proti zne\u010di\u0161t\u011bn\u00ed:<\/strong> Usnad\u0148uje udr\u017eov\u00e1n\u00ed \u010distoty.<\/li>\n<li><strong>Dobr\u00e1 paropropustnost:<\/strong> Umo\u017e\u0148uje st\u011bn\u00e1m \u201ed\u00fdchat\u201d.<\/li>\n<li><strong>Ochrana p\u0159ed \u0159asami a pl\u00edsn\u011bmi:<\/strong> Poskytuje dodate\u010dnou ochranu proti porost\u016fm.<\/li>\n<li><strong>Vynikaj\u00edc\u00ed p\u0159ilnavost:<\/strong> Vhodn\u00e1 jak pro miner\u00e1ln\u00ed podklady, tak pro podklady pokryt\u00e9 n\u00e1t\u011bry na b\u00e1zi syntetick\u00fdch materi\u00e1l\u016f.<\/li>\n<\/ul>\n<p><strong>P\u0159\u00edprava podkladu:<\/strong> Podklad mus\u00ed b\u00fdt nosn\u00fd, odma\u0161t\u011bn\u00fd, rovn\u00fd a such\u00fd, bez skvrn a v\u00fdkv\u011bt\u016f biologick\u00e9ho nebo chemick\u00e9ho p\u016fvodu. V p\u0159\u00edpad\u011b porostu \u0159as a\/nebo pl\u00edsn\u00ed je t\u0159eba je mechanicky o\u010distit, om\u00fdt vodou a dezinfikovat p\u0159\u00edpravkem ALGIZID. Voln\u00e9 vrstvy, jako jsou odd\u011blen\u00e9 om\u00edtky nebo olupuj\u00edc\u00ed se n\u00e1t\u011bry, je t\u0159eba odstranit. Star\u00e9 a\/nebo zne\u010di\u0161t\u011bn\u00e9 podklady je t\u0159eba um\u00fdt a odma\u0161\u0165it vodou s p\u0159\u00eddavkem p\u0159\u00edpravku CLEANFORCE. Nerovnosti podkladu vyrovn\u00e1me vyrovn\u00e1vac\u00ed nebo st\u011brkovou om\u00edtkou a sav\u00e9 podklady p\u0159ed nan\u00e1\u0161en\u00edm om\u00edtek vhodn\u011b z\u00e1kladujeme.<\/p>\n<p><strong>Z\u00e1kladov\u00e1n\u00ed:<\/strong> Podklad je t\u0159eba z\u00e1kladovat p\u0159\u00edpravkem ARMASIL GT 24 hodin p\u0159ed nan\u00e1\u0161en\u00edm om\u00edtky. Doporu\u010duje se pou\u017e\u00edt podbarven\u00fd z\u00e1kladn\u00ed p\u0159\u00edpravek, aby nedo\u0161lo k prosv\u00edt\u00e1n\u00ed barvy podkladu skrz texturu om\u00edtky.<\/p>\n<p><strong>P\u0159\u00edprava om\u00edtkov\u00e9 hmoty:<\/strong> Produkt je p\u0159ipraven k pou\u017eit\u00ed po d\u016fkladn\u00e9m prom\u00edch\u00e1n\u00ed. V p\u0159\u00edpad\u011b pot\u0159eby lze p\u0159idat mal\u00e9 mno\u017estv\u00ed pitn\u00e9 vody (max. 0,25 litru na 25 kg om\u00edtky).<\/p>\n<p><strong>Nan\u00e1\u0161en\u00ed:<\/strong> Om\u00edtku nan\u00e1\u0161\u00edme tenkou, rovnom\u011brnou vrstvou o tlou\u0161\u0165ce zrna pomoc\u00ed nerezov\u00e9 ocelov\u00e9 hlad\u00edtka, a n\u00e1sledn\u011b texturu vytv\u00e1\u0159\u00edme plastov\u00fdm hlad\u00edtkem. V p\u0159\u00edpad\u011b modelovan\u00e9 textury nan\u00e1\u0161\u00edme nerezovou ocelovou hlad\u00edtkou o tlou\u0161\u0165ce 1-5 mm a texturu vytv\u00e1\u0159\u00edme v\u00e1le\u010dkem, hlad\u00edtkem nebo houbi\u010dkou. U hladk\u00e9 textury pr\u00e1ci prov\u00e1d\u00edme ve dvou etap\u00e1ch.<\/p>\n<p><strong>Vysych\u00e1n\u00ed:<\/strong> Doba schnut\u00ed je p\u0159ibli\u017en\u011b 24 hodin p\u0159i teplot\u011b +20\u00b0C a relativn\u00ed vlhkosti vzduchu 55%. N\u00edzk\u00e1 teplota a vysok\u00e1 vlhkost vzduchu mohou prodlou\u017eit dobu schnut\u00ed.<\/p>\n<p><strong>Pokyny k prov\u00e1d\u011bn\u00ed:<\/strong> Je t\u0159eba vyhnout se pr\u00e1ci na p\u0159\u00edm\u00e9m slunci a p\u0159i siln\u00e9m v\u011btru. N\u00e1\u0159ad\u00ed je t\u0159eba po skon\u010den\u00ed prac\u00ed um\u00fdt vodou.<\/p>\n","protected":false},"excerpt":{"rendered":"<h4>Technick\u00e1 data:<\/h4>\n<h4>Spot\u0159eba: 2,4 kg\/m2<br \/>\nDoba schnut\u00ed: P\u0159ibl. 24 hodin<br \/>\nTlou\u0161\u0165ka zrna: 1,5 mm<br \/>\n\u0158edidlo: Voda<br \/>\nAplikace: Ru\u010dn\u00ed<br \/>\nPo\u010det vrstev: 1-2<\/h4>\n","protected":false},"featured_media":5446,"comment_status":"open","ping_status":"closed","template":"","meta":{"_acf_changed":false},"product_brand":[],"product_cat":[143,149,162,170],"product_tag":[470],"class_list":{"0":"post-752","1":"product","2":"type-product","3":"status-publish","4":"has-post-thumbnail","6":"product_cat-tepelne-izolace","7":"product_cat-fasadni-omitky","8":"product_cat-micharna-barev-a-omitek","9":"product_cat-fasadni-omitky-cs","10":"product_tag-armasil-t-farby-kabe-cs","11":"product_shipping_class-osobna-paczka","12":"pa_absorpcja-wody-w009-kg-m2h05-kat-w3-cs","13":"pa_bazowy-srodek-wiazacy-silikonove-pojivo","14":"pa_faktura-plna-modelovana-a-hladka-textura-slozena-ze-2-sadrovych-hmot-s-plnou-texturou-tloustka-15-mm-a-s-modelovanou-texturou","15":"pa_grubosci-ziarna-15-mm-cs","16":"pa_kolor-prirodni-bila-a-barvy-ze-vzorniku-kabe-a-vybrane-barvy-ze-vzorniku-ncs-mozne-ziskat-pomoci-anorganickych-pigmentu","17":"pa_okres-przydatnosci-18-mesicu-od-data-vyroby-uvedeneho-na-obalu-vyrobku-v-originalnim-uzavrenem-obalu","18":"pa_pigmenty-anorganicke-barevne-pigmenty-odolne-vuci-povetrnostnim-vlivum","19":"pa_producent-kabe-2-cs","20":"pa_przechowywanie-skladujte-v-tesne-uzavrenem-puvodnim-obalu-v-chladne-ale-nemrznouci-mistnosti-po-otevreni-obal-pevne-uzavrete-a-co-nejdrive-pouzijte","21":"pa_przepuszczalnosc-pary-sd030-m-kat-v2-cs","22":"pa_temperatura-stosowania-od-5oc-do-25oc-cs","23":"pa_wilgotnosc-powietrz-75-cs","25":"first","26":"instock","27":"taxable","28":"shipping-taxable","29":"purchasable","30":"product-type-simple"},"acf":[],"_links":{"self":[{"href":"https:\/\/sklep.thepartners.pl\/cs\/wp-json\/wp\/v2\/product\/752","targetHints":{"allow":["GET"]}}],"collection":[{"href":"https:\/\/sklep.thepartners.pl\/cs\/wp-json\/wp\/v2\/product"}],"about":[{"href":"https:\/\/sklep.thepartners.pl\/cs\/wp-json\/wp\/v2\/types\/product"}],"replies":[{"embeddable":true,"href":"https:\/\/sklep.thepartners.pl\/cs\/wp-json\/wp\/v2\/comments?post=752"}],"wp:featuredmedia":[{"embeddable":true,"href":"https:\/\/sklep.thepartners.pl\/cs\/wp-json\/wp\/v2\/media\/5446"}],"wp:attachment":[{"href":"https:\/\/sklep.thepartners.pl\/cs\/wp-json\/wp\/v2\/media?parent=752"}],"wp:term":[{"taxonomy":"product_brand","embeddable":true,"href":"https:\/\/sklep.thepartners.pl\/cs\/wp-json\/wp\/v2\/product_brand?post=752"},{"taxonomy":"product_cat","embeddable":true,"href":"https:\/\/sklep.thepartners.pl\/cs\/wp-json\/wp\/v2\/product_cat?post=752"},{"taxonomy":"product_tag","embeddable":true,"href":"https:\/\/sklep.thepartners.pl\/cs\/wp-json\/wp\/v2\/product_tag?post=752"}],"curies":[{"name":"wp","href":"https:\/\/api.w.org\/{rel}","templated":true}]}}