{"id":7522,"date":"2024-10-30T15:02:17","date_gmt":"2024-10-30T14:02:17","guid":{"rendered":"https:\/\/sklep.thepartners.pl\/produkt\/tektura-budowlana-25mb\/"},"modified":"2024-10-30T15:03:50","modified_gmt":"2024-10-30T14:03:50","slug":"tektura-budowlana-25mb","status":"publish","type":"product","link":"https:\/\/sklep.thepartners.pl\/cs\/produkt\/tektura-budowlana-25mb\/","title":{"rendered":"Stavebn\u00ed lepenka 25mb"},"content":{"rendered":"<p><strong>Stavebn\u00ed lepenka<\/strong> je odoln\u00fd, ekologick\u00fd materi\u00e1l pou\u017e\u00edvan\u00fd ve stavebnictv\u00ed k ochran\u011b podlah, st\u011bn a dal\u0161\u00edch povrch\u016f b\u011bhem rekonstrukc\u00ed a dokon\u010dovac\u00edch prac\u00ed. Vyrobena z pevn\u00e9, v\u00edcevrstv\u00e9 lepenky, je odoln\u00e1 v\u016f\u010di mechanick\u00e9mu po\u0161kozen\u00ed, chr\u00e1n\u00ed povrchy p\u0159ed ne\u010distotami, po\u0161kr\u00e1b\u00e1n\u00edm.<\/p>\n<p><strong>Hlavn\u00ed vlastnosti:<\/strong><\/p>\n<ul>\n<li><strong>Odolnost proti po\u0161kozen\u00ed<\/strong> \u2013 ide\u00e1ln\u00ed ochrana proti po\u0161kr\u00e1b\u00e1n\u00ed a zne\u010di\u0161t\u011bn\u00ed.<\/li>\n<li><strong>Ekologick\u00e1<\/strong> \u2013 vyrobena z p\u0159\u00edrodn\u00edch materi\u00e1l\u016f, snadno recyklovateln\u00e1.<\/li>\n<li><strong>Snadn\u00e1 manipulace<\/strong> \u2013 jednoduch\u00e9 rozlo\u017een\u00ed a p\u0159izp\u016fsoben\u00ed tvaru povrch\u016f.<\/li>\n<\/ul>\n","protected":false},"excerpt":{"rendered":"<p>Stavebn\u00ed lepenka je odoln\u00fd, ekologick\u00fd materi\u00e1l pou\u017e\u00edvan\u00fd ve stavebnictv\u00ed k ochran\u011b podlah, st\u011bn a dal\u0161\u00edch povrch\u016f b\u011bhem rekonstrukc\u00ed a dokon\u010dovac\u00edch<\/p>\n","protected":false},"featured_media":7520,"comment_status":"open","ping_status":"closed","template":"","meta":{"_acf_changed":false},"product_brand":[],"product_cat":[162,1159],"product_tag":[],"class_list":{"0":"post-7522","1":"product","2":"type-product","3":"status-publish","4":"has-post-thumbnail","6":"product_cat-micharna-barev-a-omitek","7":"product_cat-malirske-doplnky","8":"product_shipping_class-kurier-cs","9":"pa_producent-prolex-cs","11":"first","12":"instock","13":"taxable","14":"shipping-taxable","15":"purchasable","16":"product-type-simple"},"acf":[],"_links":{"self":[{"href":"https:\/\/sklep.thepartners.pl\/cs\/wp-json\/wp\/v2\/product\/7522","targetHints":{"allow":["GET"]}}],"collection":[{"href":"https:\/\/sklep.thepartners.pl\/cs\/wp-json\/wp\/v2\/product"}],"about":[{"href":"https:\/\/sklep.thepartners.pl\/cs\/wp-json\/wp\/v2\/types\/product"}],"replies":[{"embeddable":true,"href":"https:\/\/sklep.thepartners.pl\/cs\/wp-json\/wp\/v2\/comments?post=7522"}],"wp:featuredmedia":[{"embeddable":true,"href":"https:\/\/sklep.thepartners.pl\/cs\/wp-json\/wp\/v2\/media\/7520"}],"wp:attachment":[{"href":"https:\/\/sklep.thepartners.pl\/cs\/wp-json\/wp\/v2\/media?parent=7522"}],"wp:term":[{"taxonomy":"product_brand","embeddable":true,"href":"https:\/\/sklep.thepartners.pl\/cs\/wp-json\/wp\/v2\/product_brand?post=7522"},{"taxonomy":"product_cat","embeddable":true,"href":"https:\/\/sklep.thepartners.pl\/cs\/wp-json\/wp\/v2\/product_cat?post=7522"},{"taxonomy":"product_tag","embeddable":true,"href":"https:\/\/sklep.thepartners.pl\/cs\/wp-json\/wp\/v2\/product_tag?post=7522"}],"curies":[{"name":"wp","href":"https:\/\/api.w.org\/{rel}","templated":true}]}}