{"id":7527,"date":"2024-10-30T15:17:06","date_gmt":"2024-10-30T14:17:06","guid":{"rendered":"https:\/\/sklep.thepartners.pl\/produkt\/folia-malarska-extra-gruba-4x5-m-blue-dolphin\/"},"modified":"2024-10-30T15:18:35","modified_gmt":"2024-10-30T14:18:35","slug":"folia-malarska-extra-gruba-4x5-m-blue-dolphin","status":"publish","type":"product","link":"https:\/\/sklep.thepartners.pl\/cs\/produkt\/folia-malarska-extra-gruba-4x5-m-blue-dolphin\/","title":{"rendered":"Extra siln\u00e1 mal\u00ed\u0159sk\u00e1 f\u00f3lie 4&#215;5 m Blue Dolphin"},"content":{"rendered":"<p><strong>Extra siln\u00e1 mal\u00ed\u0159sk\u00e1 f\u00f3lie Blue Dolphin<\/strong> je mimo\u0159\u00e1dn\u011b odoln\u00e1 ochrann\u00e1 f\u00f3lie, ide\u00e1ln\u00ed k pokryt\u00ed velk\u00fdch ploch b\u011bhem mal\u00ed\u0159sk\u00fdch, renova\u010dn\u00edch a stavebn\u00edch prac\u00ed. D\u00edky sv\u00e9 siln\u00e9 tlou\u0161\u0165ce \u00fa\u010dinn\u011b chr\u00e1n\u00ed p\u0159ed ne\u010distotami, barvou, prachem a vlhkost\u00ed. Ur\u010dena k opakovan\u00e9mu pou\u017eit\u00ed, je ide\u00e1ln\u00ed jak pro profesion\u00e1ly, tak pro dom\u00e1c\u00ed pou\u017eit\u00ed p\u0159i rekonstrukc\u00edch.<\/p>\n<h4>Hlavn\u00ed vlastnosti:<\/h4>\n<ul>\n<li><strong>Rozm\u011bry:<\/strong> 4 x 5 m (20 m\u00b2) \u2013 pokryt\u00ed velk\u00fdch ploch.<\/li>\n<li><strong>V\u00fdjime\u010dn\u00e1 pevnost<\/strong> \u2013 odoln\u00e1 proti roztr\u017een\u00ed a opot\u0159eben\u00ed.<\/li>\n<li><strong>Univerz\u00e1ln\u00ed pou\u017eit\u00ed<\/strong> \u2013 pro vnit\u0159n\u00ed i venkovn\u00ed pr\u00e1ce.<\/li>\n<li><strong>Snadn\u00e9 rozlo\u017een\u00ed a odstran\u011bn\u00ed<\/strong> \u2013 rychl\u00e1 ochrana rozs\u00e1hl\u00fdch oblast\u00ed.<\/li>\n<\/ul>\n","protected":false},"excerpt":{"rendered":"<p>Extra siln\u00e1 mal\u00ed\u0159sk\u00e1 f\u00f3lie Blue Dolphin je mimo\u0159\u00e1dn\u011b odoln\u00e1 ochrann\u00e1 f\u00f3lie, ide\u00e1ln\u00ed k pokryt\u00ed velk\u00fdch ploch b\u011bhem mal\u00ed\u0159sk\u00fdch, renova\u010dn\u00edch a<\/p>\n","protected":false},"featured_media":7524,"comment_status":"open","ping_status":"closed","template":"","meta":{"_acf_changed":false},"product_brand":[],"product_cat":[162,1159],"product_tag":[],"class_list":{"0":"post-7527","1":"product","2":"type-product","3":"status-publish","4":"has-post-thumbnail","6":"product_cat-micharna-barev-a-omitek","7":"product_cat-malirske-doplnky","8":"product_shipping_class-kurier-cs","9":"pa_producent-blue-dolphin","11":"first","12":"instock","13":"taxable","14":"shipping-taxable","15":"purchasable","16":"product-type-simple"},"acf":[],"_links":{"self":[{"href":"https:\/\/sklep.thepartners.pl\/cs\/wp-json\/wp\/v2\/product\/7527","targetHints":{"allow":["GET"]}}],"collection":[{"href":"https:\/\/sklep.thepartners.pl\/cs\/wp-json\/wp\/v2\/product"}],"about":[{"href":"https:\/\/sklep.thepartners.pl\/cs\/wp-json\/wp\/v2\/types\/product"}],"replies":[{"embeddable":true,"href":"https:\/\/sklep.thepartners.pl\/cs\/wp-json\/wp\/v2\/comments?post=7527"}],"wp:featuredmedia":[{"embeddable":true,"href":"https:\/\/sklep.thepartners.pl\/cs\/wp-json\/wp\/v2\/media\/7524"}],"wp:attachment":[{"href":"https:\/\/sklep.thepartners.pl\/cs\/wp-json\/wp\/v2\/media?parent=7527"}],"wp:term":[{"taxonomy":"product_brand","embeddable":true,"href":"https:\/\/sklep.thepartners.pl\/cs\/wp-json\/wp\/v2\/product_brand?post=7527"},{"taxonomy":"product_cat","embeddable":true,"href":"https:\/\/sklep.thepartners.pl\/cs\/wp-json\/wp\/v2\/product_cat?post=7527"},{"taxonomy":"product_tag","embeddable":true,"href":"https:\/\/sklep.thepartners.pl\/cs\/wp-json\/wp\/v2\/product_tag?post=7527"}],"curies":[{"name":"wp","href":"https:\/\/api.w.org\/{rel}","templated":true}]}}