{"id":7529,"date":"2024-10-30T15:19:17","date_gmt":"2024-10-30T14:19:17","guid":{"rendered":"https:\/\/sklep.thepartners.pl\/?post_type=product&#038;p=7529"},"modified":"2024-10-30T15:22:33","modified_gmt":"2024-10-30T14:22:33","slug":"extra-silna-malirska-folie-4x5-m-blue-dolphin-kopia","status":"publish","type":"product","link":"https:\/\/sklep.thepartners.pl\/cs\/produkt\/extra-silna-malirska-folie-4x5-m-blue-dolphin-kopia\/","title":{"rendered":"Siln\u00e1 mal\u00ed\u0159sk\u00e1 f\u00f3lie 4&#215;5 m Blue Dolphin"},"content":{"rendered":"<p><strong>Siln\u00e1 mal\u00ed\u0159sk\u00e1 f\u00f3lie Blue Dolphin<\/strong> je pevn\u00e1 ochrann\u00e1 f\u00f3lie, ide\u00e1ln\u00ed pro ochranu ploch b\u011bhem mal\u00ed\u0159sk\u00fdch, renova\u010dn\u00edch a stavebn\u00edch prac\u00ed. V\u00fdborn\u011b chr\u00e1n\u00ed p\u0159ed zne\u010di\u0161t\u011bn\u00edm, prachem, barvou a vlhkost\u00ed, a tak zaji\u0161\u0165uje bezpe\u010dn\u00e9 a \u010dist\u00e9 pracovn\u00ed prost\u0159ed\u00ed. Vhodn\u00e1 pro pou\u017eit\u00ed uvnit\u0159 i venku.<\/p>\n<h4>Hlavn\u00ed vlastnosti:<\/h4>\n<ul>\n<li><strong>Rozm\u011bry:<\/strong> 4 x 5 m (20 m\u00b2) \u2013 ide\u00e1ln\u00ed pro v\u011bt\u0161\u00ed plochy.<\/li>\n<li><strong>Vysok\u00e1 odolnost<\/strong> \u2013 odoln\u00e1 proti roztr\u017een\u00ed a po\u0161kozen\u00ed.<\/li>\n<li><strong>Univerz\u00e1ln\u00ed pou\u017eit\u00ed<\/strong> \u2013 pro mal\u00ed\u0159sk\u00e9 a stavebn\u00ed pr\u00e1ce.<\/li>\n<li><strong>Snadn\u00e9 pou\u017eit\u00ed<\/strong> \u2013 rychl\u00e9 rozlo\u017een\u00ed a ochrana povrchu.<\/li>\n<\/ul>\n","protected":false},"excerpt":{"rendered":"<p>Siln\u00e1 mal\u00ed\u0159sk\u00e1 f\u00f3lie Blue Dolphin je pevn\u00e1 ochrann\u00e1 f\u00f3lie, ide\u00e1ln\u00ed pro ochranu ploch b\u011bhem mal\u00ed\u0159sk\u00fdch, renova\u010dn\u00edch a stavebn\u00edch prac\u00ed. V\u00fdborn\u011b<\/p>\n","protected":false},"featured_media":7533,"comment_status":"open","ping_status":"closed","template":"","meta":{"_acf_changed":false},"product_brand":[],"product_cat":[162,1159],"product_tag":[],"class_list":{"0":"post-7529","1":"product","2":"type-product","3":"status-publish","4":"has-post-thumbnail","6":"product_cat-micharna-barev-a-omitek","7":"product_cat-malirske-doplnky","8":"product_shipping_class-kurier-cs","9":"pa_producent-blue-dolphin","11":"first","12":"instock","13":"taxable","14":"shipping-taxable","15":"purchasable","16":"product-type-simple"},"acf":[],"_links":{"self":[{"href":"https:\/\/sklep.thepartners.pl\/cs\/wp-json\/wp\/v2\/product\/7529","targetHints":{"allow":["GET"]}}],"collection":[{"href":"https:\/\/sklep.thepartners.pl\/cs\/wp-json\/wp\/v2\/product"}],"about":[{"href":"https:\/\/sklep.thepartners.pl\/cs\/wp-json\/wp\/v2\/types\/product"}],"replies":[{"embeddable":true,"href":"https:\/\/sklep.thepartners.pl\/cs\/wp-json\/wp\/v2\/comments?post=7529"}],"wp:featuredmedia":[{"embeddable":true,"href":"https:\/\/sklep.thepartners.pl\/cs\/wp-json\/wp\/v2\/media\/7533"}],"wp:attachment":[{"href":"https:\/\/sklep.thepartners.pl\/cs\/wp-json\/wp\/v2\/media?parent=7529"}],"wp:term":[{"taxonomy":"product_brand","embeddable":true,"href":"https:\/\/sklep.thepartners.pl\/cs\/wp-json\/wp\/v2\/product_brand?post=7529"},{"taxonomy":"product_cat","embeddable":true,"href":"https:\/\/sklep.thepartners.pl\/cs\/wp-json\/wp\/v2\/product_cat?post=7529"},{"taxonomy":"product_tag","embeddable":true,"href":"https:\/\/sklep.thepartners.pl\/cs\/wp-json\/wp\/v2\/product_tag?post=7529"}],"curies":[{"name":"wp","href":"https:\/\/api.w.org\/{rel}","templated":true}]}}