{"id":7535,"date":"2024-10-30T15:23:11","date_gmt":"2024-10-30T14:23:11","guid":{"rendered":"https:\/\/sklep.thepartners.pl\/?post_type=product&#038;p=7535"},"modified":"2024-10-30T15:26:55","modified_gmt":"2024-10-30T14:26:55","slug":"silna-malirska-folie-4x5-m-blue-dolphin-kopia","status":"publish","type":"product","link":"https:\/\/sklep.thepartners.pl\/cs\/produkt\/silna-malirska-folie-4x5-m-blue-dolphin-kopia\/","title":{"rendered":"Siln\u00e1 mal\u00ed\u0159sk\u00e1 f\u00f3lie Plus 4&#215;5 m Blue Dolphin"},"content":{"rendered":"<p><strong>Siln\u00e1 mal\u00ed\u0159sk\u00e1 f\u00f3lie Plus Blue Dolphin<\/strong> je mimo\u0159\u00e1dn\u011b odoln\u00e1 ochrann\u00e1 f\u00f3lie, navr\u017een\u00e1 pro zaji\u0161t\u011bn\u00ed povrch\u016f p\u0159i intenzivn\u00edch mal\u00ed\u0159sk\u00fdch, renova\u010dn\u00edch a stavebn\u00edch prac\u00edch. D\u00edky siln\u011bj\u0161\u00edmu materi\u00e1lu spolehliv\u011b chr\u00e1n\u00ed p\u0159ed barvou, vlhkost\u00ed a ne\u010distotami, ide\u00e1ln\u00ed pro rozs\u00e1hl\u00e9 plochy a n\u00e1ro\u010dn\u00e9 podm\u00ednky.<\/p>\n<h4>Hlavn\u00ed vlastnosti:<\/h4>\n<ul>\n<li><strong>Rozm\u011bry:<\/strong> 4 x 5 m (20 m\u00b2) \u2013 optim\u00e1ln\u00ed pro v\u011bt\u0161\u00ed prostory.<\/li>\n<li><strong>Tlou\u0161\u0165ka a odolnost<\/strong> \u2013 zv\u00fd\u0161en\u00e1 odolnost proti roztr\u017een\u00ed a po\u0161kozen\u00ed.<\/li>\n<li><strong>Univerz\u00e1ln\u00ed pou\u017eit\u00ed<\/strong> \u2013 vhodn\u00e1 pro vnit\u0159n\u00ed i venkovn\u00ed pou\u017eit\u00ed.<\/li>\n<li><strong>Snadn\u00e1 manipulace<\/strong> \u2013 rychl\u00e9 a \u00fa\u010dinn\u00e9 zakryt\u00ed velk\u00fdch ploch.<\/li>\n<\/ul>\n","protected":false},"excerpt":{"rendered":"<p>Siln\u00e1 mal\u00ed\u0159sk\u00e1 f\u00f3lie Plus Blue Dolphin je mimo\u0159\u00e1dn\u011b odoln\u00e1 ochrann\u00e1 f\u00f3lie, navr\u017een\u00e1 pro zaji\u0161t\u011bn\u00ed povrch\u016f p\u0159i intenzivn\u00edch mal\u00ed\u0159sk\u00fdch, renova\u010dn\u00edch a<\/p>\n","protected":false},"featured_media":7537,"comment_status":"open","ping_status":"closed","template":"","meta":{"_acf_changed":false},"product_brand":[],"product_cat":[162,1159],"product_tag":[],"class_list":{"0":"post-7535","1":"product","2":"type-product","3":"status-publish","4":"has-post-thumbnail","6":"product_cat-micharna-barev-a-omitek","7":"product_cat-malirske-doplnky","8":"product_shipping_class-kurier-cs","9":"pa_producent-blue-dolphin","11":"first","12":"instock","13":"taxable","14":"shipping-taxable","15":"purchasable","16":"product-type-simple"},"acf":[],"_links":{"self":[{"href":"https:\/\/sklep.thepartners.pl\/cs\/wp-json\/wp\/v2\/product\/7535","targetHints":{"allow":["GET"]}}],"collection":[{"href":"https:\/\/sklep.thepartners.pl\/cs\/wp-json\/wp\/v2\/product"}],"about":[{"href":"https:\/\/sklep.thepartners.pl\/cs\/wp-json\/wp\/v2\/types\/product"}],"replies":[{"embeddable":true,"href":"https:\/\/sklep.thepartners.pl\/cs\/wp-json\/wp\/v2\/comments?post=7535"}],"wp:featuredmedia":[{"embeddable":true,"href":"https:\/\/sklep.thepartners.pl\/cs\/wp-json\/wp\/v2\/media\/7537"}],"wp:attachment":[{"href":"https:\/\/sklep.thepartners.pl\/cs\/wp-json\/wp\/v2\/media?parent=7535"}],"wp:term":[{"taxonomy":"product_brand","embeddable":true,"href":"https:\/\/sklep.thepartners.pl\/cs\/wp-json\/wp\/v2\/product_brand?post=7535"},{"taxonomy":"product_cat","embeddable":true,"href":"https:\/\/sklep.thepartners.pl\/cs\/wp-json\/wp\/v2\/product_cat?post=7535"},{"taxonomy":"product_tag","embeddable":true,"href":"https:\/\/sklep.thepartners.pl\/cs\/wp-json\/wp\/v2\/product_tag?post=7535"}],"curies":[{"name":"wp","href":"https:\/\/api.w.org\/{rel}","templated":true}]}}