{"id":7539,"date":"2024-10-30T15:28:35","date_gmt":"2024-10-30T14:28:35","guid":{"rendered":"https:\/\/sklep.thepartners.pl\/?post_type=product&#038;p=7539"},"modified":"2024-10-30T15:31:16","modified_gmt":"2024-10-30T14:31:16","slug":"silna-malirska-folie-plus-4x5-m-blue-dolphin-kopia","status":"publish","type":"product","link":"https:\/\/sklep.thepartners.pl\/cs\/produkt\/silna-malirska-folie-plus-4x5-m-blue-dolphin-kopia\/","title":{"rendered":"Mal\u00ed\u0159sk\u00e1 f\u00f3lie pro profesion\u00e1ly 4&#215;5 m Blue Dolphin"},"content":{"rendered":"<div class=\"flex max-w-full flex-col flex-grow\">\n<div class=\"min-h-8 text-message flex w-full flex-col items-end gap-2 whitespace-normal break-words [.text-message+&amp;]:mt-5\" dir=\"auto\" data-message-author-role=\"assistant\" data-message-id=\"a050a5ee-7424-44b7-bd95-10da1158a5de\" data-message-model-slug=\"gpt-4o\">\n<div class=\"flex w-full flex-col gap-1 empty:hidden first:pt-[3px]\">\n<div class=\"markdown prose w-full break-words dark:prose-invert light\">\n<p><strong>Mal\u00ed\u0159sk\u00e1 f\u00f3lie pro profesion\u00e1ly Blue Dolphin<\/strong> je vysoce kvalitn\u00ed ochrann\u00e1 f\u00f3lie navr\u017een\u00e1 speci\u00e1ln\u011b pro profesion\u00e1ly. Skv\u011ble chr\u00e1n\u00ed velk\u00e9 plochy p\u0159ed ne\u010distotami, prachem a barvou p\u0159i renovac\u00edch a mal\u00ed\u0159sk\u00fdch prac\u00edch. D\u00edky vysok\u00e9 odolnosti a snadn\u00e9 manipulaci spl\u0148uje n\u00e1ro\u010dn\u00e9 po\u017eadavky profesion\u00e1ln\u00edho vyu\u017eit\u00ed.<\/p>\n<h4>Hlavn\u00ed vlastnosti:<\/h4>\n<ul>\n<li><strong>Rozm\u011bry:<\/strong> 4 x 5 m (20 m\u00b2) \u2013 vhodn\u00e9 pro velk\u00e9 plochy.<\/li>\n<li><strong>Profesion\u00e1ln\u00ed kvalita<\/strong> \u2013 zaji\u0161\u0165uje spolehlivou ochranu a odolnost v\u016f\u010di protr\u017een\u00ed.<\/li>\n<li><strong>Rychl\u00e1 aplikace<\/strong> \u2013 ide\u00e1ln\u00ed pro rychl\u00e9 pokryt\u00ed povrch\u016f.<\/li>\n<li><strong>Univerz\u00e1ln\u00ed pou\u017eit\u00ed<\/strong> \u2013 vhodn\u00e1 pro vnit\u0159n\u00ed i venkovn\u00ed pou\u017eit\u00ed.<\/li>\n<\/ul>\n<\/div>\n<\/div>\n<\/div>\n<\/div>\n<div class=\"mb-2 flex gap-3 empty:hidden -ml-2\">\n<div class=\"items-center justify-start rounded-xl p-1 flex\">\n<div class=\"flex items-center\"><button class=\"rounded-lg text-token-text-secondary hover:bg-token-main-surface-secondary\" aria-label=\"Read aloud\" data-testid=\"voice-play-turn-action-button\"><\/button><button class=\"rounded-lg text-token-text-secondary hover:bg-token-main-surface-secondary\" aria-label=\"Kopiuj\" data-testid=\"copy-turn-action-button\"><\/button><\/p>\n<div class=\"flex\"><\/div>\n<div class=\"flex items-center pb-0\"><span class=\"overflow-hidden text-clip whitespace-nowrap text-sm\">4o<\/span><\/div>\n<\/div>\n<\/div>\n<\/div>\n","protected":false},"excerpt":{"rendered":"<p>Mal\u00ed\u0159sk\u00e1 f\u00f3lie pro profesion\u00e1ly Blue Dolphin je vysoce kvalitn\u00ed ochrann\u00e1 f\u00f3lie navr\u017een\u00e1 speci\u00e1ln\u011b pro profesion\u00e1ly. Skv\u011ble chr\u00e1n\u00ed velk\u00e9 plochy p\u0159ed<\/p>\n","protected":false},"featured_media":7541,"comment_status":"open","ping_status":"closed","template":"","meta":{"_acf_changed":false},"product_brand":[],"product_cat":[162,1159],"product_tag":[],"class_list":{"0":"post-7539","1":"product","2":"type-product","3":"status-publish","4":"has-post-thumbnail","6":"product_cat-micharna-barev-a-omitek","7":"product_cat-malirske-doplnky","8":"product_shipping_class-kurier-cs","9":"pa_producent-blue-dolphin","11":"first","12":"instock","13":"taxable","14":"shipping-taxable","15":"purchasable","16":"product-type-simple"},"acf":[],"_links":{"self":[{"href":"https:\/\/sklep.thepartners.pl\/cs\/wp-json\/wp\/v2\/product\/7539","targetHints":{"allow":["GET"]}}],"collection":[{"href":"https:\/\/sklep.thepartners.pl\/cs\/wp-json\/wp\/v2\/product"}],"about":[{"href":"https:\/\/sklep.thepartners.pl\/cs\/wp-json\/wp\/v2\/types\/product"}],"replies":[{"embeddable":true,"href":"https:\/\/sklep.thepartners.pl\/cs\/wp-json\/wp\/v2\/comments?post=7539"}],"wp:featuredmedia":[{"embeddable":true,"href":"https:\/\/sklep.thepartners.pl\/cs\/wp-json\/wp\/v2\/media\/7541"}],"wp:attachment":[{"href":"https:\/\/sklep.thepartners.pl\/cs\/wp-json\/wp\/v2\/media?parent=7539"}],"wp:term":[{"taxonomy":"product_brand","embeddable":true,"href":"https:\/\/sklep.thepartners.pl\/cs\/wp-json\/wp\/v2\/product_brand?post=7539"},{"taxonomy":"product_cat","embeddable":true,"href":"https:\/\/sklep.thepartners.pl\/cs\/wp-json\/wp\/v2\/product_cat?post=7539"},{"taxonomy":"product_tag","embeddable":true,"href":"https:\/\/sklep.thepartners.pl\/cs\/wp-json\/wp\/v2\/product_tag?post=7539"}],"curies":[{"name":"wp","href":"https:\/\/api.w.org\/{rel}","templated":true}]}}