{"id":7547,"date":"2024-10-30T15:42:20","date_gmt":"2024-10-30T14:42:20","guid":{"rendered":"https:\/\/sklep.thepartners.pl\/?post_type=product&#038;p=7547"},"modified":"2024-10-30T15:47:16","modified_gmt":"2024-10-30T14:47:16","slug":"malirska-folie-standard-4x5-m-blue-dolphin-kopia","status":"publish","type":"product","link":"https:\/\/sklep.thepartners.pl\/cs\/produkt\/malirska-folie-standard-4x5-m-blue-dolphin-kopia\/","title":{"rendered":"Mal\u00ed\u0159sk\u00e1 f\u00f3lie Standard Plus 4&#215;5 m Blue Dolphin"},"content":{"rendered":"<div class=\"flex max-w-full flex-col flex-grow\">\n<div class=\"min-h-8 text-message flex w-full flex-col items-end gap-2 whitespace-normal break-words [.text-message+&amp;]:mt-5\" dir=\"auto\" data-message-author-role=\"assistant\" data-message-id=\"a050a5ee-7424-44b7-bd95-10da1158a5de\" data-message-model-slug=\"gpt-4o\">\n<div class=\"flex w-full flex-col gap-1 empty:hidden first:pt-[3px]\">\n<div class=\"markdown prose w-full break-words dark:prose-invert light\">\n<div class=\"flex max-w-full flex-col flex-grow\">\n<div class=\"min-h-8 text-message flex w-full flex-col items-end gap-2 whitespace-normal break-words [.text-message+&amp;]:mt-5\" dir=\"auto\" data-message-author-role=\"assistant\" data-message-id=\"588912de-acab-472f-9eff-44e8592bdd3b\" data-message-model-slug=\"gpt-4o\">\n<div class=\"flex w-full flex-col gap-1 empty:hidden first:pt-[3px]\">\n<div class=\"markdown prose w-full break-words dark:prose-invert light\">\n<div class=\"flex max-w-full flex-col flex-grow\">\n<div class=\"min-h-8 text-message flex w-full flex-col items-end gap-2 whitespace-normal break-words [.text-message+&amp;]:mt-5\" dir=\"auto\" data-message-author-role=\"assistant\" data-message-id=\"588912de-acab-472f-9eff-44e8592bdd3b\" data-message-model-slug=\"gpt-4o\">\n<div class=\"flex w-full flex-col gap-1 empty:hidden first:pt-[3px]\">\n<div class=\"markdown prose w-full break-words dark:prose-invert light\">\n<p><strong>Mal\u00ed\u0159sk\u00e1 f\u00f3lie Standard Plus Blue Dolphin<\/strong> je zes\u00edlen\u00e1 ochrann\u00e1 f\u00f3lie ide\u00e1ln\u00ed pro zakryt\u00ed povrch\u016f b\u011bhem mal\u00ed\u0159sk\u00fdch a rekonstruk\u010dn\u00edch prac\u00ed. D\u00edky zv\u00fd\u0161en\u00e9 odolnosti poskytuje lep\u0161\u00ed ochranu proti zne\u010di\u0161t\u011bn\u00ed, prachu a pot\u0159\u00edsn\u011bn\u00ed barvou. Perfektn\u00ed volba jak pro profesion\u00e1ln\u00ed, tak i pro dom\u00e1c\u00ed pou\u017eit\u00ed.<\/p>\n<h4>Hlavn\u00ed vlastnosti:<\/h4>\n<ul>\n<li><strong>Rozm\u011bry:<\/strong> 4 x 5 m (20 m\u00b2) \u2013 ide\u00e1ln\u00ed pro pokryt\u00ed velk\u00fdch ploch.<\/li>\n<li><strong>Zes\u00edlen\u00e1 struktura<\/strong> \u2013 poskytuje vy\u0161\u0161\u00ed odolnost a pevnost proti roztr\u017een\u00ed.<\/li>\n<li><strong>Efektivn\u00ed ochrana<\/strong> \u2013 chr\u00e1n\u00ed podlahy, n\u00e1bytek a dal\u0161\u00ed povrchy p\u0159ed barvou a prachem.<\/li>\n<li><strong>Snadn\u00e9 pou\u017eit\u00ed<\/strong> \u2013 rychle se rozkl\u00e1d\u00e1 a umo\u017e\u0148uje snadn\u00e9 zakryt\u00ed povrchu.<\/li>\n<li><strong>Univerz\u00e1ln\u00ed pou\u017eit\u00ed<\/strong> \u2013 vhodn\u00e1 pro interi\u00e9ry.<\/li>\n<\/ul>\n<\/div>\n<\/div>\n<\/div>\n<\/div>\n<div class=\"mb-2 flex gap-3 empty:hidden -ml-2\">\n<div class=\"items-center justify-start rounded-xl p-1 flex\"><\/div>\n<\/div>\n<\/div>\n<\/div>\n<\/div>\n<\/div>\n<div class=\"mb-2 flex gap-3 empty:hidden -ml-2\">\n<div class=\"items-center justify-start rounded-xl p-1 flex\"><\/div>\n<\/div>\n<\/div>\n<\/div>\n<\/div>\n<\/div>\n","protected":false},"excerpt":{"rendered":"<p>Mal\u00ed\u0159sk\u00e1 f\u00f3lie Standard Plus Blue Dolphin je zes\u00edlen\u00e1 ochrann\u00e1 f\u00f3lie ide\u00e1ln\u00ed pro zakryt\u00ed povrch\u016f b\u011bhem mal\u00ed\u0159sk\u00fdch a rekonstruk\u010dn\u00edch prac\u00ed. D\u00edky<\/p>\n","protected":false},"featured_media":7549,"comment_status":"open","ping_status":"closed","template":"","meta":{"_acf_changed":false},"product_brand":[],"product_cat":[162,1159],"product_tag":[],"class_list":{"0":"post-7547","1":"product","2":"type-product","3":"status-publish","4":"has-post-thumbnail","6":"product_cat-micharna-barev-a-omitek","7":"product_cat-malirske-doplnky","8":"product_shipping_class-kurier-cs","9":"pa_producent-blue-dolphin","11":"first","12":"instock","13":"taxable","14":"shipping-taxable","15":"purchasable","16":"product-type-simple"},"acf":[],"_links":{"self":[{"href":"https:\/\/sklep.thepartners.pl\/cs\/wp-json\/wp\/v2\/product\/7547","targetHints":{"allow":["GET"]}}],"collection":[{"href":"https:\/\/sklep.thepartners.pl\/cs\/wp-json\/wp\/v2\/product"}],"about":[{"href":"https:\/\/sklep.thepartners.pl\/cs\/wp-json\/wp\/v2\/types\/product"}],"replies":[{"embeddable":true,"href":"https:\/\/sklep.thepartners.pl\/cs\/wp-json\/wp\/v2\/comments?post=7547"}],"wp:featuredmedia":[{"embeddable":true,"href":"https:\/\/sklep.thepartners.pl\/cs\/wp-json\/wp\/v2\/media\/7549"}],"wp:attachment":[{"href":"https:\/\/sklep.thepartners.pl\/cs\/wp-json\/wp\/v2\/media?parent=7547"}],"wp:term":[{"taxonomy":"product_brand","embeddable":true,"href":"https:\/\/sklep.thepartners.pl\/cs\/wp-json\/wp\/v2\/product_brand?post=7547"},{"taxonomy":"product_cat","embeddable":true,"href":"https:\/\/sklep.thepartners.pl\/cs\/wp-json\/wp\/v2\/product_cat?post=7547"},{"taxonomy":"product_tag","embeddable":true,"href":"https:\/\/sklep.thepartners.pl\/cs\/wp-json\/wp\/v2\/product_tag?post=7547"}],"curies":[{"name":"wp","href":"https:\/\/api.w.org\/{rel}","templated":true}]}}